{"id":4578,"date":"2023-11-13T15:16:07","date_gmt":"2023-11-13T15:16:07","guid":{"rendered":"https:\/\/www.terresdevidalba.com\/botiga\/producte\/adn-priorat\/"},"modified":"2025-11-03T12:07:26","modified_gmt":"2025-11-03T12:07:26","slug":"adn-priorat","status":"publish","type":"product","link":"https:\/\/www.terresdevidalba.com\/en\/shop\/product\/adn-priorat\/","title":{"rendered":"ADN Priorat"},"content":{"rendered":"<div class=\"page\" title=\"Page 7\">\n<div class=\"section\">\n<div class=\"layoutArea\">\n<div class=\"column\">\n<p class=\"\" data-start=\"0\" data-end=\"15\"><strong data-start=\"0\" data-end=\"15\">ADN Priorat<\/strong><\/p>\n<p class=\"\" data-start=\"17\" data-end=\"211\">Discover our Priorat full of nuances, colors, aromas, and tones. The passion and care we have for this magical wine region are reflected in a whole range of options for every taste and occasion.<\/p>\n<p class=\"\" data-start=\"213\" data-end=\"238\">The selection includes:<\/p>\n<ol data-start=\"239\" data-end=\"302\">\n<li class=\"\" data-start=\"239\" data-end=\"248\">\n<p class=\"\" data-start=\"242\" data-end=\"248\">Tocs<\/p>\n<\/li>\n<li class=\"\" data-start=\"249\" data-end=\"261\">\n<p class=\"\" data-start=\"252\" data-end=\"261\">Vidalba<\/p>\n<\/li>\n<li class=\"\" data-start=\"262\" data-end=\"279\">\n<p class=\"\" data-start=\"265\" data-end=\"279\">No t\u2019ho dir\u00e9<\/p>\n<\/li>\n<li class=\"\" data-start=\"280\" data-end=\"302\">\n<p class=\"\" data-start=\"283\" data-end=\"302\">No t\u2019ho dir\u00e9 Ros\u00e9<\/p>\n<\/li>\n<\/ol>\n<p class=\"\" data-start=\"304\" data-end=\"312\"><strong data-start=\"304\" data-end=\"312\">Tocs<\/strong><\/p>\n<p class=\"\" data-start=\"314\" data-end=\"519\">The veteran of Terres de Vidalba, the reflection of innovation and passion for rooted traditions. With a unique blend of indigenous and Mediterranean varieties, I represent the essence of this wine region.<\/p>\n<p class=\"\" data-start=\"521\" data-end=\"810\">My aging in French oak barrels for months has given me an incomparable elegance and balance, while I retain my freshness and vitality. On the palate, I am flavorful and enveloping, with a rich palette of flavors that will take you on an unforgettable sensory journey. Good taste made wine.<\/p>\n<p class=\"\" data-start=\"812\" data-end=\"846\"><a href=\"https:\/\/www.terresdevidalba.com\/en\/producto\/vi-negre-tocs\/\">Click here for more information.<\/a><\/p>\n<p class=\"\" data-start=\"848\" data-end=\"864\"><strong data-start=\"848\" data-end=\"864\">Vidalba 2016<\/strong><\/p>\n<p class=\"\" data-start=\"866\" data-end=\"1192\">The essence of Terres de Vidalba, the gateway to our unique Priorat. With a unique combination of carefully selected varieties, I represent freshness and complexity at their peak expression. My red wine character is evident in the llicorella, which gives me a unique and distinctive personality that leaves no one indifferent.<\/p>\n<p class=\"\" data-start=\"1194\" data-end=\"1483\">My aging in French oak barrels for months has given me an incomparable elegance and balance, while I retain my freshness and vitality. On the palate, I am flavorful and enveloping, with a rich palette of flavors that will take you on an unforgettable sensory journey. Good taste made wine.<\/p>\n<p class=\"\" data-start=\"1485\" data-end=\"1519\"><a href=\"https:\/\/www.terresdevidalba.com\/en\/producto\/vi-negre-vidalba\/\">Click here for more information.<\/a><\/p>\n<p class=\"\" data-start=\"1521\" data-end=\"1548\"><strong data-start=\"1521\" data-end=\"1548\">No t\u2019ho dir\u00e9 Blanc 2019<\/strong><\/p>\n<p class=\"\" data-start=\"1550\" data-end=\"1834\">What\u2019s my secret? I won\u2019t tell you\u2026 Fragrant and balanced, the white wine of Terres de Vidalba. I\u2019m the one who brings you a unique and captivating experience. Through a careful elaboration process, I\u2019ve been created to highlight the freshness and complexity of my aromas and flavors.<\/p>\n<p class=\"\" data-start=\"1836\" data-end=\"2117\">With every sip, you\u2019ll find citrus and fresh white fruit aromas that will envelop you in a refreshing experience that will delight your senses. My mineral and slightly bitter finish makes me the perfect companion for any occasion. Will you be able to resist my seductive qualities?<\/p>\n<p class=\"\" data-start=\"2119\" data-end=\"2153\"><a href=\"https:\/\/www.terresdevidalba.com\/en\/producto\/vi-blanc-no-tho-dire\/\">Click here for more information.<\/a><\/p>\n<p class=\"\" data-start=\"2155\" data-end=\"2181\"><strong data-start=\"2155\" data-end=\"2181\">No t\u2019ho dir\u00e9 Ros\u00e9 2020<\/strong><\/p>\n<p class=\"\" data-start=\"2183\" data-end=\"2476\">The soul of the party, the confidant of joyful and vibrant moments. My meticulous elaboration reveals a unique aromatic profile that unfolds seductive notes of red fruits and spring flowers that bring smiles to even the hardest hearts. What\u2019s the secret to being a ros\u00e9 wine? I won\u2019t tell you\u2026<\/p>\n<p class=\"\" data-start=\"2478\" data-end=\"2677\">Every sip is an explosion of freshness and vitality, with a touch of youthful blush and a distinctive minerality that sets me apart and makes me unmistakable. Youth made wine, celebrate life with me.<\/p>\n<p class=\"\" data-start=\"2679\" data-end=\"2713\"><a href=\"https:\/\/www.terresdevidalba.com\/en\/producto\/vi-rosat-no-tho-dire-rosat\/\">Click here for more information.<\/a><\/p>\n<\/div>\n<\/div>\n<\/div>\n<\/div>\n","protected":false},"excerpt":{"rendered":"<p><strong>ADN Priorat<\/strong><\/p>\n<p>Discover the magic of Priorat through a selection of wines that reflect the passion for this unique terroir.<\/p>\n<p><strong>Tocs<\/strong><br \/>\nThe veteran wine from Terres de Vidalba, with a unique blend of indigenous and Mediterranean varieties. Aged in French oak barrels, elegant, balanced, and fresh.<\/p>\n<p><strong>Vidalba 2016<\/strong><br \/>\nThe essence of Priorat, with a unique personality marked by llicorella. Elegant, balanced, and flavorful with a rich palette of tastes.<\/p>\n<p><strong>No t\u2019ho dir\u00e9 Blanc 2019<\/strong><br \/>\nA fragrant and balanced white wine, with citrus and fresh white fruit aromas, a mineral and slightly bitter finish.<\/p>\n<p><strong>No t\u2019ho dir\u00e9 Ros\u00e9 2020<\/strong><br \/>\nA fresh and vibrant ros\u00e9 wine, with notes of red fruits and spring flowers, highlighting its minerality and youth.<\/p>\n<p>Each wine captures a unique moment of Priorat, perfect for enjoying any occasion.<\/p>\n","protected":false},"featured_media":3462,"comment_status":"closed","ping_status":"closed","template":"","meta":{"_acf_changed":false},"product_cat":[152,147],"product_tag":[],"giftcard-category":[],"class_list":{"0":"post-4578","1":"product","2":"type-product","3":"status-publish","4":"has-post-thumbnail","6":"product_cat-lotes","7":"product_cat-wines","8":"product_shipping_class-4-6-bottles","10":"first","11":"instock","12":"taxable","13":"shipping-taxable","14":"product-type-simple"},"acf":[],"yoast_head":"<!-- This site is optimized with the Yoast SEO plugin v23.9 - https:\/\/yoast.com\/wordpress\/plugins\/seo\/ -->\n<title>ADN Priorat - Terres de Vidalba<\/title>\n<meta name=\"robots\" content=\"index, follow, max-snippet:-1, max-image-preview:large, max-video-preview:-1\" \/>\n<link rel=\"canonical\" href=\"https:\/\/www.terresdevidalba.com\/en\/shop\/product\/adn-priorat\/\" \/>\n<meta property=\"og:locale\" content=\"en_US\" \/>\n<meta property=\"og:type\" content=\"article\" \/>\n<meta property=\"og:title\" content=\"ADN Priorat - Terres de Vidalba\" \/>\n<meta property=\"og:description\" content=\"ADN Priorat  Discover the magic of Priorat through a selection of wines that reflect the passion for this unique terroir.  Tocs The veteran wine from Terres de Vidalba, with a unique blend of indigenous and Mediterranean varieties. Aged in French oak barrels, elegant, balanced, and fresh.  Vidalba 2016 The essence of Priorat, with a unique personality marked by llicorella. Elegant, balanced, and flavorful with a rich palette of tastes.  No t\u2019ho dir\u00e9 Blanc 2019 A fragrant and balanced white wine, with citrus and fresh white fruit aromas, a mineral and slightly bitter finish.  No t\u2019ho dir\u00e9 Ros\u00e9 2020 A fresh and vibrant ros\u00e9 wine, with notes of red fruits and spring flowers, highlighting its minerality and youth.  Each wine captures a unique moment of Priorat, perfect for enjoying any occasion.\" \/>\n<meta property=\"og:url\" content=\"https:\/\/www.terresdevidalba.com\/en\/shop\/product\/adn-priorat\/\" \/>\n<meta property=\"og:site_name\" content=\"Terres de Vidalba\" \/>\n<meta property=\"article:modified_time\" content=\"2025-11-03T12:07:26+00:00\" \/>\n<meta property=\"og:image\" content=\"https:\/\/www.terresdevidalba.com\/wp-content\/uploads\/2023\/11\/LOT-ADN.jpg\" \/>\n\t<meta property=\"og:image:width\" content=\"1000\" \/>\n\t<meta property=\"og:image:height\" content=\"1000\" \/>\n\t<meta property=\"og:image:type\" content=\"image\/jpeg\" \/>\n<meta name=\"twitter:card\" content=\"summary_large_image\" \/>\n<meta name=\"twitter:label1\" content=\"Est. reading time\" \/>\n\t<meta name=\"twitter:data1\" content=\"3 minutes\" \/>\n<script type=\"application\/ld+json\" class=\"yoast-schema-graph\">{\"@context\":\"https:\/\/schema.org\",\"@graph\":[{\"@type\":\"WebPage\",\"@id\":\"https:\/\/www.terresdevidalba.com\/en\/shop\/product\/adn-priorat\/\",\"url\":\"https:\/\/www.terresdevidalba.com\/en\/shop\/product\/adn-priorat\/\",\"name\":\"ADN Priorat - Terres de Vidalba\",\"isPartOf\":{\"@id\":\"https:\/\/www.terresdevidalba.com\/en\/#website\"},\"primaryImageOfPage\":{\"@id\":\"https:\/\/www.terresdevidalba.com\/en\/shop\/product\/adn-priorat\/#primaryimage\"},\"image\":{\"@id\":\"https:\/\/www.terresdevidalba.com\/en\/shop\/product\/adn-priorat\/#primaryimage\"},\"thumbnailUrl\":\"https:\/\/www.terresdevidalba.com\/wp-content\/uploads\/2023\/11\/LOT-ADN.jpg\",\"datePublished\":\"2023-11-13T15:16:07+00:00\",\"dateModified\":\"2025-11-03T12:07:26+00:00\",\"breadcrumb\":{\"@id\":\"https:\/\/www.terresdevidalba.com\/en\/shop\/product\/adn-priorat\/#breadcrumb\"},\"inLanguage\":\"en-US\",\"potentialAction\":[{\"@type\":\"ReadAction\",\"target\":[\"https:\/\/www.terresdevidalba.com\/en\/shop\/product\/adn-priorat\/\"]}]},{\"@type\":\"ImageObject\",\"inLanguage\":\"en-US\",\"@id\":\"https:\/\/www.terresdevidalba.com\/en\/shop\/product\/adn-priorat\/#primaryimage\",\"url\":\"https:\/\/www.terresdevidalba.com\/wp-content\/uploads\/2023\/11\/LOT-ADN.jpg\",\"contentUrl\":\"https:\/\/www.terresdevidalba.com\/wp-content\/uploads\/2023\/11\/LOT-ADN.jpg\",\"width\":1000,\"height\":1000},{\"@type\":\"BreadcrumbList\",\"@id\":\"https:\/\/www.terresdevidalba.com\/en\/shop\/product\/adn-priorat\/#breadcrumb\",\"itemListElement\":[{\"@type\":\"ListItem\",\"position\":1,\"name\":\"Portada\",\"item\":\"https:\/\/www.terresdevidalba.com\/en\/\"},{\"@type\":\"ListItem\",\"position\":2,\"name\":\"Products\",\"item\":\"https:\/\/www.terresdevidalba.com\/en\/shop\/\"},{\"@type\":\"ListItem\",\"position\":3,\"name\":\"ADN Priorat\"}]},{\"@type\":\"WebSite\",\"@id\":\"https:\/\/www.terresdevidalba.com\/en\/#website\",\"url\":\"https:\/\/www.terresdevidalba.com\/en\/\",\"name\":\"Terres de Vidalba\",\"description\":\"Celler familiar de Poboleda\",\"publisher\":{\"@id\":\"https:\/\/www.terresdevidalba.com\/en\/#organization\"},\"potentialAction\":[{\"@type\":\"SearchAction\",\"target\":{\"@type\":\"EntryPoint\",\"urlTemplate\":\"https:\/\/www.terresdevidalba.com\/en\/?s={search_term_string}\"},\"query-input\":{\"@type\":\"PropertyValueSpecification\",\"valueRequired\":true,\"valueName\":\"search_term_string\"}}],\"inLanguage\":\"en-US\"},{\"@type\":\"Organization\",\"@id\":\"https:\/\/www.terresdevidalba.com\/en\/#organization\",\"name\":\"Terres de Vidalba\",\"url\":\"https:\/\/www.terresdevidalba.com\/en\/\",\"logo\":{\"@type\":\"ImageObject\",\"inLanguage\":\"en-US\",\"@id\":\"https:\/\/www.terresdevidalba.com\/en\/#\/schema\/logo\/image\/\",\"url\":\"https:\/\/www.terresdevidalba.com\/wp-content\/uploads\/2023\/08\/logo-terres-DOQ-PhotoRoom.png-PhotoRoom.png\",\"contentUrl\":\"https:\/\/www.terresdevidalba.com\/wp-content\/uploads\/2023\/08\/logo-terres-DOQ-PhotoRoom.png-PhotoRoom.png\",\"width\":500,\"height\":290,\"caption\":\"Terres de Vidalba\"},\"image\":{\"@id\":\"https:\/\/www.terresdevidalba.com\/en\/#\/schema\/logo\/image\/\"}}]}<\/script>\n<!-- \/ Yoast SEO plugin. -->","yoast_head_json":{"title":"ADN Priorat - Terres de Vidalba","robots":{"index":"index","follow":"follow","max-snippet":"max-snippet:-1","max-image-preview":"max-image-preview:large","max-video-preview":"max-video-preview:-1"},"canonical":"https:\/\/www.terresdevidalba.com\/en\/shop\/product\/adn-priorat\/","og_locale":"en_US","og_type":"article","og_title":"ADN Priorat - Terres de Vidalba","og_description":"ADN Priorat  Discover the magic of Priorat through a selection of wines that reflect the passion for this unique terroir.  Tocs The veteran wine from Terres de Vidalba, with a unique blend of indigenous and Mediterranean varieties. Aged in French oak barrels, elegant, balanced, and fresh.  Vidalba 2016 The essence of Priorat, with a unique personality marked by llicorella. Elegant, balanced, and flavorful with a rich palette of tastes.  No t\u2019ho dir\u00e9 Blanc 2019 A fragrant and balanced white wine, with citrus and fresh white fruit aromas, a mineral and slightly bitter finish.  No t\u2019ho dir\u00e9 Ros\u00e9 2020 A fresh and vibrant ros\u00e9 wine, with notes of red fruits and spring flowers, highlighting its minerality and youth.  Each wine captures a unique moment of Priorat, perfect for enjoying any occasion.","og_url":"https:\/\/www.terresdevidalba.com\/en\/shop\/product\/adn-priorat\/","og_site_name":"Terres de Vidalba","article_modified_time":"2025-11-03T12:07:26+00:00","og_image":[{"width":1000,"height":1000,"url":"https:\/\/www.terresdevidalba.com\/wp-content\/uploads\/2023\/11\/LOT-ADN.jpg","type":"image\/jpeg"}],"twitter_card":"summary_large_image","twitter_misc":{"Est. reading time":"3 minutes"},"schema":{"@context":"https:\/\/schema.org","@graph":[{"@type":"WebPage","@id":"https:\/\/www.terresdevidalba.com\/en\/shop\/product\/adn-priorat\/","url":"https:\/\/www.terresdevidalba.com\/en\/shop\/product\/adn-priorat\/","name":"ADN Priorat - Terres de Vidalba","isPartOf":{"@id":"https:\/\/www.terresdevidalba.com\/en\/#website"},"primaryImageOfPage":{"@id":"https:\/\/www.terresdevidalba.com\/en\/shop\/product\/adn-priorat\/#primaryimage"},"image":{"@id":"https:\/\/www.terresdevidalba.com\/en\/shop\/product\/adn-priorat\/#primaryimage"},"thumbnailUrl":"https:\/\/www.terresdevidalba.com\/wp-content\/uploads\/2023\/11\/LOT-ADN.jpg","datePublished":"2023-11-13T15:16:07+00:00","dateModified":"2025-11-03T12:07:26+00:00","breadcrumb":{"@id":"https:\/\/www.terresdevidalba.com\/en\/shop\/product\/adn-priorat\/#breadcrumb"},"inLanguage":"en-US","potentialAction":[{"@type":"ReadAction","target":["https:\/\/www.terresdevidalba.com\/en\/shop\/product\/adn-priorat\/"]}]},{"@type":"ImageObject","inLanguage":"en-US","@id":"https:\/\/www.terresdevidalba.com\/en\/shop\/product\/adn-priorat\/#primaryimage","url":"https:\/\/www.terresdevidalba.com\/wp-content\/uploads\/2023\/11\/LOT-ADN.jpg","contentUrl":"https:\/\/www.terresdevidalba.com\/wp-content\/uploads\/2023\/11\/LOT-ADN.jpg","width":1000,"height":1000},{"@type":"BreadcrumbList","@id":"https:\/\/www.terresdevidalba.com\/en\/shop\/product\/adn-priorat\/#breadcrumb","itemListElement":[{"@type":"ListItem","position":1,"name":"Portada","item":"https:\/\/www.terresdevidalba.com\/en\/"},{"@type":"ListItem","position":2,"name":"Products","item":"https:\/\/www.terresdevidalba.com\/en\/shop\/"},{"@type":"ListItem","position":3,"name":"ADN Priorat"}]},{"@type":"WebSite","@id":"https:\/\/www.terresdevidalba.com\/en\/#website","url":"https:\/\/www.terresdevidalba.com\/en\/","name":"Terres de Vidalba","description":"Celler familiar de Poboleda","publisher":{"@id":"https:\/\/www.terresdevidalba.com\/en\/#organization"},"potentialAction":[{"@type":"SearchAction","target":{"@type":"EntryPoint","urlTemplate":"https:\/\/www.terresdevidalba.com\/en\/?s={search_term_string}"},"query-input":{"@type":"PropertyValueSpecification","valueRequired":true,"valueName":"search_term_string"}}],"inLanguage":"en-US"},{"@type":"Organization","@id":"https:\/\/www.terresdevidalba.com\/en\/#organization","name":"Terres de Vidalba","url":"https:\/\/www.terresdevidalba.com\/en\/","logo":{"@type":"ImageObject","inLanguage":"en-US","@id":"https:\/\/www.terresdevidalba.com\/en\/#\/schema\/logo\/image\/","url":"https:\/\/www.terresdevidalba.com\/wp-content\/uploads\/2023\/08\/logo-terres-DOQ-PhotoRoom.png-PhotoRoom.png","contentUrl":"https:\/\/www.terresdevidalba.com\/wp-content\/uploads\/2023\/08\/logo-terres-DOQ-PhotoRoom.png-PhotoRoom.png","width":500,"height":290,"caption":"Terres de Vidalba"},"image":{"@id":"https:\/\/www.terresdevidalba.com\/en\/#\/schema\/logo\/image\/"}}]}},"_links":{"self":[{"href":"https:\/\/www.terresdevidalba.com\/en\/wp-json\/wp\/v2\/product\/4578","targetHints":{"allow":["GET"]}}],"collection":[{"href":"https:\/\/www.terresdevidalba.com\/en\/wp-json\/wp\/v2\/product"}],"about":[{"href":"https:\/\/www.terresdevidalba.com\/en\/wp-json\/wp\/v2\/types\/product"}],"replies":[{"embeddable":true,"href":"https:\/\/www.terresdevidalba.com\/en\/wp-json\/wp\/v2\/comments?post=4578"}],"version-history":[{"count":6,"href":"https:\/\/www.terresdevidalba.com\/en\/wp-json\/wp\/v2\/product\/4578\/revisions"}],"predecessor-version":[{"id":5875,"href":"https:\/\/www.terresdevidalba.com\/en\/wp-json\/wp\/v2\/product\/4578\/revisions\/5875"}],"wp:featuredmedia":[{"embeddable":true,"href":"https:\/\/www.terresdevidalba.com\/en\/wp-json\/wp\/v2\/media\/3462"}],"wp:attachment":[{"href":"https:\/\/www.terresdevidalba.com\/en\/wp-json\/wp\/v2\/media?parent=4578"}],"wp:term":[{"taxonomy":"product_cat","embeddable":true,"href":"https:\/\/www.terresdevidalba.com\/en\/wp-json\/wp\/v2\/product_cat?post=4578"},{"taxonomy":"product_tag","embeddable":true,"href":"https:\/\/www.terresdevidalba.com\/en\/wp-json\/wp\/v2\/product_tag?post=4578"},{"taxonomy":"giftcard-category","embeddable":true,"href":"https:\/\/www.terresdevidalba.com\/en\/wp-json\/wp\/v2\/giftcard-category?post=4578"}],"curies":[{"name":"wp","href":"https:\/\/api.w.org\/{rel}","templated":true}]}}