{"id":5966,"date":"2025-12-09T12:04:44","date_gmt":"2025-12-09T12:04:44","guid":{"rendered":"https:\/\/www.terresdevidalba.com\/?post_type=product&#038;p=5966"},"modified":"2025-12-09T12:04:44","modified_gmt":"2025-12-09T12:04:44","slug":"lot-blanc-negre","status":"publish","type":"product","link":"https:\/\/www.terresdevidalba.com\/en\/botiga\/producte\/lot-blanc-negre\/","title":{"rendered":"Lot Blanc i Negre"},"content":{"rendered":"<div class=\"page\" title=\"Page 7\">\n<div class=\"section\">\n<div class=\"layoutArea\">\n<div class=\"column\">\n<div class=\"column\">\n<blockquote>\n<h3>El lot Blanc i Negre cont\u00e9:<\/h3>\n<ul>\n<li>2 ampolles de vi negre Vidalba 2016<\/li>\n<li>2 ampolles de vi blanc No t&#8217;ho dir\u00e9 2019<\/li>\n<li>1 melmelada TOCS de regal<\/li>\n<\/ul>\n<\/blockquote>\n<\/div>\n<h4>Vidalba 2016<\/h4>\n<div class=\"column\">\n<p>L\u2019ess\u00e8ncia de Terres de Vidalba, la porta d\u2019entrada al nostre Priorat particular. Amb una combinaci\u00f3 \u00fanica de varietats curosament seleccionades, represento la frescor i la complexitat en la seva m\u00e0xima expressi\u00f3. El meu car\u00e0cter de vi negre s\u2019evidencia en la llicorella que em dota d\u2019una personalitat \u00fanica i distintiva que no deixa a ning\u00fa indiferent.<span style=\"font-weight: 400;\">La meva crian\u00e7a en barrica de roure franc\u00e8s durant mesos m&#8217;ha conferit una eleg\u00e0ncia i equilibri incomparables, mentre conservo la meva frescor i vitalitat. En boca, soc sabor\u00f3s i envolupant, amb una rica paleta de sabors que et portaran en un viatge sensorial inoblidable. El bon gust fet en vi.<\/span><\/p>\n<p>Consulta m\u00e9s informaci\u00f3 <a href=\"https:\/\/www.terresdevidalba.com\/producto\/vi-negre-vidalba\/\">aqu\u00ed<\/a>.<\/p>\n<h4>No t&#8217;ho dir\u00e9 blanc 2019<\/h4>\n<p>El meu secret? No t\u2019ho dir\u00e9\u2026 Fragant i equilibrat, el vi blanc de Terres de Vidalba. L\u2019encarregat de fer gaudir d\u2019una experi\u00e8ncia \u00fanica i captivadora. Amb un cur\u00f3s proc\u00e9s d\u2019elaboraci\u00f3, he estat concebut per a ressaltar la frescor i la complexitat dels meus aromes i sabors.<\/p>\n<p><span style=\"font-weight: 400;\">En cada glop trobar\u00e0s aromes c\u00edtrics i de fruites blanques fresques que t\u2019embolicaran en una experi\u00e8ncia refrescant que delitar\u00e0 els teus sentits. El meu final mineral i lleugerament amarg m\u2019aconsegueix convertir-me en l\u2019acompanyant perfecte per cada ocasi\u00f3. Podr\u00e0s resistir-te als meus dots seductors?<\/span><\/p>\n<p>Consulta m\u00e9s informaci\u00f3 <a href=\"https:\/\/www.terresdevidalba.com\/producto\/vi-blanc-no-tho-dire\/\">aqu\u00ed<\/a>.<\/p>\n<\/div>\n<\/div>\n<div class=\"elementor-element elementor-element-14837874 elementor-widget elementor-widget-woocommerce-product-title elementor-page-title elementor-widget-heading\" data-id=\"14837874\" data-element_type=\"widget\" data-widget_type=\"woocommerce-product-title.default\">\n<div class=\"elementor-widget-container\">\n<h4 class=\"product_title entry-title elementor-heading-title elementor-size-default\">Melmelada TOCS<\/h4>\n<\/div>\n<\/div>\n<div class=\"elementor-element elementor-element-5731b46 elementor-widget elementor-widget-woocommerce-product-short-description\" data-id=\"5731b46\" data-element_type=\"widget\" data-widget_type=\"woocommerce-product-short-description.default\">\n<div class=\"elementor-widget-container\">\n<div class=\"woocommerce-product-details__short-description\">\n<p>La nostra passi\u00f3 per aquest territori vitivin\u00edcola ens impulsa a explorar nous horitzons: transformar la nostra pe\u00e7a de refer\u00e8ncia en innovadores textures i formats. La melmelada TOCS \u00e9s ideal per acompanyar formatges selectes, foie, amanides suculents, carns a la brasa o simplement gaudir-la d\u2019un bon pa artesanal. Descobreix la sofisticaci\u00f3 en cada mos. Els pots son de 150g.<\/p>\n<p>Consulta m\u00e9s informaci\u00f3 <a href=\"https:\/\/www.terresdevidalba.com\/botiga\/producte\/melmelada-tocs\/\"><strong>aqu\u00ed<\/strong><\/a>.<\/p>\n<\/div>\n<\/div>\n<\/div>\n<\/div>\n<\/div>\n<\/div>\n","protected":false},"excerpt":{"rendered":"<p><span style=\"font-weight: 400;\">Deixa\u2019t emportar per la versatilitat i l&#8217;eleg\u00e0ncia dels nostres essencials enol\u00f2gics. Seducci\u00f3, expressi\u00f3 i frescor en un duet incomparable que no pot faltar en en el teu rebost. Infinitat de possibilitats per combinar i maridar amb els teus \u00e0pats preferits.<\/span><\/p>\n<p>&nbsp;<\/p>\n<p>&nbsp;<\/p>\n","protected":false},"featured_media":5968,"comment_status":"closed","ping_status":"closed","template":"","meta":{"_acf_changed":false},"product_cat":[34,27],"product_tag":[],"giftcard-category":[],"class_list":{"0":"post-5966","1":"product","2":"type-product","3":"status-publish","4":"has-post-thumbnail","6":"product_cat-lots","7":"product_cat-vins","8":"product_shipping_class-4-6-ampolles","10":"first","11":"instock","12":"taxable","13":"shipping-taxable","14":"purchasable","15":"product-type-simple"},"acf":[],"yoast_head":"<!-- This site is optimized with the Yoast SEO plugin v23.9 - https:\/\/yoast.com\/wordpress\/plugins\/seo\/ -->\n<title>Lot Blanc i Negre - Terres de Vidalba<\/title>\n<meta name=\"description\" content=\"Descobreix el nostre duet enol\u00f2gic: els must de Terres de Vidalba. Seducci\u00f3, expressi\u00f3 i frescor. El duet que no pot faltar en el teu rebost!\" \/>\n<meta name=\"robots\" content=\"index, follow, max-snippet:-1, max-image-preview:large, max-video-preview:-1\" \/>\n<link rel=\"canonical\" href=\"https:\/\/www.terresdevidalba.com\/en\/botiga\/producte\/lot-blanc-negre\/\" \/>\n<meta property=\"og:locale\" content=\"en_US\" \/>\n<meta property=\"og:type\" content=\"article\" \/>\n<meta property=\"og:title\" content=\"Lot Blanc i Negre - Terres de Vidalba\" \/>\n<meta property=\"og:description\" content=\"Descobreix el nostre duet enol\u00f2gic: els must de Terres de Vidalba. Seducci\u00f3, expressi\u00f3 i frescor. El duet que no pot faltar en el teu rebost!\" \/>\n<meta property=\"og:url\" content=\"https:\/\/www.terresdevidalba.com\/en\/botiga\/producte\/lot-blanc-negre\/\" \/>\n<meta property=\"og:site_name\" content=\"Terres de Vidalba\" \/>\n<meta property=\"og:image\" content=\"https:\/\/www.terresdevidalba.com\/wp-content\/uploads\/2025\/12\/blanc-i-negre.jpg\" \/>\n\t<meta property=\"og:image:width\" content=\"1500\" \/>\n\t<meta property=\"og:image:height\" content=\"1500\" \/>\n\t<meta property=\"og:image:type\" content=\"image\/jpeg\" \/>\n<meta name=\"twitter:card\" content=\"summary_large_image\" \/>\n<meta name=\"twitter:label1\" content=\"Est. reading time\" \/>\n\t<meta name=\"twitter:data1\" content=\"2 minutes\" \/>\n<script type=\"application\/ld+json\" class=\"yoast-schema-graph\">{\"@context\":\"https:\/\/schema.org\",\"@graph\":[{\"@type\":\"WebPage\",\"@id\":\"https:\/\/www.terresdevidalba.com\/en\/botiga\/producte\/lot-blanc-negre\/\",\"url\":\"https:\/\/www.terresdevidalba.com\/en\/botiga\/producte\/lot-blanc-negre\/\",\"name\":\"Lot Blanc i Negre - Terres de Vidalba\",\"isPartOf\":{\"@id\":\"https:\/\/www.terresdevidalba.com\/en\/#website\"},\"primaryImageOfPage\":{\"@id\":\"https:\/\/www.terresdevidalba.com\/en\/botiga\/producte\/lot-blanc-negre\/#primaryimage\"},\"image\":{\"@id\":\"https:\/\/www.terresdevidalba.com\/en\/botiga\/producte\/lot-blanc-negre\/#primaryimage\"},\"thumbnailUrl\":\"https:\/\/www.terresdevidalba.com\/wp-content\/uploads\/2025\/12\/blanc-i-negre.jpg\",\"datePublished\":\"2025-12-09T12:04:44+00:00\",\"dateModified\":\"2025-12-09T12:04:44+00:00\",\"description\":\"Descobreix el nostre duet enol\u00f2gic: els must de Terres de Vidalba. Seducci\u00f3, expressi\u00f3 i frescor. El duet que no pot faltar en el teu rebost!\",\"breadcrumb\":{\"@id\":\"https:\/\/www.terresdevidalba.com\/en\/botiga\/producte\/lot-blanc-negre\/#breadcrumb\"},\"inLanguage\":\"en-US\",\"potentialAction\":[{\"@type\":\"ReadAction\",\"target\":[\"https:\/\/www.terresdevidalba.com\/en\/botiga\/producte\/lot-blanc-negre\/\"]}]},{\"@type\":\"ImageObject\",\"inLanguage\":\"en-US\",\"@id\":\"https:\/\/www.terresdevidalba.com\/en\/botiga\/producte\/lot-blanc-negre\/#primaryimage\",\"url\":\"https:\/\/www.terresdevidalba.com\/wp-content\/uploads\/2025\/12\/blanc-i-negre.jpg\",\"contentUrl\":\"https:\/\/www.terresdevidalba.com\/wp-content\/uploads\/2025\/12\/blanc-i-negre.jpg\",\"width\":1500,\"height\":1500},{\"@type\":\"BreadcrumbList\",\"@id\":\"https:\/\/www.terresdevidalba.com\/en\/botiga\/producte\/lot-blanc-negre\/#breadcrumb\",\"itemListElement\":[{\"@type\":\"ListItem\",\"position\":1,\"name\":\"Portada\",\"item\":\"https:\/\/www.terresdevidalba.com\/en\/\"},{\"@type\":\"ListItem\",\"position\":2,\"name\":\"Products\",\"item\":\"https:\/\/www.terresdevidalba.com\/en\/shop\/\"},{\"@type\":\"ListItem\",\"position\":3,\"name\":\"Lot Blanc i Negre\"}]},{\"@type\":\"WebSite\",\"@id\":\"https:\/\/www.terresdevidalba.com\/en\/#website\",\"url\":\"https:\/\/www.terresdevidalba.com\/en\/\",\"name\":\"Terres de Vidalba\",\"description\":\"Celler familiar de Poboleda\",\"publisher\":{\"@id\":\"https:\/\/www.terresdevidalba.com\/en\/#organization\"},\"potentialAction\":[{\"@type\":\"SearchAction\",\"target\":{\"@type\":\"EntryPoint\",\"urlTemplate\":\"https:\/\/www.terresdevidalba.com\/en\/?s={search_term_string}\"},\"query-input\":{\"@type\":\"PropertyValueSpecification\",\"valueRequired\":true,\"valueName\":\"search_term_string\"}}],\"inLanguage\":\"en-US\"},{\"@type\":\"Organization\",\"@id\":\"https:\/\/www.terresdevidalba.com\/en\/#organization\",\"name\":\"Terres de Vidalba\",\"url\":\"https:\/\/www.terresdevidalba.com\/en\/\",\"logo\":{\"@type\":\"ImageObject\",\"inLanguage\":\"en-US\",\"@id\":\"https:\/\/www.terresdevidalba.com\/en\/#\/schema\/logo\/image\/\",\"url\":\"https:\/\/www.terresdevidalba.com\/wp-content\/uploads\/2023\/08\/logo-terres-DOQ-PhotoRoom.png-PhotoRoom.png\",\"contentUrl\":\"https:\/\/www.terresdevidalba.com\/wp-content\/uploads\/2023\/08\/logo-terres-DOQ-PhotoRoom.png-PhotoRoom.png\",\"width\":500,\"height\":290,\"caption\":\"Terres de Vidalba\"},\"image\":{\"@id\":\"https:\/\/www.terresdevidalba.com\/en\/#\/schema\/logo\/image\/\"}}]}<\/script>\n<!-- \/ Yoast SEO plugin. -->","yoast_head_json":{"title":"Lot Blanc i Negre - Terres de Vidalba","description":"Descobreix el nostre duet enol\u00f2gic: els must de Terres de Vidalba. Seducci\u00f3, expressi\u00f3 i frescor. El duet que no pot faltar en el teu rebost!","robots":{"index":"index","follow":"follow","max-snippet":"max-snippet:-1","max-image-preview":"max-image-preview:large","max-video-preview":"max-video-preview:-1"},"canonical":"https:\/\/www.terresdevidalba.com\/en\/botiga\/producte\/lot-blanc-negre\/","og_locale":"en_US","og_type":"article","og_title":"Lot Blanc i Negre - Terres de Vidalba","og_description":"Descobreix el nostre duet enol\u00f2gic: els must de Terres de Vidalba. Seducci\u00f3, expressi\u00f3 i frescor. El duet que no pot faltar en el teu rebost!","og_url":"https:\/\/www.terresdevidalba.com\/en\/botiga\/producte\/lot-blanc-negre\/","og_site_name":"Terres de Vidalba","og_image":[{"width":1500,"height":1500,"url":"https:\/\/www.terresdevidalba.com\/wp-content\/uploads\/2025\/12\/blanc-i-negre.jpg","type":"image\/jpeg"}],"twitter_card":"summary_large_image","twitter_misc":{"Est. reading time":"2 minutes"},"schema":{"@context":"https:\/\/schema.org","@graph":[{"@type":"WebPage","@id":"https:\/\/www.terresdevidalba.com\/en\/botiga\/producte\/lot-blanc-negre\/","url":"https:\/\/www.terresdevidalba.com\/en\/botiga\/producte\/lot-blanc-negre\/","name":"Lot Blanc i Negre - Terres de Vidalba","isPartOf":{"@id":"https:\/\/www.terresdevidalba.com\/en\/#website"},"primaryImageOfPage":{"@id":"https:\/\/www.terresdevidalba.com\/en\/botiga\/producte\/lot-blanc-negre\/#primaryimage"},"image":{"@id":"https:\/\/www.terresdevidalba.com\/en\/botiga\/producte\/lot-blanc-negre\/#primaryimage"},"thumbnailUrl":"https:\/\/www.terresdevidalba.com\/wp-content\/uploads\/2025\/12\/blanc-i-negre.jpg","datePublished":"2025-12-09T12:04:44+00:00","dateModified":"2025-12-09T12:04:44+00:00","description":"Descobreix el nostre duet enol\u00f2gic: els must de Terres de Vidalba. Seducci\u00f3, expressi\u00f3 i frescor. El duet que no pot faltar en el teu rebost!","breadcrumb":{"@id":"https:\/\/www.terresdevidalba.com\/en\/botiga\/producte\/lot-blanc-negre\/#breadcrumb"},"inLanguage":"en-US","potentialAction":[{"@type":"ReadAction","target":["https:\/\/www.terresdevidalba.com\/en\/botiga\/producte\/lot-blanc-negre\/"]}]},{"@type":"ImageObject","inLanguage":"en-US","@id":"https:\/\/www.terresdevidalba.com\/en\/botiga\/producte\/lot-blanc-negre\/#primaryimage","url":"https:\/\/www.terresdevidalba.com\/wp-content\/uploads\/2025\/12\/blanc-i-negre.jpg","contentUrl":"https:\/\/www.terresdevidalba.com\/wp-content\/uploads\/2025\/12\/blanc-i-negre.jpg","width":1500,"height":1500},{"@type":"BreadcrumbList","@id":"https:\/\/www.terresdevidalba.com\/en\/botiga\/producte\/lot-blanc-negre\/#breadcrumb","itemListElement":[{"@type":"ListItem","position":1,"name":"Portada","item":"https:\/\/www.terresdevidalba.com\/en\/"},{"@type":"ListItem","position":2,"name":"Products","item":"https:\/\/www.terresdevidalba.com\/en\/shop\/"},{"@type":"ListItem","position":3,"name":"Lot Blanc i Negre"}]},{"@type":"WebSite","@id":"https:\/\/www.terresdevidalba.com\/en\/#website","url":"https:\/\/www.terresdevidalba.com\/en\/","name":"Terres de Vidalba","description":"Celler familiar de Poboleda","publisher":{"@id":"https:\/\/www.terresdevidalba.com\/en\/#organization"},"potentialAction":[{"@type":"SearchAction","target":{"@type":"EntryPoint","urlTemplate":"https:\/\/www.terresdevidalba.com\/en\/?s={search_term_string}"},"query-input":{"@type":"PropertyValueSpecification","valueRequired":true,"valueName":"search_term_string"}}],"inLanguage":"en-US"},{"@type":"Organization","@id":"https:\/\/www.terresdevidalba.com\/en\/#organization","name":"Terres de Vidalba","url":"https:\/\/www.terresdevidalba.com\/en\/","logo":{"@type":"ImageObject","inLanguage":"en-US","@id":"https:\/\/www.terresdevidalba.com\/en\/#\/schema\/logo\/image\/","url":"https:\/\/www.terresdevidalba.com\/wp-content\/uploads\/2023\/08\/logo-terres-DOQ-PhotoRoom.png-PhotoRoom.png","contentUrl":"https:\/\/www.terresdevidalba.com\/wp-content\/uploads\/2023\/08\/logo-terres-DOQ-PhotoRoom.png-PhotoRoom.png","width":500,"height":290,"caption":"Terres de Vidalba"},"image":{"@id":"https:\/\/www.terresdevidalba.com\/en\/#\/schema\/logo\/image\/"}}]}},"_links":{"self":[{"href":"https:\/\/www.terresdevidalba.com\/en\/wp-json\/wp\/v2\/product\/5966","targetHints":{"allow":["GET"]}}],"collection":[{"href":"https:\/\/www.terresdevidalba.com\/en\/wp-json\/wp\/v2\/product"}],"about":[{"href":"https:\/\/www.terresdevidalba.com\/en\/wp-json\/wp\/v2\/types\/product"}],"replies":[{"embeddable":true,"href":"https:\/\/www.terresdevidalba.com\/en\/wp-json\/wp\/v2\/comments?post=5966"}],"version-history":[{"count":1,"href":"https:\/\/www.terresdevidalba.com\/en\/wp-json\/wp\/v2\/product\/5966\/revisions"}],"predecessor-version":[{"id":5971,"href":"https:\/\/www.terresdevidalba.com\/en\/wp-json\/wp\/v2\/product\/5966\/revisions\/5971"}],"wp:featuredmedia":[{"embeddable":true,"href":"https:\/\/www.terresdevidalba.com\/en\/wp-json\/wp\/v2\/media\/5968"}],"wp:attachment":[{"href":"https:\/\/www.terresdevidalba.com\/en\/wp-json\/wp\/v2\/media?parent=5966"}],"wp:term":[{"taxonomy":"product_cat","embeddable":true,"href":"https:\/\/www.terresdevidalba.com\/en\/wp-json\/wp\/v2\/product_cat?post=5966"},{"taxonomy":"product_tag","embeddable":true,"href":"https:\/\/www.terresdevidalba.com\/en\/wp-json\/wp\/v2\/product_tag?post=5966"},{"taxonomy":"giftcard-category","embeddable":true,"href":"https:\/\/www.terresdevidalba.com\/en\/wp-json\/wp\/v2\/giftcard-category?post=5966"}],"curies":[{"name":"wp","href":"https:\/\/api.w.org\/{rel}","templated":true}]}}