{"id":3959,"date":"2024-01-19T07:57:47","date_gmt":"2024-01-19T07:57:47","guid":{"rendered":"https:\/\/www.terresdevidalba.com\/?post_type=product&#038;p=3959"},"modified":"2024-11-07T11:54:30","modified_gmt":"2024-11-07T11:54:30","slug":"trekkingwine-una-experiencia-de-enoturismo-unica","status":"publish","type":"product","link":"https:\/\/www.terresdevidalba.com\/es\/tienda\/producto\/trekkingwine-una-experiencia-de-enoturismo-unica\/","title":{"rendered":"Trekkingwine: Experiencia de Enoturismo \u00danica"},"content":{"rendered":"<p>Trekkingwine: actividad enotur\u00edstica que consiste en un paseo por los vi\u00f1edos y cata en el mirador de 4 vinos + aperitivo.<\/p>\n","protected":false},"excerpt":{"rendered":"<p><span style=\"font-family: Times New Roman, serif;\"><span style=\"font-size: medium;\">Descubre la magia del enoturismo con nuestra actividad exclusiva de Trekkingwine, que combina lo mejor del senderismo y la degustaci\u00f3n de vinos en un entorno impresionante. Esta experiencia inolvidable te llevar\u00e1 a caminar entre los vi\u00f1edos de Terres de Vidalba, situados en el coraz\u00f3n del Priorat, donde podr\u00e1s disfrutar de una jornada llena de sabores, aromas y paisajes espectaculares.<\/span><\/span><\/p>\n<h3 class=\"western\"><span style=\"color: #943235;\"><span style=\"font-family: Arial, serif;\"><span lang=\"es-ES\">\u00bfQu\u00e9 Incluye la Experiencia?<\/span><\/span><\/span><\/h3>\n<ul>\n<li><strong><span style=\"color: #943235;\"><span style=\"font-family: Arial, serif;\"><span lang=\"es-ES\">Caminata Guiada por los Vi\u00f1edos<\/span><\/span><\/span><\/strong><span style=\"color: #3b3939;\"><span style=\"font-family: Segoe UI, serif;\"><span lang=\"es-ES\">: Comienza tu aventura con una caminata por nuestros vi\u00f1edos, donde nosotros mismos te revelaremos los secretos de nuestro terru\u00f1o particular. Aprender\u00e1s sobre las variedades de uva que cultivamos, las t\u00e9cnicas de cultivo sostenibles que utilizamos, y c\u00f3mo influyen en la calidad de nuestros vinos DOQ Priorat.<\/span><\/span><\/span><\/li>\n<li><strong><span style=\"color: #943235;\"><span style=\"font-family: Arial, serif;\"><span lang=\"es-ES\">Visita al Mirador<\/span><\/span><\/span><\/strong><span style=\"color: #3b3939;\"><span style=\"font-family: Segoe UI, serif;\"><span lang=\"es-ES\">: Llega al punto m\u00e1s alto de la finca donde encontrar\u00e1s el mirador, un lugar privilegiado desde el cual podr\u00e1s admirar la riqueza del paisaje del Priorat. Disfruta de unas vistas panor\u00e1micas espectaculares que te har\u00e1n sentir la conexi\u00f3n con la tierra y la naturaleza que nos rodea.<\/span><\/span><\/span><\/li>\n<li><strong><span style=\"color: #943235;\"><span style=\"font-family: Arial, serif;\"><span lang=\"es-ES\">Cata de Vinos y Aperitivo<\/span><\/span><\/span><\/strong><span style=\"color: #3b3939;\"><span style=\"font-family: Segoe UI, serif;\"><span lang=\"es-ES\">: En el mirador, te invitamos a catar todos nuestros vinos, acompa\u00f1ados de un aperitivo bien catal\u00e1n, un buen pan con tomate. Descubre la historia y elaboraci\u00f3n de cada vino mientras los degustas y aprecias sus sutilezas y matices.<\/span><\/span><\/span><\/li>\n<\/ul>\n<h3>Aspectos Pr\u00e1cticos<\/h3>\n<h3><img decoding=\"async\" class=\"alignleft wp-image-2823\" src=\"https:\/\/www.terresdevidalba.com\/wp-content\/uploads\/2024\/04\/desnivell.png\" alt=\"Caminata con bastante desnivel.\" width=\"30\" height=\"30\" \/><\/h3>\n<p><span style=\"font-family: Times New Roman, serif;\"><strong><span style=\"color: #943235;\"><span style=\"font-family: Arial, serif;\"><span lang=\"es-ES\">Caminata con Desnivel<\/span><\/span><\/span><\/strong><span style=\"color: #3b3939;\"><span style=\"font-family: Segoe UI, serif;\"><span lang=\"es-ES\">: La caminata tiene cierto desnivel, pero est\u00e1 pensada para cualquier persona que quiera disfrutar de esta experiencia. La ruta est\u00e1 dise\u00f1ada para ofrecerte una inmersi\u00f3n completa en nuestro paisaje vitivin\u00edcola.<\/span><\/span><\/span><\/span><\/p>\n<p><strong><img decoding=\"async\" class=\"alignleft wp-image-2825\" src=\"https:\/\/www.terresdevidalba.com\/wp-content\/uploads\/2024\/04\/calcat.png\" alt=\"Es necesario llevar calzado adecuado.\" width=\"30\" height=\"30\" \/><\/strong><\/p>\n<p><span style=\"font-family: Times New Roman, serif;\"><strong><span style=\"color: #943235;\"><span style=\"font-family: Arial, serif;\"><span lang=\"es-ES\">Calzado Adecuado<\/span><\/span><\/span><\/strong><span style=\"color: #3b3939;\"><span style=\"font-family: Segoe UI, serif;\"><span lang=\"es-ES\">: Es esencial llevar calzado adecuado para caminar por terrenos irregulares. Unas buenas zapatillas de monta\u00f1a o deportivas ser\u00e1n ideales para garantizar tu comodidad y seguridad durante la caminata. Tambi\u00e9n aconsejamos llevar protecci\u00f3n solar para la piel y\/o un sombrero para protegerte del sol, especialmente en temporada de altas temperaturas.<\/span><\/span><\/span><\/span><\/p>\n<p><strong><img decoding=\"async\" class=\"wp-image-2824 alignleft\" src=\"https:\/\/www.terresdevidalba.com\/wp-content\/uploads\/2024\/04\/accessos.png\" alt=\"Consulta los accesos para personas con movilidad reducida.\" width=\"30\" height=\"30\" \/><\/strong><\/p>\n<p><span style=\"font-family: Times New Roman, serif;\"><strong><span style=\"color: #943235;\"><span style=\"font-family: Arial, serif;\"><span lang=\"es-ES\">Accesibilidad<\/span><\/span><\/span><\/strong><span style=\"color: #3b3939;\"><span style=\"font-family: Segoe UI, serif;\"><span lang=\"es-ES\">: Si tienes movilidad reducida, solo tienes que comunic\u00e1rnoslo. Nos esforzamos por ofrecer una experiencia inclusiva y podemos adaptar ciertos aspectos de la visita para satisfacer tus necesidades. Es necesario avisarnos con antelaci\u00f3n para poder adaptarnos.<\/span><\/span><\/span><\/span><\/p>\n","protected":false},"featured_media":3627,"comment_status":"closed","ping_status":"closed","template":"","meta":{"_acf_changed":false},"product_cat":[102],"product_tag":[],"giftcard-category":[],"class_list":{"0":"post-3959","1":"product","2":"type-product","3":"status-publish","4":"has-post-thumbnail","6":"product_cat-visitas","8":"first","9":"instock","10":"taxable","11":"shipping-taxable","12":"purchasable","13":"product-type-simple"},"acf":[],"yoast_head":"<!-- This site is optimized with the Yoast SEO plugin v23.9 - https:\/\/yoast.com\/wordpress\/plugins\/seo\/ -->\n<title>Trekkingwine: Experiencia de Enoturismo \u00danica - Terres de Vidalba<\/title>\n<meta name=\"robots\" content=\"index, follow, max-snippet:-1, max-image-preview:large, max-video-preview:-1\" \/>\n<link rel=\"canonical\" href=\"https:\/\/www.terresdevidalba.com\/es\/tienda\/producto\/trekkingwine-una-experiencia-de-enoturismo-unica\/\" \/>\n<meta property=\"og:locale\" content=\"es_ES\" \/>\n<meta property=\"og:type\" content=\"article\" \/>\n<meta property=\"og:title\" content=\"Trekkingwine: Experiencia de Enoturismo \u00danica - Terres de Vidalba\" \/>\n<meta property=\"og:description\" content=\"Descubre la magia del enoturismo con nuestra actividad exclusiva de Trekkingwine, que combina lo mejor del senderismo y la degustaci\u00f3n de vinos en un entorno impresionante. Esta experiencia inolvidable te llevar\u00e1 a caminar entre los vi\u00f1edos de Terres de Vidalba, situados en el coraz\u00f3n del Priorat, donde podr\u00e1s disfrutar de una jornada llena de sabores, aromas y paisajes espectaculares. \u00bfQu\u00e9 Incluye la Experiencia?   Caminata Guiada por los Vi\u00f1edos: Comienza tu aventura con una caminata por nuestros vi\u00f1edos, donde nosotros mismos te revelaremos los secretos de nuestro terru\u00f1o particular. Aprender\u00e1s sobre las variedades de uva que cultivamos, las t\u00e9cnicas de cultivo sostenibles que utilizamos, y c\u00f3mo influyen en la calidad de nuestros vinos DOQ Priorat.  Visita al Mirador: Llega al punto m\u00e1s alto de la finca donde encontrar\u00e1s el mirador, un lugar privilegiado desde el cual podr\u00e1s admirar la riqueza del paisaje del Priorat. Disfruta de unas vistas panor\u00e1micas espectaculares que te har\u00e1n sentir la conexi\u00f3n con la tierra y la naturaleza que nos rodea.  Cata de Vinos y Aperitivo: En el mirador, te invitamos a catar todos nuestros vinos, acompa\u00f1ados de un aperitivo bien catal\u00e1n, un buen pan con tomate. Descubre la historia y elaboraci\u00f3n de cada vino mientras los degustas y aprecias sus sutilezas y matices.  Aspectos Pr\u00e1cticos  Caminata con Desnivel: La caminata tiene cierto desnivel, pero est\u00e1 pensada para cualquier persona que quiera disfrutar de esta experiencia. La ruta est\u00e1 dise\u00f1ada para ofrecerte una inmersi\u00f3n completa en nuestro paisaje vitivin\u00edcola.    Calzado Adecuado: Es esencial llevar calzado adecuado para caminar por terrenos irregulares. Unas buenas zapatillas de monta\u00f1a o deportivas ser\u00e1n ideales para garantizar tu comodidad y seguridad durante la caminata. Tambi\u00e9n aconsejamos llevar protecci\u00f3n solar para la piel y\/o un sombrero para protegerte del sol, especialmente en temporada de altas temperaturas.    Accesibilidad: Si tienes movilidad reducida, solo tienes que comunic\u00e1rnoslo. Nos esforzamos por ofrecer una experiencia inclusiva y podemos adaptar ciertos aspectos de la visita para satisfacer tus necesidades. Es necesario avisarnos con antelaci\u00f3n para poder adaptarnos.\" \/>\n<meta property=\"og:url\" content=\"https:\/\/www.terresdevidalba.com\/es\/tienda\/producto\/trekkingwine-una-experiencia-de-enoturismo-unica\/\" \/>\n<meta property=\"og:site_name\" content=\"Terres de Vidalba\" \/>\n<meta property=\"article:modified_time\" content=\"2024-11-07T11:54:30+00:00\" \/>\n<meta property=\"og:image\" content=\"https:\/\/www.terresdevidalba.com\/wp-content\/uploads\/2024\/01\/portada_trekkingwine.jpg\" \/>\n\t<meta property=\"og:image:width\" content=\"1024\" \/>\n\t<meta property=\"og:image:height\" content=\"768\" \/>\n\t<meta property=\"og:image:type\" content=\"image\/jpeg\" \/>\n<meta name=\"twitter:card\" content=\"summary_large_image\" \/>\n<meta name=\"twitter:label1\" content=\"Tiempo de lectura\" \/>\n\t<meta name=\"twitter:data1\" content=\"1 minuto\" \/>\n<script type=\"application\/ld+json\" class=\"yoast-schema-graph\">{\"@context\":\"https:\/\/schema.org\",\"@graph\":[{\"@type\":\"WebPage\",\"@id\":\"https:\/\/www.terresdevidalba.com\/es\/tienda\/producto\/trekkingwine-una-experiencia-de-enoturismo-unica\/\",\"url\":\"https:\/\/www.terresdevidalba.com\/es\/tienda\/producto\/trekkingwine-una-experiencia-de-enoturismo-unica\/\",\"name\":\"Trekkingwine: Experiencia de Enoturismo \u00danica - Terres de Vidalba\",\"isPartOf\":{\"@id\":\"https:\/\/www.terresdevidalba.com\/es\/#website\"},\"primaryImageOfPage\":{\"@id\":\"https:\/\/www.terresdevidalba.com\/es\/tienda\/producto\/trekkingwine-una-experiencia-de-enoturismo-unica\/#primaryimage\"},\"image\":{\"@id\":\"https:\/\/www.terresdevidalba.com\/es\/tienda\/producto\/trekkingwine-una-experiencia-de-enoturismo-unica\/#primaryimage\"},\"thumbnailUrl\":\"https:\/\/www.terresdevidalba.com\/wp-content\/uploads\/2024\/01\/portada_trekkingwine.jpg\",\"datePublished\":\"2024-01-19T07:57:47+00:00\",\"dateModified\":\"2024-11-07T11:54:30+00:00\",\"breadcrumb\":{\"@id\":\"https:\/\/www.terresdevidalba.com\/es\/tienda\/producto\/trekkingwine-una-experiencia-de-enoturismo-unica\/#breadcrumb\"},\"inLanguage\":\"es\",\"potentialAction\":[{\"@type\":\"ReadAction\",\"target\":[\"https:\/\/www.terresdevidalba.com\/es\/tienda\/producto\/trekkingwine-una-experiencia-de-enoturismo-unica\/\"]}]},{\"@type\":\"ImageObject\",\"inLanguage\":\"es\",\"@id\":\"https:\/\/www.terresdevidalba.com\/es\/tienda\/producto\/trekkingwine-una-experiencia-de-enoturismo-unica\/#primaryimage\",\"url\":\"https:\/\/www.terresdevidalba.com\/wp-content\/uploads\/2024\/01\/portada_trekkingwine.jpg\",\"contentUrl\":\"https:\/\/www.terresdevidalba.com\/wp-content\/uploads\/2024\/01\/portada_trekkingwine.jpg\",\"width\":1024,\"height\":768,\"caption\":\"Grupo de personas desde el mirador de Tierras de Vidalba disfrutando de la actividad de enoturisme Cata entre vi\u00f1as\"},{\"@type\":\"BreadcrumbList\",\"@id\":\"https:\/\/www.terresdevidalba.com\/es\/tienda\/producto\/trekkingwine-una-experiencia-de-enoturismo-unica\/#breadcrumb\",\"itemListElement\":[{\"@type\":\"ListItem\",\"position\":1,\"name\":\"Portada\",\"item\":\"https:\/\/www.terresdevidalba.com\/es\/\"},{\"@type\":\"ListItem\",\"position\":2,\"name\":\"Productos\",\"item\":\"https:\/\/www.terresdevidalba.com\/es\/shop\/\"},{\"@type\":\"ListItem\",\"position\":3,\"name\":\"Trekkingwine: Experiencia de Enoturismo \u00danica\"}]},{\"@type\":\"WebSite\",\"@id\":\"https:\/\/www.terresdevidalba.com\/es\/#website\",\"url\":\"https:\/\/www.terresdevidalba.com\/es\/\",\"name\":\"Terres de Vidalba\",\"description\":\"Celler familiar de Poboleda\",\"publisher\":{\"@id\":\"https:\/\/www.terresdevidalba.com\/es\/#organization\"},\"potentialAction\":[{\"@type\":\"SearchAction\",\"target\":{\"@type\":\"EntryPoint\",\"urlTemplate\":\"https:\/\/www.terresdevidalba.com\/es\/?s={search_term_string}\"},\"query-input\":{\"@type\":\"PropertyValueSpecification\",\"valueRequired\":true,\"valueName\":\"search_term_string\"}}],\"inLanguage\":\"es\"},{\"@type\":\"Organization\",\"@id\":\"https:\/\/www.terresdevidalba.com\/es\/#organization\",\"name\":\"Terres de Vidalba\",\"url\":\"https:\/\/www.terresdevidalba.com\/es\/\",\"logo\":{\"@type\":\"ImageObject\",\"inLanguage\":\"es\",\"@id\":\"https:\/\/www.terresdevidalba.com\/es\/#\/schema\/logo\/image\/\",\"url\":\"https:\/\/www.terresdevidalba.com\/wp-content\/uploads\/2023\/08\/logo-terres-DOQ-PhotoRoom.png-PhotoRoom.png\",\"contentUrl\":\"https:\/\/www.terresdevidalba.com\/wp-content\/uploads\/2023\/08\/logo-terres-DOQ-PhotoRoom.png-PhotoRoom.png\",\"width\":500,\"height\":290,\"caption\":\"Terres de Vidalba\"},\"image\":{\"@id\":\"https:\/\/www.terresdevidalba.com\/es\/#\/schema\/logo\/image\/\"}}]}<\/script>\n<!-- \/ Yoast SEO plugin. -->","yoast_head_json":{"title":"Trekkingwine: Experiencia de Enoturismo \u00danica - Terres de Vidalba","robots":{"index":"index","follow":"follow","max-snippet":"max-snippet:-1","max-image-preview":"max-image-preview:large","max-video-preview":"max-video-preview:-1"},"canonical":"https:\/\/www.terresdevidalba.com\/es\/tienda\/producto\/trekkingwine-una-experiencia-de-enoturismo-unica\/","og_locale":"es_ES","og_type":"article","og_title":"Trekkingwine: Experiencia de Enoturismo \u00danica - Terres de Vidalba","og_description":"Descubre la magia del enoturismo con nuestra actividad exclusiva de Trekkingwine, que combina lo mejor del senderismo y la degustaci\u00f3n de vinos en un entorno impresionante. Esta experiencia inolvidable te llevar\u00e1 a caminar entre los vi\u00f1edos de Terres de Vidalba, situados en el coraz\u00f3n del Priorat, donde podr\u00e1s disfrutar de una jornada llena de sabores, aromas y paisajes espectaculares. \u00bfQu\u00e9 Incluye la Experiencia?   Caminata Guiada por los Vi\u00f1edos: Comienza tu aventura con una caminata por nuestros vi\u00f1edos, donde nosotros mismos te revelaremos los secretos de nuestro terru\u00f1o particular. Aprender\u00e1s sobre las variedades de uva que cultivamos, las t\u00e9cnicas de cultivo sostenibles que utilizamos, y c\u00f3mo influyen en la calidad de nuestros vinos DOQ Priorat.  Visita al Mirador: Llega al punto m\u00e1s alto de la finca donde encontrar\u00e1s el mirador, un lugar privilegiado desde el cual podr\u00e1s admirar la riqueza del paisaje del Priorat. Disfruta de unas vistas panor\u00e1micas espectaculares que te har\u00e1n sentir la conexi\u00f3n con la tierra y la naturaleza que nos rodea.  Cata de Vinos y Aperitivo: En el mirador, te invitamos a catar todos nuestros vinos, acompa\u00f1ados de un aperitivo bien catal\u00e1n, un buen pan con tomate. Descubre la historia y elaboraci\u00f3n de cada vino mientras los degustas y aprecias sus sutilezas y matices.  Aspectos Pr\u00e1cticos  Caminata con Desnivel: La caminata tiene cierto desnivel, pero est\u00e1 pensada para cualquier persona que quiera disfrutar de esta experiencia. La ruta est\u00e1 dise\u00f1ada para ofrecerte una inmersi\u00f3n completa en nuestro paisaje vitivin\u00edcola.    Calzado Adecuado: Es esencial llevar calzado adecuado para caminar por terrenos irregulares. Unas buenas zapatillas de monta\u00f1a o deportivas ser\u00e1n ideales para garantizar tu comodidad y seguridad durante la caminata. Tambi\u00e9n aconsejamos llevar protecci\u00f3n solar para la piel y\/o un sombrero para protegerte del sol, especialmente en temporada de altas temperaturas.    Accesibilidad: Si tienes movilidad reducida, solo tienes que comunic\u00e1rnoslo. Nos esforzamos por ofrecer una experiencia inclusiva y podemos adaptar ciertos aspectos de la visita para satisfacer tus necesidades. Es necesario avisarnos con antelaci\u00f3n para poder adaptarnos.","og_url":"https:\/\/www.terresdevidalba.com\/es\/tienda\/producto\/trekkingwine-una-experiencia-de-enoturismo-unica\/","og_site_name":"Terres de Vidalba","article_modified_time":"2024-11-07T11:54:30+00:00","og_image":[{"width":1024,"height":768,"url":"https:\/\/www.terresdevidalba.com\/wp-content\/uploads\/2024\/01\/portada_trekkingwine.jpg","type":"image\/jpeg"}],"twitter_card":"summary_large_image","twitter_misc":{"Tiempo de lectura":"1 minuto"},"schema":{"@context":"https:\/\/schema.org","@graph":[{"@type":"WebPage","@id":"https:\/\/www.terresdevidalba.com\/es\/tienda\/producto\/trekkingwine-una-experiencia-de-enoturismo-unica\/","url":"https:\/\/www.terresdevidalba.com\/es\/tienda\/producto\/trekkingwine-una-experiencia-de-enoturismo-unica\/","name":"Trekkingwine: Experiencia de Enoturismo \u00danica - Terres de Vidalba","isPartOf":{"@id":"https:\/\/www.terresdevidalba.com\/es\/#website"},"primaryImageOfPage":{"@id":"https:\/\/www.terresdevidalba.com\/es\/tienda\/producto\/trekkingwine-una-experiencia-de-enoturismo-unica\/#primaryimage"},"image":{"@id":"https:\/\/www.terresdevidalba.com\/es\/tienda\/producto\/trekkingwine-una-experiencia-de-enoturismo-unica\/#primaryimage"},"thumbnailUrl":"https:\/\/www.terresdevidalba.com\/wp-content\/uploads\/2024\/01\/portada_trekkingwine.jpg","datePublished":"2024-01-19T07:57:47+00:00","dateModified":"2024-11-07T11:54:30+00:00","breadcrumb":{"@id":"https:\/\/www.terresdevidalba.com\/es\/tienda\/producto\/trekkingwine-una-experiencia-de-enoturismo-unica\/#breadcrumb"},"inLanguage":"es","potentialAction":[{"@type":"ReadAction","target":["https:\/\/www.terresdevidalba.com\/es\/tienda\/producto\/trekkingwine-una-experiencia-de-enoturismo-unica\/"]}]},{"@type":"ImageObject","inLanguage":"es","@id":"https:\/\/www.terresdevidalba.com\/es\/tienda\/producto\/trekkingwine-una-experiencia-de-enoturismo-unica\/#primaryimage","url":"https:\/\/www.terresdevidalba.com\/wp-content\/uploads\/2024\/01\/portada_trekkingwine.jpg","contentUrl":"https:\/\/www.terresdevidalba.com\/wp-content\/uploads\/2024\/01\/portada_trekkingwine.jpg","width":1024,"height":768,"caption":"Grupo de personas desde el mirador de Tierras de Vidalba disfrutando de la actividad de enoturisme Cata entre vi\u00f1as"},{"@type":"BreadcrumbList","@id":"https:\/\/www.terresdevidalba.com\/es\/tienda\/producto\/trekkingwine-una-experiencia-de-enoturismo-unica\/#breadcrumb","itemListElement":[{"@type":"ListItem","position":1,"name":"Portada","item":"https:\/\/www.terresdevidalba.com\/es\/"},{"@type":"ListItem","position":2,"name":"Productos","item":"https:\/\/www.terresdevidalba.com\/es\/shop\/"},{"@type":"ListItem","position":3,"name":"Trekkingwine: Experiencia de Enoturismo \u00danica"}]},{"@type":"WebSite","@id":"https:\/\/www.terresdevidalba.com\/es\/#website","url":"https:\/\/www.terresdevidalba.com\/es\/","name":"Terres de Vidalba","description":"Celler familiar de Poboleda","publisher":{"@id":"https:\/\/www.terresdevidalba.com\/es\/#organization"},"potentialAction":[{"@type":"SearchAction","target":{"@type":"EntryPoint","urlTemplate":"https:\/\/www.terresdevidalba.com\/es\/?s={search_term_string}"},"query-input":{"@type":"PropertyValueSpecification","valueRequired":true,"valueName":"search_term_string"}}],"inLanguage":"es"},{"@type":"Organization","@id":"https:\/\/www.terresdevidalba.com\/es\/#organization","name":"Terres de Vidalba","url":"https:\/\/www.terresdevidalba.com\/es\/","logo":{"@type":"ImageObject","inLanguage":"es","@id":"https:\/\/www.terresdevidalba.com\/es\/#\/schema\/logo\/image\/","url":"https:\/\/www.terresdevidalba.com\/wp-content\/uploads\/2023\/08\/logo-terres-DOQ-PhotoRoom.png-PhotoRoom.png","contentUrl":"https:\/\/www.terresdevidalba.com\/wp-content\/uploads\/2023\/08\/logo-terres-DOQ-PhotoRoom.png-PhotoRoom.png","width":500,"height":290,"caption":"Terres de Vidalba"},"image":{"@id":"https:\/\/www.terresdevidalba.com\/es\/#\/schema\/logo\/image\/"}}]}},"_links":{"self":[{"href":"https:\/\/www.terresdevidalba.com\/es\/wp-json\/wp\/v2\/product\/3959","targetHints":{"allow":["GET"]}}],"collection":[{"href":"https:\/\/www.terresdevidalba.com\/es\/wp-json\/wp\/v2\/product"}],"about":[{"href":"https:\/\/www.terresdevidalba.com\/es\/wp-json\/wp\/v2\/types\/product"}],"replies":[{"embeddable":true,"href":"https:\/\/www.terresdevidalba.com\/es\/wp-json\/wp\/v2\/comments?post=3959"}],"version-history":[{"count":6,"href":"https:\/\/www.terresdevidalba.com\/es\/wp-json\/wp\/v2\/product\/3959\/revisions"}],"predecessor-version":[{"id":3964,"href":"https:\/\/www.terresdevidalba.com\/es\/wp-json\/wp\/v2\/product\/3959\/revisions\/3964"}],"wp:featuredmedia":[{"embeddable":true,"href":"https:\/\/www.terresdevidalba.com\/es\/wp-json\/wp\/v2\/media\/3627"}],"wp:attachment":[{"href":"https:\/\/www.terresdevidalba.com\/es\/wp-json\/wp\/v2\/media?parent=3959"}],"wp:term":[{"taxonomy":"product_cat","embeddable":true,"href":"https:\/\/www.terresdevidalba.com\/es\/wp-json\/wp\/v2\/product_cat?post=3959"},{"taxonomy":"product_tag","embeddable":true,"href":"https:\/\/www.terresdevidalba.com\/es\/wp-json\/wp\/v2\/product_tag?post=3959"},{"taxonomy":"giftcard-category","embeddable":true,"href":"https:\/\/www.terresdevidalba.com\/es\/wp-json\/wp\/v2\/giftcard-category?post=3959"}],"curies":[{"name":"wp","href":"https:\/\/api.w.org\/{rel}","templated":true}]}}