{"id":4037,"date":"2024-01-19T15:52:44","date_gmt":"2024-01-19T15:52:44","guid":{"rendered":"https:\/\/www.terresdevidalba.com\/?post_type=product&#038;p=4037"},"modified":"2024-11-08T08:51:02","modified_gmt":"2024-11-08T08:51:02","slug":"cata-entre-vinedos-enoturismo","status":"publish","type":"product","link":"https:\/\/www.terresdevidalba.com\/es\/tienda\/producto\/cata-entre-vinedos-enoturismo\/","title":{"rendered":"Cata entre vi\u00f1edos Enoturismo"},"content":{"rendered":"<p><span style=\"font-weight: 400;\">Cata entre vi\u00f1edos: actividad enotur\u00edstica con degustaci\u00f3n de 3 vinos en la finca.<\/span><\/p>\n","protected":false},"excerpt":{"rendered":"<p style=\"text-align: left;\" align=\"justify\">Cata entre vi\u00f1edos y una experiencia de enoturismo exclusiva: \u00bfQu\u00e9 mejor que descubrir los vinos DOQ Priorat desde el lugar donde todo comienza? Disfruta de la selecci\u00f3n de tres de nuestros vinos distintivos, rod\u00e9ate de la belleza natural de esta m\u00e1gica regi\u00f3n vitivin\u00edcola conocida como el Priorat y conoce nuestra historia. Una inmersi\u00f3n sensorial que te transportar\u00e1 al coraz\u00f3n de Terres de Vidalba.<\/p>\n<h3 class=\"western\"><span style=\"color: #943235;\"><span style=\"font-family: Arial, serif;\"><span lang=\"es-ES\">\u00bfQu\u00e9 Incluye la Experiencia?<\/span><\/span><\/span><\/h3>\n<ul>\n<li><strong><span style=\"color: #943235;\"><span style=\"font-family: Arial, serif;\"><span lang=\"es-ES\">Experiencia en Nuestros Vi\u00f1edos<\/span><\/span><\/span><\/strong><span style=\"color: #3b3939;\"><span style=\"font-family: Segoe UI, serif;\"><span lang=\"es-ES\">: Aprender\u00e1s sobre las variedades de uva que cultivamos, las t\u00e9cnicas de cultivo sostenible que utilizamos, y c\u00f3mo estas influyen en la calidad de nuestros vinos DOQ Priorat.<\/span><\/span><\/span><\/li>\n<li><strong><span style=\"color: #943235;\"><span style=\"font-family: Arial, serif;\"><span lang=\"es-ES\">Cata de Vinos y Aperitivo<\/span><\/span><\/span><\/strong><span style=\"color: #3b3939;\"><span style=\"font-family: Segoe UI, serif;\"><span lang=\"es-ES\">: Te invitamos a degustar tres de nuestros vinos. Descubre la historia y elaboraci\u00f3n de cada vino mientras los saboreas y notas sus sutilezas y matices.<\/span><\/span><\/span><\/li>\n<\/ul>\n<h3><\/h3>\n<h3 class=\"western\"><span style=\"color: #943235;\"><span style=\"font-family: Arial, serif;\"><span lang=\"es-ES\">Aspectos Pr\u00e1cticos<\/span><\/span><\/span><\/h3>\n<p><span style=\"font-family: Times New Roman, serif;\"><strong><span style=\"color: #943235;\"><span style=\"font-family: Arial, serif;\"><span lang=\"es-ES\"><img decoding=\"async\" class=\"alignnone wp-image-2823\" src=\"https:\/\/www.terresdevidalba.com\/wp-content\/uploads\/2024\/04\/desnivell.png\" alt=\"\" width=\"27\" height=\"27\" \/>\u00a0 Nuestro Terreno<\/span><\/span><\/span><\/strong><span style=\"color: #3b3939;\"><span style=\"font-family: Segoe UI, serif;\"><span lang=\"es-ES\">: Estamos en una zona monta\u00f1osa y puede presentar algunas dificultades para caminar, pero est\u00e1 dise\u00f1ada para cualquiera que quiera disfrutar de esta experiencia. La experiencia est\u00e1 pensada para ofrecer una inmersi\u00f3n completa en nuestro paisaje vitivin\u00edcola.<\/span><\/span><\/span><\/span><\/p>\n<p><span style=\"font-family: Times New Roman, serif;\"><strong><span style=\"color: #943235;\"><span style=\"font-family: Arial, serif;\"><span lang=\"es-ES\"><img decoding=\"async\" class=\"alignnone wp-image-2825\" src=\"https:\/\/www.terresdevidalba.com\/wp-content\/uploads\/2024\/04\/calcat.png\" alt=\"Necesario llevar calzado adecuado.\" width=\"27\" height=\"27\" \/><\/span><\/span><\/span><\/strong><\/span><span style=\"font-family: Times New Roman, serif;\"><strong><span style=\"color: #943235;\"><span style=\"font-family: Arial, serif;\"><span lang=\"es-ES\"> Calzado Adecuado<\/span><\/span><\/span><\/strong><span style=\"color: #3b3939;\"><span style=\"font-family: Segoe UI, serif;\"><span lang=\"es-ES\">: Es esencial llevar calzado adecuado para caminar por terrenos irregulares. Unos buenos zapatos de monta\u00f1a o deportivos ser\u00e1n ideales para garantizar tu comodidad y seguridad durante la caminata. Tambi\u00e9n aconsejamos llevar protecci\u00f3n solar para la piel y\/o un sombrero para protegernos del sol, sobre todo en temporada de altas temperaturas.<\/span><\/span><\/span><\/span><\/p>\n<p><img decoding=\"async\" class=\"alignnone wp-image-2824\" src=\"https:\/\/www.terresdevidalba.com\/wp-content\/uploads\/2024\/04\/accessos.png\" alt=\"Consulta los accesos para personas con movilidad reducida.\" width=\"27\" height=\"27\" \/><span style=\"font-family: Times New Roman, serif;\"><strong><span style=\"color: #943235;\"><span style=\"font-family: Arial, serif;\"><span lang=\"es-ES\"> Accesibilidad<\/span><\/span><\/span><\/strong><span style=\"color: #3b3939;\"><span style=\"font-family: Segoe UI, serif;\"><span lang=\"es-ES\">: Si tienes movilidad reducida, solo necesitas comunic\u00e1rnoslo. Nos esforzamos por ofrecer una experiencia inclusiva y podemos adaptar ciertos aspectos de la visita para satisfacer tus necesidades. Es necesario avisarnos con antelaci\u00f3n para poder adaptarnos.<\/span><\/span><\/span><\/span><\/p>\n","protected":false},"featured_media":3601,"comment_status":"closed","ping_status":"closed","template":"","meta":{"_acf_changed":false},"product_brand":[],"product_cat":[102],"product_tag":[],"giftcard-category":[],"class_list":{"0":"post-4037","1":"product","2":"type-product","3":"status-publish","4":"has-post-thumbnail","6":"product_cat-visitas","8":"first","9":"instock","10":"taxable","11":"shipping-taxable","12":"purchasable","13":"product-type-variable"},"acf":[],"yoast_head":"<!-- This site is optimized with the Yoast SEO plugin v27.5 - https:\/\/yoast.com\/product\/yoast-seo-wordpress\/ -->\n<title>Cata entre vi\u00f1edos Enoturismo - Terres de Vidalba<\/title>\n<meta name=\"robots\" content=\"index, follow, max-snippet:-1, max-image-preview:large, max-video-preview:-1\" \/>\n<link rel=\"canonical\" href=\"https:\/\/www.terresdevidalba.com\/es\/tienda\/producto\/cata-entre-vinedos-enoturismo\/\" \/>\n<meta property=\"og:locale\" content=\"es_ES\" \/>\n<meta property=\"og:type\" content=\"article\" \/>\n<meta property=\"og:title\" content=\"Cata entre vi\u00f1edos Enoturismo - Terres de Vidalba\" \/>\n<meta property=\"og:description\" content=\"Cata entre vi\u00f1edos y una experiencia de enoturismo exclusiva: \u00bfQu\u00e9 mejor que descubrir los vinos DOQ Priorat desde el lugar donde todo comienza? Disfruta de la selecci\u00f3n de tres de nuestros vinos distintivos, rod\u00e9ate de la belleza natural de esta m\u00e1gica regi\u00f3n vitivin\u00edcola conocida como el Priorat y conoce nuestra historia. Una inmersi\u00f3n sensorial que te transportar\u00e1 al coraz\u00f3n de Terres de Vidalba.  \u00bfQu\u00e9 Incluye la Experiencia?   Experiencia en Nuestros Vi\u00f1edos: Aprender\u00e1s sobre las variedades de uva que cultivamos, las t\u00e9cnicas de cultivo sostenible que utilizamos, y c\u00f3mo estas influyen en la calidad de nuestros vinos DOQ Priorat.  Cata de Vinos y Aperitivo: Te invitamos a degustar tres de nuestros vinos. Descubre la historia y elaboraci\u00f3n de cada vino mientras los saboreas y notas sus sutilezas y matices.   Aspectos Pr\u00e1cticos \u00a0 Nuestro Terreno: Estamos en una zona monta\u00f1osa y puede presentar algunas dificultades para caminar, pero est\u00e1 dise\u00f1ada para cualquiera que quiera disfrutar de esta experiencia. La experiencia est\u00e1 pensada para ofrecer una inmersi\u00f3n completa en nuestro paisaje vitivin\u00edcola.   Calzado Adecuado: Es esencial llevar calzado adecuado para caminar por terrenos irregulares. Unos buenos zapatos de monta\u00f1a o deportivos ser\u00e1n ideales para garantizar tu comodidad y seguridad durante la caminata. Tambi\u00e9n aconsejamos llevar protecci\u00f3n solar para la piel y\/o un sombrero para protegernos del sol, sobre todo en temporada de altas temperaturas.   Accesibilidad: Si tienes movilidad reducida, solo necesitas comunic\u00e1rnoslo. Nos esforzamos por ofrecer una experiencia inclusiva y podemos adaptar ciertos aspectos de la visita para satisfacer tus necesidades. Es necesario avisarnos con antelaci\u00f3n para poder adaptarnos.\" \/>\n<meta property=\"og:url\" content=\"https:\/\/www.terresdevidalba.com\/es\/tienda\/producto\/cata-entre-vinedos-enoturismo\/\" \/>\n<meta property=\"og:site_name\" content=\"Terres de Vidalba\" \/>\n<meta property=\"article:modified_time\" content=\"2024-11-08T08:51:02+00:00\" \/>\n<meta property=\"og:image\" content=\"https:\/\/www.terresdevidalba.com\/wp-content\/uploads\/2024\/01\/image00010.jpeg\" \/>\n\t<meta property=\"og:image:width\" content=\"1024\" \/>\n\t<meta property=\"og:image:height\" content=\"768\" \/>\n\t<meta property=\"og:image:type\" content=\"image\/jpeg\" \/>\n<meta name=\"twitter:card\" content=\"summary_large_image\" \/>\n<meta name=\"twitter:label1\" content=\"Tiempo de lectura\" \/>\n\t<meta name=\"twitter:data1\" content=\"1 minuto\" \/>\n<script type=\"application\/ld+json\" class=\"yoast-schema-graph\">{\"@context\":\"https:\\\/\\\/schema.org\",\"@graph\":[{\"@type\":\"WebPage\",\"@id\":\"https:\\\/\\\/www.terresdevidalba.com\\\/es\\\/tienda\\\/producto\\\/cata-entre-vinedos-enoturismo\\\/\",\"url\":\"https:\\\/\\\/www.terresdevidalba.com\\\/es\\\/tienda\\\/producto\\\/cata-entre-vinedos-enoturismo\\\/\",\"name\":\"Cata entre vi\u00f1edos Enoturismo - Terres de Vidalba\",\"isPartOf\":{\"@id\":\"https:\\\/\\\/www.terresdevidalba.com\\\/es\\\/#website\"},\"primaryImageOfPage\":{\"@id\":\"https:\\\/\\\/www.terresdevidalba.com\\\/es\\\/tienda\\\/producto\\\/cata-entre-vinedos-enoturismo\\\/#primaryimage\"},\"image\":{\"@id\":\"https:\\\/\\\/www.terresdevidalba.com\\\/es\\\/tienda\\\/producto\\\/cata-entre-vinedos-enoturismo\\\/#primaryimage\"},\"thumbnailUrl\":\"https:\\\/\\\/www.terresdevidalba.com\\\/wp-content\\\/uploads\\\/2024\\\/01\\\/image00010.jpeg\",\"datePublished\":\"2024-01-19T15:52:44+00:00\",\"dateModified\":\"2024-11-08T08:51:02+00:00\",\"breadcrumb\":{\"@id\":\"https:\\\/\\\/www.terresdevidalba.com\\\/es\\\/tienda\\\/producto\\\/cata-entre-vinedos-enoturismo\\\/#breadcrumb\"},\"inLanguage\":\"es\",\"potentialAction\":[{\"@type\":\"ReadAction\",\"target\":[\"https:\\\/\\\/www.terresdevidalba.com\\\/es\\\/tienda\\\/producto\\\/cata-entre-vinedos-enoturismo\\\/\"]}]},{\"@type\":\"ImageObject\",\"inLanguage\":\"es\",\"@id\":\"https:\\\/\\\/www.terresdevidalba.com\\\/es\\\/tienda\\\/producto\\\/cata-entre-vinedos-enoturismo\\\/#primaryimage\",\"url\":\"https:\\\/\\\/www.terresdevidalba.com\\\/wp-content\\\/uploads\\\/2024\\\/01\\\/image00010.jpeg\",\"contentUrl\":\"https:\\\/\\\/www.terresdevidalba.com\\\/wp-content\\\/uploads\\\/2024\\\/01\\\/image00010.jpeg\",\"width\":1024,\"height\":768},{\"@type\":\"BreadcrumbList\",\"@id\":\"https:\\\/\\\/www.terresdevidalba.com\\\/es\\\/tienda\\\/producto\\\/cata-entre-vinedos-enoturismo\\\/#breadcrumb\",\"itemListElement\":[{\"@type\":\"ListItem\",\"position\":1,\"name\":\"Portada\",\"item\":\"https:\\\/\\\/www.terresdevidalba.com\\\/es\\\/\"},{\"@type\":\"ListItem\",\"position\":2,\"name\":\"Productos\",\"item\":\"https:\\\/\\\/www.terresdevidalba.com\\\/es\\\/shop\\\/\"},{\"@type\":\"ListItem\",\"position\":3,\"name\":\"Cata entre vi\u00f1edos Enoturismo\"}]},{\"@type\":\"WebSite\",\"@id\":\"https:\\\/\\\/www.terresdevidalba.com\\\/es\\\/#website\",\"url\":\"https:\\\/\\\/www.terresdevidalba.com\\\/es\\\/\",\"name\":\"Terres de Vidalba\",\"description\":\"Celler familiar de Poboleda\",\"publisher\":{\"@id\":\"https:\\\/\\\/www.terresdevidalba.com\\\/es\\\/#organization\"},\"potentialAction\":[{\"@type\":\"SearchAction\",\"target\":{\"@type\":\"EntryPoint\",\"urlTemplate\":\"https:\\\/\\\/www.terresdevidalba.com\\\/es\\\/?s={search_term_string}\"},\"query-input\":{\"@type\":\"PropertyValueSpecification\",\"valueRequired\":true,\"valueName\":\"search_term_string\"}}],\"inLanguage\":\"es\"},{\"@type\":\"Organization\",\"@id\":\"https:\\\/\\\/www.terresdevidalba.com\\\/es\\\/#organization\",\"name\":\"Terres de Vidalba\",\"url\":\"https:\\\/\\\/www.terresdevidalba.com\\\/es\\\/\",\"logo\":{\"@type\":\"ImageObject\",\"inLanguage\":\"es\",\"@id\":\"https:\\\/\\\/www.terresdevidalba.com\\\/es\\\/#\\\/schema\\\/logo\\\/image\\\/\",\"url\":\"https:\\\/\\\/www.terresdevidalba.com\\\/wp-content\\\/uploads\\\/2023\\\/08\\\/logo-terres-DOQ-PhotoRoom.png-PhotoRoom.png\",\"contentUrl\":\"https:\\\/\\\/www.terresdevidalba.com\\\/wp-content\\\/uploads\\\/2023\\\/08\\\/logo-terres-DOQ-PhotoRoom.png-PhotoRoom.png\",\"width\":500,\"height\":290,\"caption\":\"Terres de Vidalba\"},\"image\":{\"@id\":\"https:\\\/\\\/www.terresdevidalba.com\\\/es\\\/#\\\/schema\\\/logo\\\/image\\\/\"}}]}<\/script>\n<!-- \/ Yoast SEO plugin. -->","yoast_head_json":{"title":"Cata entre vi\u00f1edos Enoturismo - Terres de Vidalba","robots":{"index":"index","follow":"follow","max-snippet":"max-snippet:-1","max-image-preview":"max-image-preview:large","max-video-preview":"max-video-preview:-1"},"canonical":"https:\/\/www.terresdevidalba.com\/es\/tienda\/producto\/cata-entre-vinedos-enoturismo\/","og_locale":"es_ES","og_type":"article","og_title":"Cata entre vi\u00f1edos Enoturismo - Terres de Vidalba","og_description":"Cata entre vi\u00f1edos y una experiencia de enoturismo exclusiva: \u00bfQu\u00e9 mejor que descubrir los vinos DOQ Priorat desde el lugar donde todo comienza? Disfruta de la selecci\u00f3n de tres de nuestros vinos distintivos, rod\u00e9ate de la belleza natural de esta m\u00e1gica regi\u00f3n vitivin\u00edcola conocida como el Priorat y conoce nuestra historia. Una inmersi\u00f3n sensorial que te transportar\u00e1 al coraz\u00f3n de Terres de Vidalba.  \u00bfQu\u00e9 Incluye la Experiencia?   Experiencia en Nuestros Vi\u00f1edos: Aprender\u00e1s sobre las variedades de uva que cultivamos, las t\u00e9cnicas de cultivo sostenible que utilizamos, y c\u00f3mo estas influyen en la calidad de nuestros vinos DOQ Priorat.  Cata de Vinos y Aperitivo: Te invitamos a degustar tres de nuestros vinos. Descubre la historia y elaboraci\u00f3n de cada vino mientras los saboreas y notas sus sutilezas y matices.   Aspectos Pr\u00e1cticos \u00a0 Nuestro Terreno: Estamos en una zona monta\u00f1osa y puede presentar algunas dificultades para caminar, pero est\u00e1 dise\u00f1ada para cualquiera que quiera disfrutar de esta experiencia. La experiencia est\u00e1 pensada para ofrecer una inmersi\u00f3n completa en nuestro paisaje vitivin\u00edcola.   Calzado Adecuado: Es esencial llevar calzado adecuado para caminar por terrenos irregulares. Unos buenos zapatos de monta\u00f1a o deportivos ser\u00e1n ideales para garantizar tu comodidad y seguridad durante la caminata. Tambi\u00e9n aconsejamos llevar protecci\u00f3n solar para la piel y\/o un sombrero para protegernos del sol, sobre todo en temporada de altas temperaturas.   Accesibilidad: Si tienes movilidad reducida, solo necesitas comunic\u00e1rnoslo. Nos esforzamos por ofrecer una experiencia inclusiva y podemos adaptar ciertos aspectos de la visita para satisfacer tus necesidades. Es necesario avisarnos con antelaci\u00f3n para poder adaptarnos.","og_url":"https:\/\/www.terresdevidalba.com\/es\/tienda\/producto\/cata-entre-vinedos-enoturismo\/","og_site_name":"Terres de Vidalba","article_modified_time":"2024-11-08T08:51:02+00:00","og_image":[{"width":1024,"height":768,"url":"https:\/\/www.terresdevidalba.com\/wp-content\/uploads\/2024\/01\/image00010.jpeg","type":"image\/jpeg"}],"twitter_card":"summary_large_image","twitter_misc":{"Tiempo de lectura":"1 minuto"},"schema":{"@context":"https:\/\/schema.org","@graph":[{"@type":"WebPage","@id":"https:\/\/www.terresdevidalba.com\/es\/tienda\/producto\/cata-entre-vinedos-enoturismo\/","url":"https:\/\/www.terresdevidalba.com\/es\/tienda\/producto\/cata-entre-vinedos-enoturismo\/","name":"Cata entre vi\u00f1edos Enoturismo - Terres de Vidalba","isPartOf":{"@id":"https:\/\/www.terresdevidalba.com\/es\/#website"},"primaryImageOfPage":{"@id":"https:\/\/www.terresdevidalba.com\/es\/tienda\/producto\/cata-entre-vinedos-enoturismo\/#primaryimage"},"image":{"@id":"https:\/\/www.terresdevidalba.com\/es\/tienda\/producto\/cata-entre-vinedos-enoturismo\/#primaryimage"},"thumbnailUrl":"https:\/\/www.terresdevidalba.com\/wp-content\/uploads\/2024\/01\/image00010.jpeg","datePublished":"2024-01-19T15:52:44+00:00","dateModified":"2024-11-08T08:51:02+00:00","breadcrumb":{"@id":"https:\/\/www.terresdevidalba.com\/es\/tienda\/producto\/cata-entre-vinedos-enoturismo\/#breadcrumb"},"inLanguage":"es","potentialAction":[{"@type":"ReadAction","target":["https:\/\/www.terresdevidalba.com\/es\/tienda\/producto\/cata-entre-vinedos-enoturismo\/"]}]},{"@type":"ImageObject","inLanguage":"es","@id":"https:\/\/www.terresdevidalba.com\/es\/tienda\/producto\/cata-entre-vinedos-enoturismo\/#primaryimage","url":"https:\/\/www.terresdevidalba.com\/wp-content\/uploads\/2024\/01\/image00010.jpeg","contentUrl":"https:\/\/www.terresdevidalba.com\/wp-content\/uploads\/2024\/01\/image00010.jpeg","width":1024,"height":768},{"@type":"BreadcrumbList","@id":"https:\/\/www.terresdevidalba.com\/es\/tienda\/producto\/cata-entre-vinedos-enoturismo\/#breadcrumb","itemListElement":[{"@type":"ListItem","position":1,"name":"Portada","item":"https:\/\/www.terresdevidalba.com\/es\/"},{"@type":"ListItem","position":2,"name":"Productos","item":"https:\/\/www.terresdevidalba.com\/es\/shop\/"},{"@type":"ListItem","position":3,"name":"Cata entre vi\u00f1edos Enoturismo"}]},{"@type":"WebSite","@id":"https:\/\/www.terresdevidalba.com\/es\/#website","url":"https:\/\/www.terresdevidalba.com\/es\/","name":"Terres de Vidalba","description":"Celler familiar de Poboleda","publisher":{"@id":"https:\/\/www.terresdevidalba.com\/es\/#organization"},"potentialAction":[{"@type":"SearchAction","target":{"@type":"EntryPoint","urlTemplate":"https:\/\/www.terresdevidalba.com\/es\/?s={search_term_string}"},"query-input":{"@type":"PropertyValueSpecification","valueRequired":true,"valueName":"search_term_string"}}],"inLanguage":"es"},{"@type":"Organization","@id":"https:\/\/www.terresdevidalba.com\/es\/#organization","name":"Terres de Vidalba","url":"https:\/\/www.terresdevidalba.com\/es\/","logo":{"@type":"ImageObject","inLanguage":"es","@id":"https:\/\/www.terresdevidalba.com\/es\/#\/schema\/logo\/image\/","url":"https:\/\/www.terresdevidalba.com\/wp-content\/uploads\/2023\/08\/logo-terres-DOQ-PhotoRoom.png-PhotoRoom.png","contentUrl":"https:\/\/www.terresdevidalba.com\/wp-content\/uploads\/2023\/08\/logo-terres-DOQ-PhotoRoom.png-PhotoRoom.png","width":500,"height":290,"caption":"Terres de Vidalba"},"image":{"@id":"https:\/\/www.terresdevidalba.com\/es\/#\/schema\/logo\/image\/"}}]}},"_links":{"self":[{"href":"https:\/\/www.terresdevidalba.com\/es\/wp-json\/wp\/v2\/product\/4037","targetHints":{"allow":["GET"]}}],"collection":[{"href":"https:\/\/www.terresdevidalba.com\/es\/wp-json\/wp\/v2\/product"}],"about":[{"href":"https:\/\/www.terresdevidalba.com\/es\/wp-json\/wp\/v2\/types\/product"}],"replies":[{"embeddable":true,"href":"https:\/\/www.terresdevidalba.com\/es\/wp-json\/wp\/v2\/comments?post=4037"}],"version-history":[{"count":2,"href":"https:\/\/www.terresdevidalba.com\/es\/wp-json\/wp\/v2\/product\/4037\/revisions"}],"predecessor-version":[{"id":4966,"href":"https:\/\/www.terresdevidalba.com\/es\/wp-json\/wp\/v2\/product\/4037\/revisions\/4966"}],"wp:featuredmedia":[{"embeddable":true,"href":"https:\/\/www.terresdevidalba.com\/es\/wp-json\/wp\/v2\/media\/3601"}],"wp:attachment":[{"href":"https:\/\/www.terresdevidalba.com\/es\/wp-json\/wp\/v2\/media?parent=4037"}],"wp:term":[{"taxonomy":"product_brand","embeddable":true,"href":"https:\/\/www.terresdevidalba.com\/es\/wp-json\/wp\/v2\/product_brand?post=4037"},{"taxonomy":"product_cat","embeddable":true,"href":"https:\/\/www.terresdevidalba.com\/es\/wp-json\/wp\/v2\/product_cat?post=4037"},{"taxonomy":"product_tag","embeddable":true,"href":"https:\/\/www.terresdevidalba.com\/es\/wp-json\/wp\/v2\/product_tag?post=4037"},{"taxonomy":"giftcard-category","embeddable":true,"href":"https:\/\/www.terresdevidalba.com\/es\/wp-json\/wp\/v2\/giftcard-category?post=4037"}],"curies":[{"name":"wp","href":"https:\/\/api.w.org\/{rel}","templated":true}]}}