{"id":4233,"date":"2023-09-07T12:41:50","date_gmt":"2023-09-07T12:41:50","guid":{"rendered":"https:\/\/www.terresdevidalba.com\/?post_type=product&#038;p=4233"},"modified":"2025-04-25T10:51:12","modified_gmt":"2025-04-25T10:51:12","slug":"vi-rosat-no-tho-dire-rosat","status":"publish","type":"product","link":"https:\/\/www.terresdevidalba.com\/es\/tienda\/producto\/vi-rosat-no-tho-dire-rosat\/","title":{"rendered":"Vino rosado NO T\u2019HO DIR\u00c9"},"content":{"rendered":"<h2><strong>Vi rosado NO T&#8217;HO DIR\u00c9<\/strong><\/h2>\n<p> Para empezar, las variedades de este vino rosado <strong>NO T&#8217;HO DIR\u00c9<\/strong> incluyen 100% Garnacha blanca. Esta combinaci\u00f3n de variedades ofrece una complejidad \u00fanica al vino. La Garnacha tinta aporta notas frutales intensas, la Syrah da una estructura firme y la Cari\u00f1ena le a\u00f1ade un toque de elegancia. <\/p>\n<h3><strong>Informaci\u00f3n b\u00e1sica<\/strong><\/h3>\n<p> <strong>Elaboraci\u00f3n<\/strong> Cada variedad se elabora por separado para garantizar un control total sobre el proceso de elaboraci\u00f3n y preservar las caracter\u00edsticas \u00fanicas de cada variedad. La fermentaci\u00f3n tiene lugar en dep\u00f3sitos de acero inoxidable, donde se realiza un pigeage diario y un remontado suave para asegurar una extracci\u00f3n equilibrada de colores, aromas y sabores.<br \/>\n<strong>Crianza en barrica<\/strong><br \/>\nTras la fermentaci\u00f3n, el vino se traslada a barricas de roble franc\u00e9s de Allier ligeramente tostadas, donde envejece durante 12 a 14 meses, dependiendo de la variedad. Las barricas de segundo a\u00f1o aportan una suave integraci\u00f3n de los aromas de la madera sin dominar los caracteres frutales del vino.<\/p>\n<p><strong>Alcohol<\/strong><br \/>\nEl vino presenta un contenido alcoh\u00f3lico del 14,5% en volumen, lo que aporta una calidez equilibrada y una sensaci\u00f3n de plenitud en el paladar.<\/p>\n<p>Como parte del compromiso con la calidad y la integridad del vino, no se aplican procesos de filtrado ni clarificaci\u00f3n. Esto puede provocar la aparici\u00f3n de peque\u00f1as cantidades de precipitados con el tiempo, pero tambi\u00e9n preserva la riqueza y complejidad del vino.<\/p>\n<h3><strong>Informaci\u00f3n sobre embotellado y consumo<\/strong><\/h3>\n<p> <strong>Embotellado<\/strong> La producci\u00f3n de este vino consta de 5.500 botellas bordelesas de la serie Europa. Los corchos son de corcho natural, con dimensiones de 49 x 24 mm. Adem\u00e1s, el vino se presenta en cajas de cart\u00f3n de 6 botellas, con la posibilidad de cajas de madera de 6 botellas, con el sello PEFC, garantizando que la madera proviene de bosques gestionados de manera ecol\u00f3gica y sostenible.<br \/>\n<strong>Consumo<\/strong><br \/>\nPara disfrutar plenamente de las cualidades del vino, se recomienda servirlo a una temperatura de 16-18\u00baC. Antes de servirlo, es aconsejable abrir la botella una hora antes y decantar el vino para realzar sus aromas y sabores. Adem\u00e1s, el uso de una copa tipo Syrah proporcionar\u00e1 la mejor experiencia de cata, permitiendo que los aromas se desplieguen plenamente alrededor de la nariz y la boca.<\/p>\n","protected":false},"excerpt":{"rendered":"<p>El alma de la fiesta, el confidente de momentos alegres y vibrantes. Mi meticulosa elaboraci\u00f3n revela un perfil arom\u00e1tico \u00fanico que desvela seductoras notas de frutas rojas y flores primaverales, arrancando sonrisas incluso a los corazones m\u00e1s duros. \u00bfCu\u00e1l es el secreto de ser un vino rosado? No te lo dir\u00e9\u2026<\/p>\n","protected":false},"featured_media":3543,"comment_status":"closed","ping_status":"closed","template":"","meta":{"_acf_changed":false},"product_cat":[104,105],"product_tag":[],"giftcard-category":[],"class_list":{"0":"post-4233","1":"product","2":"type-product","3":"status-publish","4":"has-post-thumbnail","6":"product_cat-rosats-es","7":"product_cat-vins-es","8":"product_shipping_class-1-ampolla-es","10":"first","11":"instock","12":"taxable","13":"shipping-taxable","14":"purchasable","15":"product-type-variable","16":"has-default-attributes"},"acf":[],"yoast_head":"<!-- This site is optimized with the Yoast SEO plugin v23.9 - https:\/\/yoast.com\/wordpress\/plugins\/seo\/ -->\n<title>Vino rosado NO T\u2019HO DIR\u00c9 - Terres de Vidalba<\/title>\n<meta name=\"description\" content=\"L\u2019\u00e0nima de la festa. El NO T&#039;HO DIR\u00c9 \u00e9s un vi rosat que guarda un secret seductor de fruits vermells i flors primaverals.\" \/>\n<meta name=\"robots\" content=\"index, follow, max-snippet:-1, max-image-preview:large, max-video-preview:-1\" \/>\n<link rel=\"canonical\" href=\"https:\/\/www.terresdevidalba.com\/es\/tienda\/producto\/vi-rosat-no-tho-dire-rosat\/\" \/>\n<meta property=\"og:locale\" content=\"es_ES\" \/>\n<meta property=\"og:type\" content=\"article\" \/>\n<meta property=\"og:title\" content=\"Vino rosado NO T\u2019HO DIR\u00c9 - Terres de Vidalba\" \/>\n<meta property=\"og:description\" content=\"L\u2019\u00e0nima de la festa. El NO T&#039;HO DIR\u00c9 \u00e9s un vi rosat que guarda un secret seductor de fruits vermells i flors primaverals.\" \/>\n<meta property=\"og:url\" content=\"https:\/\/www.terresdevidalba.com\/es\/tienda\/producto\/vi-rosat-no-tho-dire-rosat\/\" \/>\n<meta property=\"og:site_name\" content=\"Terres de Vidalba\" \/>\n<meta property=\"article:modified_time\" content=\"2025-04-25T10:51:12+00:00\" \/>\n<meta property=\"og:image\" content=\"https:\/\/www.terresdevidalba.com\/wp-content\/uploads\/2024\/04\/Vi-rosat-Priorat-NO-THO-DIRE-2020.jpg\" \/>\n\t<meta property=\"og:image:width\" content=\"1000\" \/>\n\t<meta property=\"og:image:height\" content=\"1000\" \/>\n\t<meta property=\"og:image:type\" content=\"image\/jpeg\" \/>\n<meta name=\"twitter:card\" content=\"summary_large_image\" \/>\n<meta name=\"twitter:label1\" content=\"Tiempo de lectura\" \/>\n\t<meta name=\"twitter:data1\" content=\"3 minutos\" \/>\n<script type=\"application\/ld+json\" class=\"yoast-schema-graph\">{\"@context\":\"https:\/\/schema.org\",\"@graph\":[{\"@type\":\"WebPage\",\"@id\":\"https:\/\/www.terresdevidalba.com\/es\/tienda\/producto\/vi-rosat-no-tho-dire-rosat\/\",\"url\":\"https:\/\/www.terresdevidalba.com\/es\/tienda\/producto\/vi-rosat-no-tho-dire-rosat\/\",\"name\":\"Vino rosado NO T\u2019HO DIR\u00c9 - Terres de Vidalba\",\"isPartOf\":{\"@id\":\"https:\/\/www.terresdevidalba.com\/es\/#website\"},\"primaryImageOfPage\":{\"@id\":\"https:\/\/www.terresdevidalba.com\/es\/tienda\/producto\/vi-rosat-no-tho-dire-rosat\/#primaryimage\"},\"image\":{\"@id\":\"https:\/\/www.terresdevidalba.com\/es\/tienda\/producto\/vi-rosat-no-tho-dire-rosat\/#primaryimage\"},\"thumbnailUrl\":\"https:\/\/www.terresdevidalba.com\/wp-content\/uploads\/2024\/04\/Vi-rosat-Priorat-NO-THO-DIRE-2020.jpg\",\"datePublished\":\"2023-09-07T12:41:50+00:00\",\"dateModified\":\"2025-04-25T10:51:12+00:00\",\"description\":\"L\u2019\u00e0nima de la festa. El NO T'HO DIR\u00c9 \u00e9s un vi rosat que guarda un secret seductor de fruits vermells i flors primaverals.\",\"breadcrumb\":{\"@id\":\"https:\/\/www.terresdevidalba.com\/es\/tienda\/producto\/vi-rosat-no-tho-dire-rosat\/#breadcrumb\"},\"inLanguage\":\"es\",\"potentialAction\":[{\"@type\":\"ReadAction\",\"target\":[\"https:\/\/www.terresdevidalba.com\/es\/tienda\/producto\/vi-rosat-no-tho-dire-rosat\/\"]}]},{\"@type\":\"ImageObject\",\"inLanguage\":\"es\",\"@id\":\"https:\/\/www.terresdevidalba.com\/es\/tienda\/producto\/vi-rosat-no-tho-dire-rosat\/#primaryimage\",\"url\":\"https:\/\/www.terresdevidalba.com\/wp-content\/uploads\/2024\/04\/Vi-rosat-Priorat-NO-THO-DIRE-2020.jpg\",\"contentUrl\":\"https:\/\/www.terresdevidalba.com\/wp-content\/uploads\/2024\/04\/Vi-rosat-Priorat-NO-THO-DIRE-2020.jpg\",\"width\":1000,\"height\":1000},{\"@type\":\"BreadcrumbList\",\"@id\":\"https:\/\/www.terresdevidalba.com\/es\/tienda\/producto\/vi-rosat-no-tho-dire-rosat\/#breadcrumb\",\"itemListElement\":[{\"@type\":\"ListItem\",\"position\":1,\"name\":\"Portada\",\"item\":\"https:\/\/www.terresdevidalba.com\/es\/\"},{\"@type\":\"ListItem\",\"position\":2,\"name\":\"Productos\",\"item\":\"https:\/\/www.terresdevidalba.com\/es\/shop\/\"},{\"@type\":\"ListItem\",\"position\":3,\"name\":\"Vino rosado NO T\u2019HO DIR\u00c9\"}]},{\"@type\":\"WebSite\",\"@id\":\"https:\/\/www.terresdevidalba.com\/es\/#website\",\"url\":\"https:\/\/www.terresdevidalba.com\/es\/\",\"name\":\"Terres de Vidalba\",\"description\":\"Celler familiar de Poboleda\",\"publisher\":{\"@id\":\"https:\/\/www.terresdevidalba.com\/es\/#organization\"},\"potentialAction\":[{\"@type\":\"SearchAction\",\"target\":{\"@type\":\"EntryPoint\",\"urlTemplate\":\"https:\/\/www.terresdevidalba.com\/es\/?s={search_term_string}\"},\"query-input\":{\"@type\":\"PropertyValueSpecification\",\"valueRequired\":true,\"valueName\":\"search_term_string\"}}],\"inLanguage\":\"es\"},{\"@type\":\"Organization\",\"@id\":\"https:\/\/www.terresdevidalba.com\/es\/#organization\",\"name\":\"Terres de Vidalba\",\"url\":\"https:\/\/www.terresdevidalba.com\/es\/\",\"logo\":{\"@type\":\"ImageObject\",\"inLanguage\":\"es\",\"@id\":\"https:\/\/www.terresdevidalba.com\/es\/#\/schema\/logo\/image\/\",\"url\":\"https:\/\/www.terresdevidalba.com\/wp-content\/uploads\/2023\/08\/logo-terres-DOQ-PhotoRoom.png-PhotoRoom.png\",\"contentUrl\":\"https:\/\/www.terresdevidalba.com\/wp-content\/uploads\/2023\/08\/logo-terres-DOQ-PhotoRoom.png-PhotoRoom.png\",\"width\":500,\"height\":290,\"caption\":\"Terres de Vidalba\"},\"image\":{\"@id\":\"https:\/\/www.terresdevidalba.com\/es\/#\/schema\/logo\/image\/\"}}]}<\/script>\n<!-- \/ Yoast SEO plugin. -->","yoast_head_json":{"title":"Vino rosado NO T\u2019HO DIR\u00c9 - Terres de Vidalba","description":"L\u2019\u00e0nima de la festa. El NO T'HO DIR\u00c9 \u00e9s un vi rosat que guarda un secret seductor de fruits vermells i flors primaverals.","robots":{"index":"index","follow":"follow","max-snippet":"max-snippet:-1","max-image-preview":"max-image-preview:large","max-video-preview":"max-video-preview:-1"},"canonical":"https:\/\/www.terresdevidalba.com\/es\/tienda\/producto\/vi-rosat-no-tho-dire-rosat\/","og_locale":"es_ES","og_type":"article","og_title":"Vino rosado NO T\u2019HO DIR\u00c9 - Terres de Vidalba","og_description":"L\u2019\u00e0nima de la festa. El NO T'HO DIR\u00c9 \u00e9s un vi rosat que guarda un secret seductor de fruits vermells i flors primaverals.","og_url":"https:\/\/www.terresdevidalba.com\/es\/tienda\/producto\/vi-rosat-no-tho-dire-rosat\/","og_site_name":"Terres de Vidalba","article_modified_time":"2025-04-25T10:51:12+00:00","og_image":[{"width":1000,"height":1000,"url":"https:\/\/www.terresdevidalba.com\/wp-content\/uploads\/2024\/04\/Vi-rosat-Priorat-NO-THO-DIRE-2020.jpg","type":"image\/jpeg"}],"twitter_card":"summary_large_image","twitter_misc":{"Tiempo de lectura":"3 minutos"},"schema":{"@context":"https:\/\/schema.org","@graph":[{"@type":"WebPage","@id":"https:\/\/www.terresdevidalba.com\/es\/tienda\/producto\/vi-rosat-no-tho-dire-rosat\/","url":"https:\/\/www.terresdevidalba.com\/es\/tienda\/producto\/vi-rosat-no-tho-dire-rosat\/","name":"Vino rosado NO T\u2019HO DIR\u00c9 - Terres de Vidalba","isPartOf":{"@id":"https:\/\/www.terresdevidalba.com\/es\/#website"},"primaryImageOfPage":{"@id":"https:\/\/www.terresdevidalba.com\/es\/tienda\/producto\/vi-rosat-no-tho-dire-rosat\/#primaryimage"},"image":{"@id":"https:\/\/www.terresdevidalba.com\/es\/tienda\/producto\/vi-rosat-no-tho-dire-rosat\/#primaryimage"},"thumbnailUrl":"https:\/\/www.terresdevidalba.com\/wp-content\/uploads\/2024\/04\/Vi-rosat-Priorat-NO-THO-DIRE-2020.jpg","datePublished":"2023-09-07T12:41:50+00:00","dateModified":"2025-04-25T10:51:12+00:00","description":"L\u2019\u00e0nima de la festa. El NO T'HO DIR\u00c9 \u00e9s un vi rosat que guarda un secret seductor de fruits vermells i flors primaverals.","breadcrumb":{"@id":"https:\/\/www.terresdevidalba.com\/es\/tienda\/producto\/vi-rosat-no-tho-dire-rosat\/#breadcrumb"},"inLanguage":"es","potentialAction":[{"@type":"ReadAction","target":["https:\/\/www.terresdevidalba.com\/es\/tienda\/producto\/vi-rosat-no-tho-dire-rosat\/"]}]},{"@type":"ImageObject","inLanguage":"es","@id":"https:\/\/www.terresdevidalba.com\/es\/tienda\/producto\/vi-rosat-no-tho-dire-rosat\/#primaryimage","url":"https:\/\/www.terresdevidalba.com\/wp-content\/uploads\/2024\/04\/Vi-rosat-Priorat-NO-THO-DIRE-2020.jpg","contentUrl":"https:\/\/www.terresdevidalba.com\/wp-content\/uploads\/2024\/04\/Vi-rosat-Priorat-NO-THO-DIRE-2020.jpg","width":1000,"height":1000},{"@type":"BreadcrumbList","@id":"https:\/\/www.terresdevidalba.com\/es\/tienda\/producto\/vi-rosat-no-tho-dire-rosat\/#breadcrumb","itemListElement":[{"@type":"ListItem","position":1,"name":"Portada","item":"https:\/\/www.terresdevidalba.com\/es\/"},{"@type":"ListItem","position":2,"name":"Productos","item":"https:\/\/www.terresdevidalba.com\/es\/shop\/"},{"@type":"ListItem","position":3,"name":"Vino rosado NO T\u2019HO DIR\u00c9"}]},{"@type":"WebSite","@id":"https:\/\/www.terresdevidalba.com\/es\/#website","url":"https:\/\/www.terresdevidalba.com\/es\/","name":"Terres de Vidalba","description":"Celler familiar de Poboleda","publisher":{"@id":"https:\/\/www.terresdevidalba.com\/es\/#organization"},"potentialAction":[{"@type":"SearchAction","target":{"@type":"EntryPoint","urlTemplate":"https:\/\/www.terresdevidalba.com\/es\/?s={search_term_string}"},"query-input":{"@type":"PropertyValueSpecification","valueRequired":true,"valueName":"search_term_string"}}],"inLanguage":"es"},{"@type":"Organization","@id":"https:\/\/www.terresdevidalba.com\/es\/#organization","name":"Terres de Vidalba","url":"https:\/\/www.terresdevidalba.com\/es\/","logo":{"@type":"ImageObject","inLanguage":"es","@id":"https:\/\/www.terresdevidalba.com\/es\/#\/schema\/logo\/image\/","url":"https:\/\/www.terresdevidalba.com\/wp-content\/uploads\/2023\/08\/logo-terres-DOQ-PhotoRoom.png-PhotoRoom.png","contentUrl":"https:\/\/www.terresdevidalba.com\/wp-content\/uploads\/2023\/08\/logo-terres-DOQ-PhotoRoom.png-PhotoRoom.png","width":500,"height":290,"caption":"Terres de Vidalba"},"image":{"@id":"https:\/\/www.terresdevidalba.com\/es\/#\/schema\/logo\/image\/"}}]}},"_links":{"self":[{"href":"https:\/\/www.terresdevidalba.com\/es\/wp-json\/wp\/v2\/product\/4233","targetHints":{"allow":["GET"]}}],"collection":[{"href":"https:\/\/www.terresdevidalba.com\/es\/wp-json\/wp\/v2\/product"}],"about":[{"href":"https:\/\/www.terresdevidalba.com\/es\/wp-json\/wp\/v2\/types\/product"}],"replies":[{"embeddable":true,"href":"https:\/\/www.terresdevidalba.com\/es\/wp-json\/wp\/v2\/comments?post=4233"}],"version-history":[{"count":9,"href":"https:\/\/www.terresdevidalba.com\/es\/wp-json\/wp\/v2\/product\/4233\/revisions"}],"predecessor-version":[{"id":4310,"href":"https:\/\/www.terresdevidalba.com\/es\/wp-json\/wp\/v2\/product\/4233\/revisions\/4310"}],"wp:featuredmedia":[{"embeddable":true,"href":"https:\/\/www.terresdevidalba.com\/es\/wp-json\/wp\/v2\/media\/3543"}],"wp:attachment":[{"href":"https:\/\/www.terresdevidalba.com\/es\/wp-json\/wp\/v2\/media?parent=4233"}],"wp:term":[{"taxonomy":"product_cat","embeddable":true,"href":"https:\/\/www.terresdevidalba.com\/es\/wp-json\/wp\/v2\/product_cat?post=4233"},{"taxonomy":"product_tag","embeddable":true,"href":"https:\/\/www.terresdevidalba.com\/es\/wp-json\/wp\/v2\/product_tag?post=4233"},{"taxonomy":"giftcard-category","embeddable":true,"href":"https:\/\/www.terresdevidalba.com\/es\/wp-json\/wp\/v2\/giftcard-category?post=4233"}],"curies":[{"name":"wp","href":"https:\/\/api.w.org\/{rel}","templated":true}]}}