{"id":4259,"date":"2023-09-07T12:19:43","date_gmt":"2023-09-07T12:19:43","guid":{"rendered":"https:\/\/www.terresdevidalba.com\/?post_type=product&#038;p=4259"},"modified":"2025-11-13T09:53:15","modified_gmt":"2025-11-13T09:53:15","slug":"vino-tinto-tocs","status":"publish","type":"product","link":"https:\/\/www.terresdevidalba.com\/es\/tienda\/producto\/vino-tinto-tocs\/","title":{"rendered":"Vino tinto TOCS"},"content":{"rendered":"<h1>Vino tinto TOCS<\/h1>\n<h3>Informaci\u00f3n b\u00e1sica<\/h3>\n<p>Para empezar, las variedades de este vino tinto TOCS incluyen un 52% de Garnacha negra, un 28% de Syrah y un 20% de Cari\u00f1ena. Esta combinaci\u00f3n de variedades ofrece una complejidad \u00fanica al vino. La Garnacha negra aporta notas frutales intensas, la Syrah le da una estructura firme y la Cari\u00f1ena a\u00f1ade un toque de elegancia.<\/p>\n<h4>Elaboraci\u00f3n<\/h4>\n<p>Cada variedad se elabora por separado. En cuanto a la fermentaci\u00f3n: el 25% tiene lugar en barricas abiertas de 500 litros y el resto en dep\u00f3sitos de acero inoxidable. Pigeaje diario y remontaje suave.<\/p>\n<h4>Crianza en barrica<\/h4>\n<p>14-18 meses seg\u00fan la variedad en barricas de roble franc\u00e9s de Allier, ligeramente tostadas. Se utilizan barricas nuevas de 300 litros y el resto en barricas de 225 litros de segundo a\u00f1o.<br \/>\n<strong>Alcohol:<\/strong> 15% en volumen.<\/p>\n<p><strong>Filtraci\u00f3n o clarificaci\u00f3n:<\/strong> No se aplican procesos de filtraci\u00f3n ni clarificaci\u00f3n. Por ello, con el tiempo pueden aparecer peque\u00f1as cantidades de sedimentos.<\/p>\n<h3>Informaci\u00f3n sobre embotellado y consumo<\/h3>\n<h4>Informaci\u00f3n sobre embotellado:<\/h4>\n<p>Producci\u00f3n de 2.400 botellas bordelesas de la serie europea. Corchos naturales, 49 x 24 mm. Envasado en cajas de cart\u00f3n de 6 botellas, opcionalmente en cajas de madera de 6 botellas, con el sello PEFC, que certifica que la madera procede de bosques gestionados de manera ecol\u00f3gica y sostenible. Disponibilidad de botellas Magnum individualmente.<\/p>\n<h4>Consumo:<\/h4>\n<p>Temperatura de servicio: 16-18 \u00b0C. Abrir la botella al menos una hora antes de servir y decantar. Se recomienda utilizar una copa de vino tipo Syrah.<\/p>\n","protected":false},"excerpt":{"rendered":"<p>El veterano de Terres de Vidalba, el reflejo de la innovaci\u00f3n y la pasi\u00f3n por las tradiciones arraigadas. Con una mezcla \u00fanica de variedades aut\u00f3ctonas y mediterr\u00e1neas, represento la esencia de este territorio vin\u00edcola, como el reconocido vino tinto TOCS.<\/p>\n","protected":false},"featured_media":3535,"comment_status":"closed","ping_status":"closed","template":"","meta":{"_acf_changed":false},"product_cat":[173,105],"product_tag":[158],"giftcard-category":[],"class_list":{"0":"post-4259","1":"product","2":"type-product","3":"status-publish","4":"has-post-thumbnail","6":"product_cat-tintos","7":"product_cat-vins-es","8":"product_tag-premiado-2024","9":"product_shipping_class-1-ampolla-es","11":"first","12":"instock","13":"taxable","14":"shipping-taxable","15":"purchasable","16":"product-type-variable","17":"has-default-attributes"},"acf":[],"yoast_head":"<!-- This site is optimized with the Yoast SEO plugin v23.9 - https:\/\/yoast.com\/wordpress\/plugins\/seo\/ -->\n<title>Vino tinto TOCS - Terres de Vidalba<\/title>\n<meta name=\"robots\" content=\"index, follow, max-snippet:-1, max-image-preview:large, max-video-preview:-1\" \/>\n<link rel=\"canonical\" href=\"https:\/\/www.terresdevidalba.com\/es\/tienda\/producto\/vino-tinto-tocs\/\" \/>\n<meta property=\"og:locale\" content=\"es_ES\" \/>\n<meta property=\"og:type\" content=\"article\" \/>\n<meta property=\"og:title\" content=\"Vino tinto TOCS - Terres de Vidalba\" \/>\n<meta property=\"og:description\" content=\"El veterano de Terres de Vidalba, el reflejo de la innovaci\u00f3n y la pasi\u00f3n por las tradiciones arraigadas. Con una mezcla \u00fanica de variedades aut\u00f3ctonas y mediterr\u00e1neas, represento la esencia de este territorio vin\u00edcola, como el reconocido vino tinto TOCS.\" \/>\n<meta property=\"og:url\" content=\"https:\/\/www.terresdevidalba.com\/es\/tienda\/producto\/vino-tinto-tocs\/\" \/>\n<meta property=\"og:site_name\" content=\"Terres de Vidalba\" \/>\n<meta property=\"article:modified_time\" content=\"2025-11-13T09:53:15+00:00\" \/>\n<meta property=\"og:image\" content=\"https:\/\/www.terresdevidalba.com\/wp-content\/uploads\/2024\/04\/Vi-negre-del-Priorat-TOCS-2020.jpg\" \/>\n\t<meta property=\"og:image:width\" content=\"1000\" \/>\n\t<meta property=\"og:image:height\" content=\"1000\" \/>\n\t<meta property=\"og:image:type\" content=\"image\/jpeg\" \/>\n<meta name=\"twitter:card\" content=\"summary_large_image\" \/>\n<meta name=\"twitter:label1\" content=\"Tiempo de lectura\" \/>\n\t<meta name=\"twitter:data1\" content=\"2 minutos\" \/>\n<script type=\"application\/ld+json\" class=\"yoast-schema-graph\">{\"@context\":\"https:\/\/schema.org\",\"@graph\":[{\"@type\":\"WebPage\",\"@id\":\"https:\/\/www.terresdevidalba.com\/es\/tienda\/producto\/vino-tinto-tocs\/\",\"url\":\"https:\/\/www.terresdevidalba.com\/es\/tienda\/producto\/vino-tinto-tocs\/\",\"name\":\"Vino tinto TOCS - Terres de Vidalba\",\"isPartOf\":{\"@id\":\"https:\/\/www.terresdevidalba.com\/es\/#website\"},\"primaryImageOfPage\":{\"@id\":\"https:\/\/www.terresdevidalba.com\/es\/tienda\/producto\/vino-tinto-tocs\/#primaryimage\"},\"image\":{\"@id\":\"https:\/\/www.terresdevidalba.com\/es\/tienda\/producto\/vino-tinto-tocs\/#primaryimage\"},\"thumbnailUrl\":\"https:\/\/www.terresdevidalba.com\/wp-content\/uploads\/2024\/04\/Vi-negre-del-Priorat-TOCS-2020.jpg\",\"datePublished\":\"2023-09-07T12:19:43+00:00\",\"dateModified\":\"2025-11-13T09:53:15+00:00\",\"breadcrumb\":{\"@id\":\"https:\/\/www.terresdevidalba.com\/es\/tienda\/producto\/vino-tinto-tocs\/#breadcrumb\"},\"inLanguage\":\"es\",\"potentialAction\":[{\"@type\":\"ReadAction\",\"target\":[\"https:\/\/www.terresdevidalba.com\/es\/tienda\/producto\/vino-tinto-tocs\/\"]}]},{\"@type\":\"ImageObject\",\"inLanguage\":\"es\",\"@id\":\"https:\/\/www.terresdevidalba.com\/es\/tienda\/producto\/vino-tinto-tocs\/#primaryimage\",\"url\":\"https:\/\/www.terresdevidalba.com\/wp-content\/uploads\/2024\/04\/Vi-negre-del-Priorat-TOCS-2020.jpg\",\"contentUrl\":\"https:\/\/www.terresdevidalba.com\/wp-content\/uploads\/2024\/04\/Vi-negre-del-Priorat-TOCS-2020.jpg\",\"width\":1000,\"height\":1000},{\"@type\":\"BreadcrumbList\",\"@id\":\"https:\/\/www.terresdevidalba.com\/es\/tienda\/producto\/vino-tinto-tocs\/#breadcrumb\",\"itemListElement\":[{\"@type\":\"ListItem\",\"position\":1,\"name\":\"Portada\",\"item\":\"https:\/\/www.terresdevidalba.com\/es\/\"},{\"@type\":\"ListItem\",\"position\":2,\"name\":\"Productos\",\"item\":\"https:\/\/www.terresdevidalba.com\/es\/shop\/\"},{\"@type\":\"ListItem\",\"position\":3,\"name\":\"Vino tinto TOCS\"}]},{\"@type\":\"WebSite\",\"@id\":\"https:\/\/www.terresdevidalba.com\/es\/#website\",\"url\":\"https:\/\/www.terresdevidalba.com\/es\/\",\"name\":\"Terres de Vidalba\",\"description\":\"Celler familiar de Poboleda\",\"publisher\":{\"@id\":\"https:\/\/www.terresdevidalba.com\/es\/#organization\"},\"potentialAction\":[{\"@type\":\"SearchAction\",\"target\":{\"@type\":\"EntryPoint\",\"urlTemplate\":\"https:\/\/www.terresdevidalba.com\/es\/?s={search_term_string}\"},\"query-input\":{\"@type\":\"PropertyValueSpecification\",\"valueRequired\":true,\"valueName\":\"search_term_string\"}}],\"inLanguage\":\"es\"},{\"@type\":\"Organization\",\"@id\":\"https:\/\/www.terresdevidalba.com\/es\/#organization\",\"name\":\"Terres de Vidalba\",\"url\":\"https:\/\/www.terresdevidalba.com\/es\/\",\"logo\":{\"@type\":\"ImageObject\",\"inLanguage\":\"es\",\"@id\":\"https:\/\/www.terresdevidalba.com\/es\/#\/schema\/logo\/image\/\",\"url\":\"https:\/\/www.terresdevidalba.com\/wp-content\/uploads\/2023\/08\/logo-terres-DOQ-PhotoRoom.png-PhotoRoom.png\",\"contentUrl\":\"https:\/\/www.terresdevidalba.com\/wp-content\/uploads\/2023\/08\/logo-terres-DOQ-PhotoRoom.png-PhotoRoom.png\",\"width\":500,\"height\":290,\"caption\":\"Terres de Vidalba\"},\"image\":{\"@id\":\"https:\/\/www.terresdevidalba.com\/es\/#\/schema\/logo\/image\/\"}}]}<\/script>\n<!-- \/ Yoast SEO plugin. -->","yoast_head_json":{"title":"Vino tinto TOCS - Terres de Vidalba","robots":{"index":"index","follow":"follow","max-snippet":"max-snippet:-1","max-image-preview":"max-image-preview:large","max-video-preview":"max-video-preview:-1"},"canonical":"https:\/\/www.terresdevidalba.com\/es\/tienda\/producto\/vino-tinto-tocs\/","og_locale":"es_ES","og_type":"article","og_title":"Vino tinto TOCS - Terres de Vidalba","og_description":"El veterano de Terres de Vidalba, el reflejo de la innovaci\u00f3n y la pasi\u00f3n por las tradiciones arraigadas. Con una mezcla \u00fanica de variedades aut\u00f3ctonas y mediterr\u00e1neas, represento la esencia de este territorio vin\u00edcola, como el reconocido vino tinto TOCS.","og_url":"https:\/\/www.terresdevidalba.com\/es\/tienda\/producto\/vino-tinto-tocs\/","og_site_name":"Terres de Vidalba","article_modified_time":"2025-11-13T09:53:15+00:00","og_image":[{"width":1000,"height":1000,"url":"https:\/\/www.terresdevidalba.com\/wp-content\/uploads\/2024\/04\/Vi-negre-del-Priorat-TOCS-2020.jpg","type":"image\/jpeg"}],"twitter_card":"summary_large_image","twitter_misc":{"Tiempo de lectura":"2 minutos"},"schema":{"@context":"https:\/\/schema.org","@graph":[{"@type":"WebPage","@id":"https:\/\/www.terresdevidalba.com\/es\/tienda\/producto\/vino-tinto-tocs\/","url":"https:\/\/www.terresdevidalba.com\/es\/tienda\/producto\/vino-tinto-tocs\/","name":"Vino tinto TOCS - Terres de Vidalba","isPartOf":{"@id":"https:\/\/www.terresdevidalba.com\/es\/#website"},"primaryImageOfPage":{"@id":"https:\/\/www.terresdevidalba.com\/es\/tienda\/producto\/vino-tinto-tocs\/#primaryimage"},"image":{"@id":"https:\/\/www.terresdevidalba.com\/es\/tienda\/producto\/vino-tinto-tocs\/#primaryimage"},"thumbnailUrl":"https:\/\/www.terresdevidalba.com\/wp-content\/uploads\/2024\/04\/Vi-negre-del-Priorat-TOCS-2020.jpg","datePublished":"2023-09-07T12:19:43+00:00","dateModified":"2025-11-13T09:53:15+00:00","breadcrumb":{"@id":"https:\/\/www.terresdevidalba.com\/es\/tienda\/producto\/vino-tinto-tocs\/#breadcrumb"},"inLanguage":"es","potentialAction":[{"@type":"ReadAction","target":["https:\/\/www.terresdevidalba.com\/es\/tienda\/producto\/vino-tinto-tocs\/"]}]},{"@type":"ImageObject","inLanguage":"es","@id":"https:\/\/www.terresdevidalba.com\/es\/tienda\/producto\/vino-tinto-tocs\/#primaryimage","url":"https:\/\/www.terresdevidalba.com\/wp-content\/uploads\/2024\/04\/Vi-negre-del-Priorat-TOCS-2020.jpg","contentUrl":"https:\/\/www.terresdevidalba.com\/wp-content\/uploads\/2024\/04\/Vi-negre-del-Priorat-TOCS-2020.jpg","width":1000,"height":1000},{"@type":"BreadcrumbList","@id":"https:\/\/www.terresdevidalba.com\/es\/tienda\/producto\/vino-tinto-tocs\/#breadcrumb","itemListElement":[{"@type":"ListItem","position":1,"name":"Portada","item":"https:\/\/www.terresdevidalba.com\/es\/"},{"@type":"ListItem","position":2,"name":"Productos","item":"https:\/\/www.terresdevidalba.com\/es\/shop\/"},{"@type":"ListItem","position":3,"name":"Vino tinto TOCS"}]},{"@type":"WebSite","@id":"https:\/\/www.terresdevidalba.com\/es\/#website","url":"https:\/\/www.terresdevidalba.com\/es\/","name":"Terres de Vidalba","description":"Celler familiar de Poboleda","publisher":{"@id":"https:\/\/www.terresdevidalba.com\/es\/#organization"},"potentialAction":[{"@type":"SearchAction","target":{"@type":"EntryPoint","urlTemplate":"https:\/\/www.terresdevidalba.com\/es\/?s={search_term_string}"},"query-input":{"@type":"PropertyValueSpecification","valueRequired":true,"valueName":"search_term_string"}}],"inLanguage":"es"},{"@type":"Organization","@id":"https:\/\/www.terresdevidalba.com\/es\/#organization","name":"Terres de Vidalba","url":"https:\/\/www.terresdevidalba.com\/es\/","logo":{"@type":"ImageObject","inLanguage":"es","@id":"https:\/\/www.terresdevidalba.com\/es\/#\/schema\/logo\/image\/","url":"https:\/\/www.terresdevidalba.com\/wp-content\/uploads\/2023\/08\/logo-terres-DOQ-PhotoRoom.png-PhotoRoom.png","contentUrl":"https:\/\/www.terresdevidalba.com\/wp-content\/uploads\/2023\/08\/logo-terres-DOQ-PhotoRoom.png-PhotoRoom.png","width":500,"height":290,"caption":"Terres de Vidalba"},"image":{"@id":"https:\/\/www.terresdevidalba.com\/es\/#\/schema\/logo\/image\/"}}]}},"_links":{"self":[{"href":"https:\/\/www.terresdevidalba.com\/es\/wp-json\/wp\/v2\/product\/4259","targetHints":{"allow":["GET"]}}],"collection":[{"href":"https:\/\/www.terresdevidalba.com\/es\/wp-json\/wp\/v2\/product"}],"about":[{"href":"https:\/\/www.terresdevidalba.com\/es\/wp-json\/wp\/v2\/types\/product"}],"replies":[{"embeddable":true,"href":"https:\/\/www.terresdevidalba.com\/es\/wp-json\/wp\/v2\/comments?post=4259"}],"version-history":[{"count":4,"href":"https:\/\/www.terresdevidalba.com\/es\/wp-json\/wp\/v2\/product\/4259\/revisions"}],"predecessor-version":[{"id":5916,"href":"https:\/\/www.terresdevidalba.com\/es\/wp-json\/wp\/v2\/product\/4259\/revisions\/5916"}],"wp:featuredmedia":[{"embeddable":true,"href":"https:\/\/www.terresdevidalba.com\/es\/wp-json\/wp\/v2\/media\/3535"}],"wp:attachment":[{"href":"https:\/\/www.terresdevidalba.com\/es\/wp-json\/wp\/v2\/media?parent=4259"}],"wp:term":[{"taxonomy":"product_cat","embeddable":true,"href":"https:\/\/www.terresdevidalba.com\/es\/wp-json\/wp\/v2\/product_cat?post=4259"},{"taxonomy":"product_tag","embeddable":true,"href":"https:\/\/www.terresdevidalba.com\/es\/wp-json\/wp\/v2\/product_tag?post=4259"},{"taxonomy":"giftcard-category","embeddable":true,"href":"https:\/\/www.terresdevidalba.com\/es\/wp-json\/wp\/v2\/giftcard-category?post=4259"}],"curies":[{"name":"wp","href":"https:\/\/api.w.org\/{rel}","templated":true}]}}