{"id":4268,"date":"2023-11-13T15:11:53","date_gmt":"2023-11-13T15:11:53","guid":{"rendered":"https:\/\/www.terresdevidalba.com\/?post_type=product&#038;p=4268"},"modified":"2025-03-31T12:53:47","modified_gmt":"2025-03-31T12:53:47","slug":"los-must-de-terres-de-vidalba","status":"publish","type":"product","link":"https:\/\/www.terresdevidalba.com\/es\/tienda\/producto\/los-must-de-terres-de-vidalba\/","title":{"rendered":"Los \u201cmust\u201d de Terres de Vidalba"},"content":{"rendered":"<div class=\"page\" title=\"Page 7\">\n<div class=\"section\">\n<div class=\"layoutArea\">\n<div class=\"column\">\n<div class=\"column\">\n<blockquote>\n<h3>El lote Els must de Terres de Vidalba contiene:<\/h3>\n<ul>\n<li>2 botellas de vino tinto Vidalba 2016<\/li>\n<li>2 botellas de vino blanco No t&#8217;ho dir\u00e9 2019<\/li>\n<li>2 botellas de vino rosado No t&#8217;ho dir\u00e9 2020<\/li>\n<\/ul>\n<\/blockquote>\n<\/div>\n<h4>Vidalba 2016<\/h4>\n<div class=\"column\">\nLa esencia de Terres de Vidalba, la puerta de entrada a nuestro Priorat particular. Con una combinaci\u00f3n \u00fanica de variedades cuidadosamente seleccionadas, represento la frescura y la complejidad en su m\u00e1xima expresi\u00f3n. Mi car\u00e1cter de vino tinto se evidencia en la llicorella que me otorga una personalidad \u00fanica y distintiva que no deja indiferente a nadie.<\/p>\n<p><span style=\"font-weight: 400;\">Mi crianza en barrica de roble franc\u00e9s durante meses me ha conferido una elegancia y equilibrio incomparables, mientras conservo mi frescura y vitalidad. En boca, soy sabroso y envolvente, con una rica paleta de sabores que te llevar\u00e1 en un viaje sensorial inolvidable. El buen gusto hecho vino.<\/span><\/p>\n<p>Consulta m\u00e1s informaci\u00f3n <a href=\"https:\/\/www.terresdevidalba.com\/producto\/vi-negre-vidalba\/\">aqu\u00ed<\/a>.<\/p>\n<h4>No t&#8217;ho dir\u00e9 blanco 2019<\/h4>\n<p>\u00bfMi secreto? No te lo dir\u00e9\u2026 Fragante y equilibrado, el vino blanco de Terres de Vidalba. El encargado de ofrecerte una experiencia \u00fanica y cautivadora. Con un cuidadoso proceso de elaboraci\u00f3n, he sido concebido para resaltar la frescura y la complejidad de mis aromas y sabores.<\/p>\n<p><span style=\"font-weight: 400;\">En cada sorbo encontrar\u00e1s aromas c\u00edtricos y de frutas blancas frescas que te envolver\u00e1n en una experiencia refrescante que deleitar\u00e1 tus sentidos. Mi final mineral y ligeramente amargo logra convertirte en el acompa\u00f1ante perfecto para cualquier ocasi\u00f3n. \u00bfPodr\u00e1s resistirte a mis dotes seductores?<\/span><\/p>\n<p>Consulta m\u00e1s informaci\u00f3n <a href=\"https:\/\/www.terresdevidalba.com\/producto\/vi-blanc-no-tho-dire\/\">aqu\u00ed<\/a>.<\/p>\n<h4>No t&#8217;ho dir\u00e9 rosado 2020<\/h4>\n<\/div>\n<p><span style=\"font-weight: 400;\">El alma de la fiesta, el confidente de los momentos alegres y vibrantes. Mi meticulosa elaboraci\u00f3n revela un perfil arom\u00e1tico \u00fanico que despliega notas seductoras de frutos rojos y flores primaverales que sacan sonrisas a los corazones m\u00e1s duros. \u00bfEl secreto de ser un vino rosado? No te lo dir\u00e9\u2026<\/span><\/p>\n<p><span style=\"font-weight: 400;\">Cada sorbo es una explosi\u00f3n de frescura y vitalidad, con un toque de rubor juvenil y una mineralidad distintiva que me distingue y me hace inconfundible. La juventud hecha vino, celebra la vida conmigo.<\/span>\n<\/div>\n<p>Consulta m\u00e1s informaci\u00f3n <a href=\"https:\/\/www.terresdevidalba.com\/producto\/vi-rosat-no-tho-dire-rosat\/\">aqu\u00ed<\/a>.\n<\/div>\n<\/div>\n<\/div>\n","protected":false},"excerpt":{"rendered":"<p>D\u00e9jate cautivar por la versatilidad y elegancia de nuestros esenciales enol\u00f3gicos. Seducci\u00f3n, expresi\u00f3n y frescura se combinan en un tr\u00edo incomparable que no puede faltar en tu despensa. Infinitas posibilidades para maridar y complementar tus platos favoritos.<\/p>\n<p>&nbsp;&nbsp;<\/p>\n","protected":false},"featured_media":3567,"comment_status":"closed","ping_status":"closed","template":"","meta":{"_acf_changed":false},"product_cat":[109,105],"product_tag":[],"giftcard-category":[],"class_list":{"0":"post-4268","1":"product","2":"type-product","3":"status-publish","4":"has-post-thumbnail","6":"product_cat-lots-es","7":"product_cat-vins-es","8":"product_shipping_class-4-6-ampolles-es","10":"first","11":"instock","12":"taxable","13":"shipping-taxable","14":"purchasable","15":"product-type-simple"},"acf":[],"yoast_head":"<!-- This site is optimized with the Yoast SEO plugin v23.9 - https:\/\/yoast.com\/wordpress\/plugins\/seo\/ -->\n<title>Los \u201cmust\u201d de Terres de Vidalba - Terres de Vidalba<\/title>\n<meta name=\"robots\" content=\"index, follow, max-snippet:-1, max-image-preview:large, max-video-preview:-1\" \/>\n<link rel=\"canonical\" href=\"https:\/\/www.terresdevidalba.com\/es\/tienda\/producto\/los-must-de-terres-de-vidalba\/\" \/>\n<meta property=\"og:locale\" content=\"es_ES\" \/>\n<meta property=\"og:type\" content=\"article\" \/>\n<meta property=\"og:title\" content=\"Los \u201cmust\u201d de Terres de Vidalba - Terres de Vidalba\" \/>\n<meta property=\"og:description\" content=\"D\u00e9jate cautivar por la versatilidad y elegancia de nuestros esenciales enol\u00f3gicos. Seducci\u00f3n, expresi\u00f3n y frescura se combinan en un tr\u00edo incomparable que no puede faltar en tu despensa. Infinitas posibilidades para maridar y complementar tus platos favoritos.  &nbsp;&nbsp;\" \/>\n<meta property=\"og:url\" content=\"https:\/\/www.terresdevidalba.com\/es\/tienda\/producto\/los-must-de-terres-de-vidalba\/\" \/>\n<meta property=\"og:site_name\" content=\"Terres de Vidalba\" \/>\n<meta property=\"article:modified_time\" content=\"2025-03-31T12:53:47+00:00\" \/>\n<meta property=\"og:image\" content=\"https:\/\/www.terresdevidalba.com\/wp-content\/uploads\/2023\/11\/lot-els-must-terres-vidalba-1.jpg\" \/>\n\t<meta property=\"og:image:width\" content=\"1000\" \/>\n\t<meta property=\"og:image:height\" content=\"1000\" \/>\n\t<meta property=\"og:image:type\" content=\"image\/jpeg\" \/>\n<meta name=\"twitter:card\" content=\"summary_large_image\" \/>\n<meta name=\"twitter:label1\" content=\"Tiempo de lectura\" \/>\n\t<meta name=\"twitter:data1\" content=\"2 minutos\" \/>\n<script type=\"application\/ld+json\" class=\"yoast-schema-graph\">{\"@context\":\"https:\/\/schema.org\",\"@graph\":[{\"@type\":\"WebPage\",\"@id\":\"https:\/\/www.terresdevidalba.com\/es\/tienda\/producto\/los-must-de-terres-de-vidalba\/\",\"url\":\"https:\/\/www.terresdevidalba.com\/es\/tienda\/producto\/los-must-de-terres-de-vidalba\/\",\"name\":\"Los \u201cmust\u201d de Terres de Vidalba - Terres de Vidalba\",\"isPartOf\":{\"@id\":\"https:\/\/www.terresdevidalba.com\/es\/#website\"},\"primaryImageOfPage\":{\"@id\":\"https:\/\/www.terresdevidalba.com\/es\/tienda\/producto\/los-must-de-terres-de-vidalba\/#primaryimage\"},\"image\":{\"@id\":\"https:\/\/www.terresdevidalba.com\/es\/tienda\/producto\/los-must-de-terres-de-vidalba\/#primaryimage\"},\"thumbnailUrl\":\"https:\/\/www.terresdevidalba.com\/wp-content\/uploads\/2023\/11\/lot-els-must-terres-vidalba-1.jpg\",\"datePublished\":\"2023-11-13T15:11:53+00:00\",\"dateModified\":\"2025-03-31T12:53:47+00:00\",\"breadcrumb\":{\"@id\":\"https:\/\/www.terresdevidalba.com\/es\/tienda\/producto\/los-must-de-terres-de-vidalba\/#breadcrumb\"},\"inLanguage\":\"es\",\"potentialAction\":[{\"@type\":\"ReadAction\",\"target\":[\"https:\/\/www.terresdevidalba.com\/es\/tienda\/producto\/los-must-de-terres-de-vidalba\/\"]}]},{\"@type\":\"ImageObject\",\"inLanguage\":\"es\",\"@id\":\"https:\/\/www.terresdevidalba.com\/es\/tienda\/producto\/los-must-de-terres-de-vidalba\/#primaryimage\",\"url\":\"https:\/\/www.terresdevidalba.com\/wp-content\/uploads\/2023\/11\/lot-els-must-terres-vidalba-1.jpg\",\"contentUrl\":\"https:\/\/www.terresdevidalba.com\/wp-content\/uploads\/2023\/11\/lot-els-must-terres-vidalba-1.jpg\",\"width\":1000,\"height\":1000},{\"@type\":\"BreadcrumbList\",\"@id\":\"https:\/\/www.terresdevidalba.com\/es\/tienda\/producto\/los-must-de-terres-de-vidalba\/#breadcrumb\",\"itemListElement\":[{\"@type\":\"ListItem\",\"position\":1,\"name\":\"Portada\",\"item\":\"https:\/\/www.terresdevidalba.com\/es\/\"},{\"@type\":\"ListItem\",\"position\":2,\"name\":\"Productos\",\"item\":\"https:\/\/www.terresdevidalba.com\/es\/shop\/\"},{\"@type\":\"ListItem\",\"position\":3,\"name\":\"Los \u201cmust\u201d de Terres de Vidalba\"}]},{\"@type\":\"WebSite\",\"@id\":\"https:\/\/www.terresdevidalba.com\/es\/#website\",\"url\":\"https:\/\/www.terresdevidalba.com\/es\/\",\"name\":\"Terres de Vidalba\",\"description\":\"Celler familiar de Poboleda\",\"publisher\":{\"@id\":\"https:\/\/www.terresdevidalba.com\/es\/#organization\"},\"potentialAction\":[{\"@type\":\"SearchAction\",\"target\":{\"@type\":\"EntryPoint\",\"urlTemplate\":\"https:\/\/www.terresdevidalba.com\/es\/?s={search_term_string}\"},\"query-input\":{\"@type\":\"PropertyValueSpecification\",\"valueRequired\":true,\"valueName\":\"search_term_string\"}}],\"inLanguage\":\"es\"},{\"@type\":\"Organization\",\"@id\":\"https:\/\/www.terresdevidalba.com\/es\/#organization\",\"name\":\"Terres de Vidalba\",\"url\":\"https:\/\/www.terresdevidalba.com\/es\/\",\"logo\":{\"@type\":\"ImageObject\",\"inLanguage\":\"es\",\"@id\":\"https:\/\/www.terresdevidalba.com\/es\/#\/schema\/logo\/image\/\",\"url\":\"https:\/\/www.terresdevidalba.com\/wp-content\/uploads\/2023\/08\/logo-terres-DOQ-PhotoRoom.png-PhotoRoom.png\",\"contentUrl\":\"https:\/\/www.terresdevidalba.com\/wp-content\/uploads\/2023\/08\/logo-terres-DOQ-PhotoRoom.png-PhotoRoom.png\",\"width\":500,\"height\":290,\"caption\":\"Terres de Vidalba\"},\"image\":{\"@id\":\"https:\/\/www.terresdevidalba.com\/es\/#\/schema\/logo\/image\/\"}}]}<\/script>\n<!-- \/ Yoast SEO plugin. -->","yoast_head_json":{"title":"Los \u201cmust\u201d de Terres de Vidalba - Terres de Vidalba","robots":{"index":"index","follow":"follow","max-snippet":"max-snippet:-1","max-image-preview":"max-image-preview:large","max-video-preview":"max-video-preview:-1"},"canonical":"https:\/\/www.terresdevidalba.com\/es\/tienda\/producto\/los-must-de-terres-de-vidalba\/","og_locale":"es_ES","og_type":"article","og_title":"Los \u201cmust\u201d de Terres de Vidalba - Terres de Vidalba","og_description":"D\u00e9jate cautivar por la versatilidad y elegancia de nuestros esenciales enol\u00f3gicos. Seducci\u00f3n, expresi\u00f3n y frescura se combinan en un tr\u00edo incomparable que no puede faltar en tu despensa. Infinitas posibilidades para maridar y complementar tus platos favoritos.  &nbsp;&nbsp;","og_url":"https:\/\/www.terresdevidalba.com\/es\/tienda\/producto\/los-must-de-terres-de-vidalba\/","og_site_name":"Terres de Vidalba","article_modified_time":"2025-03-31T12:53:47+00:00","og_image":[{"width":1000,"height":1000,"url":"https:\/\/www.terresdevidalba.com\/wp-content\/uploads\/2023\/11\/lot-els-must-terres-vidalba-1.jpg","type":"image\/jpeg"}],"twitter_card":"summary_large_image","twitter_misc":{"Tiempo de lectura":"2 minutos"},"schema":{"@context":"https:\/\/schema.org","@graph":[{"@type":"WebPage","@id":"https:\/\/www.terresdevidalba.com\/es\/tienda\/producto\/los-must-de-terres-de-vidalba\/","url":"https:\/\/www.terresdevidalba.com\/es\/tienda\/producto\/los-must-de-terres-de-vidalba\/","name":"Los \u201cmust\u201d de Terres de Vidalba - Terres de Vidalba","isPartOf":{"@id":"https:\/\/www.terresdevidalba.com\/es\/#website"},"primaryImageOfPage":{"@id":"https:\/\/www.terresdevidalba.com\/es\/tienda\/producto\/los-must-de-terres-de-vidalba\/#primaryimage"},"image":{"@id":"https:\/\/www.terresdevidalba.com\/es\/tienda\/producto\/los-must-de-terres-de-vidalba\/#primaryimage"},"thumbnailUrl":"https:\/\/www.terresdevidalba.com\/wp-content\/uploads\/2023\/11\/lot-els-must-terres-vidalba-1.jpg","datePublished":"2023-11-13T15:11:53+00:00","dateModified":"2025-03-31T12:53:47+00:00","breadcrumb":{"@id":"https:\/\/www.terresdevidalba.com\/es\/tienda\/producto\/los-must-de-terres-de-vidalba\/#breadcrumb"},"inLanguage":"es","potentialAction":[{"@type":"ReadAction","target":["https:\/\/www.terresdevidalba.com\/es\/tienda\/producto\/los-must-de-terres-de-vidalba\/"]}]},{"@type":"ImageObject","inLanguage":"es","@id":"https:\/\/www.terresdevidalba.com\/es\/tienda\/producto\/los-must-de-terres-de-vidalba\/#primaryimage","url":"https:\/\/www.terresdevidalba.com\/wp-content\/uploads\/2023\/11\/lot-els-must-terres-vidalba-1.jpg","contentUrl":"https:\/\/www.terresdevidalba.com\/wp-content\/uploads\/2023\/11\/lot-els-must-terres-vidalba-1.jpg","width":1000,"height":1000},{"@type":"BreadcrumbList","@id":"https:\/\/www.terresdevidalba.com\/es\/tienda\/producto\/los-must-de-terres-de-vidalba\/#breadcrumb","itemListElement":[{"@type":"ListItem","position":1,"name":"Portada","item":"https:\/\/www.terresdevidalba.com\/es\/"},{"@type":"ListItem","position":2,"name":"Productos","item":"https:\/\/www.terresdevidalba.com\/es\/shop\/"},{"@type":"ListItem","position":3,"name":"Los \u201cmust\u201d de Terres de Vidalba"}]},{"@type":"WebSite","@id":"https:\/\/www.terresdevidalba.com\/es\/#website","url":"https:\/\/www.terresdevidalba.com\/es\/","name":"Terres de Vidalba","description":"Celler familiar de Poboleda","publisher":{"@id":"https:\/\/www.terresdevidalba.com\/es\/#organization"},"potentialAction":[{"@type":"SearchAction","target":{"@type":"EntryPoint","urlTemplate":"https:\/\/www.terresdevidalba.com\/es\/?s={search_term_string}"},"query-input":{"@type":"PropertyValueSpecification","valueRequired":true,"valueName":"search_term_string"}}],"inLanguage":"es"},{"@type":"Organization","@id":"https:\/\/www.terresdevidalba.com\/es\/#organization","name":"Terres de Vidalba","url":"https:\/\/www.terresdevidalba.com\/es\/","logo":{"@type":"ImageObject","inLanguage":"es","@id":"https:\/\/www.terresdevidalba.com\/es\/#\/schema\/logo\/image\/","url":"https:\/\/www.terresdevidalba.com\/wp-content\/uploads\/2023\/08\/logo-terres-DOQ-PhotoRoom.png-PhotoRoom.png","contentUrl":"https:\/\/www.terresdevidalba.com\/wp-content\/uploads\/2023\/08\/logo-terres-DOQ-PhotoRoom.png-PhotoRoom.png","width":500,"height":290,"caption":"Terres de Vidalba"},"image":{"@id":"https:\/\/www.terresdevidalba.com\/es\/#\/schema\/logo\/image\/"}}]}},"_links":{"self":[{"href":"https:\/\/www.terresdevidalba.com\/es\/wp-json\/wp\/v2\/product\/4268","targetHints":{"allow":["GET"]}}],"collection":[{"href":"https:\/\/www.terresdevidalba.com\/es\/wp-json\/wp\/v2\/product"}],"about":[{"href":"https:\/\/www.terresdevidalba.com\/es\/wp-json\/wp\/v2\/types\/product"}],"replies":[{"embeddable":true,"href":"https:\/\/www.terresdevidalba.com\/es\/wp-json\/wp\/v2\/comments?post=4268"}],"version-history":[{"count":9,"href":"https:\/\/www.terresdevidalba.com\/es\/wp-json\/wp\/v2\/product\/4268\/revisions"}],"predecessor-version":[{"id":4619,"href":"https:\/\/www.terresdevidalba.com\/es\/wp-json\/wp\/v2\/product\/4268\/revisions\/4619"}],"wp:featuredmedia":[{"embeddable":true,"href":"https:\/\/www.terresdevidalba.com\/es\/wp-json\/wp\/v2\/media\/3567"}],"wp:attachment":[{"href":"https:\/\/www.terresdevidalba.com\/es\/wp-json\/wp\/v2\/media?parent=4268"}],"wp:term":[{"taxonomy":"product_cat","embeddable":true,"href":"https:\/\/www.terresdevidalba.com\/es\/wp-json\/wp\/v2\/product_cat?post=4268"},{"taxonomy":"product_tag","embeddable":true,"href":"https:\/\/www.terresdevidalba.com\/es\/wp-json\/wp\/v2\/product_tag?post=4268"},{"taxonomy":"giftcard-category","embeddable":true,"href":"https:\/\/www.terresdevidalba.com\/es\/wp-json\/wp\/v2\/giftcard-category?post=4268"}],"curies":[{"name":"wp","href":"https:\/\/api.w.org\/{rel}","templated":true}]}}