{"id":4304,"date":"2023-11-13T15:24:27","date_gmt":"2023-11-13T15:24:27","guid":{"rendered":"https:\/\/www.terresdevidalba.com\/?post_type=product&#038;p=4304"},"modified":"2025-11-03T13:15:17","modified_gmt":"2025-11-03T13:15:17","slug":"barranc-de-la-bruixa","status":"publish","type":"product","link":"https:\/\/www.terresdevidalba.com\/es\/tienda\/producto\/barranc-de-la-bruixa\/","title":{"rendered":"Barranc de la Bruixa"},"content":{"rendered":"<div class=\"page\" title=\"Page 7\">\n<div class=\"section\">\n<div class=\"layoutArea\">\n<div class=\"column\">\n<h2>Barranc de la Bruixa<\/h2>\n<p>La esencia de Terres de Vidalba representada por nuestros tintos, caracterizados por la mineralidad que aporta la llicorella. Desde la profunda complejidad del TOCS hasta la frescura vibrante del VIDALBA, descubre el encanto del terru\u00f1o del Barranc de la Bruixa.<\/p>\n<h3>La selecci\u00f3n incluye:<\/h3>\n<p>\u2022 3 botellas de vino tinto Tocs<br \/>\n\u2022 3 botellas de vino tinto Vidalba 2016<\/p>\n<h4>Tocs<\/h4>\n<p>El veterano de Terres de Vidalba, el reflejo de la innovaci\u00f3n y la pasi\u00f3n por las tradiciones arraigadas. Con una mezcla \u00fanica de variedades aut\u00f3ctonas y mediterr\u00e1neas, represento la esencia de este territorio vin\u00edcola.<br \/>\nMi crianza en barrica de roble franc\u00e9s durante meses me ha conferido una elegancia y equilibrio incomparables, mientras conservo mi frescura y vitalidad. En boca, soy sabroso y envolvente, con una rica paleta de sabores que te llevar\u00e1n en un viaje sensorial inolvidable. El buen gusto hecho vino.<\/p>\n<p>Consulta m\u00e1s informaci\u00f3n <a href=\"https:\/\/www.terresdevidalba.com\/producto\/vi-negre-tocs\/\">aqu\u00ed.<\/a><\/p>\n<h4>Vidalba 2016<\/h4>\n<div class=\"column\">\n<p>La esencia de Terres de Vidalba, la puerta de entrada a nuestro particular Priorat. Con una combinaci\u00f3n \u00fanica de variedades cuidadosamente seleccionadas, represento la frescura y la complejidad en su m\u00e1xima expresi\u00f3n. Mi car\u00e1cter de vino tinto se evidencia en la llicorella, que me dota de una personalidad \u00fanica y distintiva que no deja a nadie indiferente.<br \/>\nMi crianza en barrica de roble franc\u00e9s durante meses me ha conferido una elegancia y equilibrio incomparables, mientras conservo mi frescura y vitalidad. En boca, soy sabroso y envolvente, con una rica paleta de sabores que te llevar\u00e1n en un viaje sensorial inolvidable. El buen gusto hecho vino.<\/p>\n<p>Consulta m\u00e1s informaci\u00f3n <a href=\"https:\/\/www.terresdevidalba.com\/producto\/vi-negre-vidalba\/\">aqu\u00ed<\/a>.<\/p>\n<\/div>\n<\/div>\n<\/div>\n<\/div>\n<\/div>\n","protected":false},"excerpt":{"rendered":"<p>La esencia de Terres de Vidalba representada por nuestros tintos, caracterizados por la mineralidad que aporta la llicorella. Desde la profunda complejidad del TOCS hasta la frescura vibrante del VIDALBA, descubre el encanto de este terru\u00f1o.<\/p>\n","protected":false},"featured_media":3465,"comment_status":"closed","ping_status":"closed","template":"","meta":{"_acf_changed":false},"product_cat":[109,105],"product_tag":[],"giftcard-category":[],"class_list":{"0":"post-4304","1":"product","2":"type-product","3":"status-publish","4":"has-post-thumbnail","6":"product_cat-lots-es","7":"product_cat-vins-es","8":"product_shipping_class-4-6-ampolles-es","10":"first","11":"instock","12":"taxable","13":"shipping-taxable","14":"purchasable","15":"product-type-simple"},"acf":[],"yoast_head":"<!-- This site is optimized with the Yoast SEO plugin v23.9 - https:\/\/yoast.com\/wordpress\/plugins\/seo\/ -->\n<title>Barranc de la Bruixa - Terres de Vidalba<\/title>\n<meta name=\"robots\" content=\"index, follow, max-snippet:-1, max-image-preview:large, max-video-preview:-1\" \/>\n<link rel=\"canonical\" href=\"https:\/\/www.terresdevidalba.com\/es\/tienda\/producto\/barranc-de-la-bruixa\/\" \/>\n<meta property=\"og:locale\" content=\"es_ES\" \/>\n<meta property=\"og:type\" content=\"article\" \/>\n<meta property=\"og:title\" content=\"Barranc de la Bruixa - Terres de Vidalba\" \/>\n<meta property=\"og:description\" content=\"La esencia de Terres de Vidalba representada por nuestros tintos, caracterizados por la mineralidad que aporta la llicorella. Desde la profunda complejidad del TOCS hasta la frescura vibrante del VIDALBA, descubre el encanto de este terru\u00f1o.\" \/>\n<meta property=\"og:url\" content=\"https:\/\/www.terresdevidalba.com\/es\/tienda\/producto\/barranc-de-la-bruixa\/\" \/>\n<meta property=\"og:site_name\" content=\"Terres de Vidalba\" \/>\n<meta property=\"article:modified_time\" content=\"2025-11-03T13:15:17+00:00\" \/>\n<meta property=\"og:image\" content=\"https:\/\/www.terresdevidalba.com\/wp-content\/uploads\/2023\/11\/lot-bruixa.jpg\" \/>\n\t<meta property=\"og:image:width\" content=\"1000\" \/>\n\t<meta property=\"og:image:height\" content=\"1000\" \/>\n\t<meta property=\"og:image:type\" content=\"image\/jpeg\" \/>\n<meta name=\"twitter:card\" content=\"summary_large_image\" \/>\n<meta name=\"twitter:label1\" content=\"Tiempo de lectura\" \/>\n\t<meta name=\"twitter:data1\" content=\"2 minutos\" \/>\n<script type=\"application\/ld+json\" class=\"yoast-schema-graph\">{\"@context\":\"https:\/\/schema.org\",\"@graph\":[{\"@type\":\"WebPage\",\"@id\":\"https:\/\/www.terresdevidalba.com\/es\/tienda\/producto\/barranc-de-la-bruixa\/\",\"url\":\"https:\/\/www.terresdevidalba.com\/es\/tienda\/producto\/barranc-de-la-bruixa\/\",\"name\":\"Barranc de la Bruixa - Terres de Vidalba\",\"isPartOf\":{\"@id\":\"https:\/\/www.terresdevidalba.com\/es\/#website\"},\"primaryImageOfPage\":{\"@id\":\"https:\/\/www.terresdevidalba.com\/es\/tienda\/producto\/barranc-de-la-bruixa\/#primaryimage\"},\"image\":{\"@id\":\"https:\/\/www.terresdevidalba.com\/es\/tienda\/producto\/barranc-de-la-bruixa\/#primaryimage\"},\"thumbnailUrl\":\"https:\/\/www.terresdevidalba.com\/wp-content\/uploads\/2023\/11\/lot-bruixa.jpg\",\"datePublished\":\"2023-11-13T15:24:27+00:00\",\"dateModified\":\"2025-11-03T13:15:17+00:00\",\"breadcrumb\":{\"@id\":\"https:\/\/www.terresdevidalba.com\/es\/tienda\/producto\/barranc-de-la-bruixa\/#breadcrumb\"},\"inLanguage\":\"es\",\"potentialAction\":[{\"@type\":\"ReadAction\",\"target\":[\"https:\/\/www.terresdevidalba.com\/es\/tienda\/producto\/barranc-de-la-bruixa\/\"]}]},{\"@type\":\"ImageObject\",\"inLanguage\":\"es\",\"@id\":\"https:\/\/www.terresdevidalba.com\/es\/tienda\/producto\/barranc-de-la-bruixa\/#primaryimage\",\"url\":\"https:\/\/www.terresdevidalba.com\/wp-content\/uploads\/2023\/11\/lot-bruixa.jpg\",\"contentUrl\":\"https:\/\/www.terresdevidalba.com\/wp-content\/uploads\/2023\/11\/lot-bruixa.jpg\",\"width\":1000,\"height\":1000},{\"@type\":\"BreadcrumbList\",\"@id\":\"https:\/\/www.terresdevidalba.com\/es\/tienda\/producto\/barranc-de-la-bruixa\/#breadcrumb\",\"itemListElement\":[{\"@type\":\"ListItem\",\"position\":1,\"name\":\"Portada\",\"item\":\"https:\/\/www.terresdevidalba.com\/es\/\"},{\"@type\":\"ListItem\",\"position\":2,\"name\":\"Productos\",\"item\":\"https:\/\/www.terresdevidalba.com\/es\/shop\/\"},{\"@type\":\"ListItem\",\"position\":3,\"name\":\"Barranc de la Bruixa\"}]},{\"@type\":\"WebSite\",\"@id\":\"https:\/\/www.terresdevidalba.com\/es\/#website\",\"url\":\"https:\/\/www.terresdevidalba.com\/es\/\",\"name\":\"Terres de Vidalba\",\"description\":\"Celler familiar de Poboleda\",\"publisher\":{\"@id\":\"https:\/\/www.terresdevidalba.com\/es\/#organization\"},\"potentialAction\":[{\"@type\":\"SearchAction\",\"target\":{\"@type\":\"EntryPoint\",\"urlTemplate\":\"https:\/\/www.terresdevidalba.com\/es\/?s={search_term_string}\"},\"query-input\":{\"@type\":\"PropertyValueSpecification\",\"valueRequired\":true,\"valueName\":\"search_term_string\"}}],\"inLanguage\":\"es\"},{\"@type\":\"Organization\",\"@id\":\"https:\/\/www.terresdevidalba.com\/es\/#organization\",\"name\":\"Terres de Vidalba\",\"url\":\"https:\/\/www.terresdevidalba.com\/es\/\",\"logo\":{\"@type\":\"ImageObject\",\"inLanguage\":\"es\",\"@id\":\"https:\/\/www.terresdevidalba.com\/es\/#\/schema\/logo\/image\/\",\"url\":\"https:\/\/www.terresdevidalba.com\/wp-content\/uploads\/2023\/08\/logo-terres-DOQ-PhotoRoom.png-PhotoRoom.png\",\"contentUrl\":\"https:\/\/www.terresdevidalba.com\/wp-content\/uploads\/2023\/08\/logo-terres-DOQ-PhotoRoom.png-PhotoRoom.png\",\"width\":500,\"height\":290,\"caption\":\"Terres de Vidalba\"},\"image\":{\"@id\":\"https:\/\/www.terresdevidalba.com\/es\/#\/schema\/logo\/image\/\"}}]}<\/script>\n<!-- \/ Yoast SEO plugin. -->","yoast_head_json":{"title":"Barranc de la Bruixa - Terres de Vidalba","robots":{"index":"index","follow":"follow","max-snippet":"max-snippet:-1","max-image-preview":"max-image-preview:large","max-video-preview":"max-video-preview:-1"},"canonical":"https:\/\/www.terresdevidalba.com\/es\/tienda\/producto\/barranc-de-la-bruixa\/","og_locale":"es_ES","og_type":"article","og_title":"Barranc de la Bruixa - Terres de Vidalba","og_description":"La esencia de Terres de Vidalba representada por nuestros tintos, caracterizados por la mineralidad que aporta la llicorella. Desde la profunda complejidad del TOCS hasta la frescura vibrante del VIDALBA, descubre el encanto de este terru\u00f1o.","og_url":"https:\/\/www.terresdevidalba.com\/es\/tienda\/producto\/barranc-de-la-bruixa\/","og_site_name":"Terres de Vidalba","article_modified_time":"2025-11-03T13:15:17+00:00","og_image":[{"width":1000,"height":1000,"url":"https:\/\/www.terresdevidalba.com\/wp-content\/uploads\/2023\/11\/lot-bruixa.jpg","type":"image\/jpeg"}],"twitter_card":"summary_large_image","twitter_misc":{"Tiempo de lectura":"2 minutos"},"schema":{"@context":"https:\/\/schema.org","@graph":[{"@type":"WebPage","@id":"https:\/\/www.terresdevidalba.com\/es\/tienda\/producto\/barranc-de-la-bruixa\/","url":"https:\/\/www.terresdevidalba.com\/es\/tienda\/producto\/barranc-de-la-bruixa\/","name":"Barranc de la Bruixa - Terres de Vidalba","isPartOf":{"@id":"https:\/\/www.terresdevidalba.com\/es\/#website"},"primaryImageOfPage":{"@id":"https:\/\/www.terresdevidalba.com\/es\/tienda\/producto\/barranc-de-la-bruixa\/#primaryimage"},"image":{"@id":"https:\/\/www.terresdevidalba.com\/es\/tienda\/producto\/barranc-de-la-bruixa\/#primaryimage"},"thumbnailUrl":"https:\/\/www.terresdevidalba.com\/wp-content\/uploads\/2023\/11\/lot-bruixa.jpg","datePublished":"2023-11-13T15:24:27+00:00","dateModified":"2025-11-03T13:15:17+00:00","breadcrumb":{"@id":"https:\/\/www.terresdevidalba.com\/es\/tienda\/producto\/barranc-de-la-bruixa\/#breadcrumb"},"inLanguage":"es","potentialAction":[{"@type":"ReadAction","target":["https:\/\/www.terresdevidalba.com\/es\/tienda\/producto\/barranc-de-la-bruixa\/"]}]},{"@type":"ImageObject","inLanguage":"es","@id":"https:\/\/www.terresdevidalba.com\/es\/tienda\/producto\/barranc-de-la-bruixa\/#primaryimage","url":"https:\/\/www.terresdevidalba.com\/wp-content\/uploads\/2023\/11\/lot-bruixa.jpg","contentUrl":"https:\/\/www.terresdevidalba.com\/wp-content\/uploads\/2023\/11\/lot-bruixa.jpg","width":1000,"height":1000},{"@type":"BreadcrumbList","@id":"https:\/\/www.terresdevidalba.com\/es\/tienda\/producto\/barranc-de-la-bruixa\/#breadcrumb","itemListElement":[{"@type":"ListItem","position":1,"name":"Portada","item":"https:\/\/www.terresdevidalba.com\/es\/"},{"@type":"ListItem","position":2,"name":"Productos","item":"https:\/\/www.terresdevidalba.com\/es\/shop\/"},{"@type":"ListItem","position":3,"name":"Barranc de la Bruixa"}]},{"@type":"WebSite","@id":"https:\/\/www.terresdevidalba.com\/es\/#website","url":"https:\/\/www.terresdevidalba.com\/es\/","name":"Terres de Vidalba","description":"Celler familiar de Poboleda","publisher":{"@id":"https:\/\/www.terresdevidalba.com\/es\/#organization"},"potentialAction":[{"@type":"SearchAction","target":{"@type":"EntryPoint","urlTemplate":"https:\/\/www.terresdevidalba.com\/es\/?s={search_term_string}"},"query-input":{"@type":"PropertyValueSpecification","valueRequired":true,"valueName":"search_term_string"}}],"inLanguage":"es"},{"@type":"Organization","@id":"https:\/\/www.terresdevidalba.com\/es\/#organization","name":"Terres de Vidalba","url":"https:\/\/www.terresdevidalba.com\/es\/","logo":{"@type":"ImageObject","inLanguage":"es","@id":"https:\/\/www.terresdevidalba.com\/es\/#\/schema\/logo\/image\/","url":"https:\/\/www.terresdevidalba.com\/wp-content\/uploads\/2023\/08\/logo-terres-DOQ-PhotoRoom.png-PhotoRoom.png","contentUrl":"https:\/\/www.terresdevidalba.com\/wp-content\/uploads\/2023\/08\/logo-terres-DOQ-PhotoRoom.png-PhotoRoom.png","width":500,"height":290,"caption":"Terres de Vidalba"},"image":{"@id":"https:\/\/www.terresdevidalba.com\/es\/#\/schema\/logo\/image\/"}}]}},"_links":{"self":[{"href":"https:\/\/www.terresdevidalba.com\/es\/wp-json\/wp\/v2\/product\/4304","targetHints":{"allow":["GET"]}}],"collection":[{"href":"https:\/\/www.terresdevidalba.com\/es\/wp-json\/wp\/v2\/product"}],"about":[{"href":"https:\/\/www.terresdevidalba.com\/es\/wp-json\/wp\/v2\/types\/product"}],"replies":[{"embeddable":true,"href":"https:\/\/www.terresdevidalba.com\/es\/wp-json\/wp\/v2\/comments?post=4304"}],"version-history":[{"count":3,"href":"https:\/\/www.terresdevidalba.com\/es\/wp-json\/wp\/v2\/product\/4304\/revisions"}],"predecessor-version":[{"id":5884,"href":"https:\/\/www.terresdevidalba.com\/es\/wp-json\/wp\/v2\/product\/4304\/revisions\/5884"}],"wp:featuredmedia":[{"embeddable":true,"href":"https:\/\/www.terresdevidalba.com\/es\/wp-json\/wp\/v2\/media\/3465"}],"wp:attachment":[{"href":"https:\/\/www.terresdevidalba.com\/es\/wp-json\/wp\/v2\/media?parent=4304"}],"wp:term":[{"taxonomy":"product_cat","embeddable":true,"href":"https:\/\/www.terresdevidalba.com\/es\/wp-json\/wp\/v2\/product_cat?post=4304"},{"taxonomy":"product_tag","embeddable":true,"href":"https:\/\/www.terresdevidalba.com\/es\/wp-json\/wp\/v2\/product_tag?post=4304"},{"taxonomy":"giftcard-category","embeddable":true,"href":"https:\/\/www.terresdevidalba.com\/es\/wp-json\/wp\/v2\/giftcard-category?post=4304"}],"curies":[{"name":"wp","href":"https:\/\/api.w.org\/{rel}","templated":true}]}}