{"id":4343,"date":"2024-01-15T11:33:14","date_gmt":"2024-01-15T11:33:14","guid":{"rendered":"https:\/\/www.terresdevidalba.com\/botiga\/producte\/mermelada-tocs\/"},"modified":"2025-04-25T10:52:32","modified_gmt":"2025-04-25T10:52:32","slug":"mermelada-tocs","status":"publish","type":"product","link":"https:\/\/www.terresdevidalba.com\/es\/tienda\/producto\/mermelada-tocs\/","title":{"rendered":"Mermelada TOCS"},"content":{"rendered":"<h3>Mermelada TOCS<\/h3>\n<p>Salsa dulce gelificada de vino Producto Gourmet DOQ Priorat<\/p>\n","protected":false},"excerpt":{"rendered":"<p><span style=\"font-weight: 400;\">Nuestra pasi\u00f3n por este territorio vitivin\u00edcola nos impulsa a explorar nuevos horizontes: transformar nuestra pieza de referencia en innovadoras texturas y formatos. La mermelada TOCS es ideal para acompa\u00f1ar quesos selectos, asados o simplemente disfrutarla de un buen pan artesanal. Descubre la sofisticaci\u00f3n en cada mo\u00f1o.  <\/span><\/p>\n","protected":false},"featured_media":3493,"comment_status":"closed","ping_status":"closed","template":"","meta":{"_acf_changed":false},"product_cat":[139],"product_tag":[],"giftcard-category":[],"class_list":{"0":"post-4343","1":"product","2":"type-product","3":"status-publish","4":"has-post-thumbnail","6":"product_cat-gourmet-es","7":"product_shipping_class-1-ampolla-es","9":"first","10":"instock","11":"taxable","12":"shipping-taxable","13":"purchasable","14":"product-type-simple"},"acf":[],"yoast_head":"<!-- This site is optimized with the Yoast SEO plugin v23.9 - https:\/\/yoast.com\/wordpress\/plugins\/seo\/ -->\n<title>Mermelada TOCS - Terres de Vidalba<\/title>\n<meta name=\"description\" content=\"Explora la sofisticaci\u00f3n de Tierras de Vidalba en cada mo\u00f1o con nuestra mermelada TOCS, ideal para acompa\u00f1ar quesos, asados o con un buen pan artesanal.\" \/>\n<meta name=\"robots\" content=\"index, follow, max-snippet:-1, max-image-preview:large, max-video-preview:-1\" \/>\n<link rel=\"canonical\" href=\"https:\/\/www.terresdevidalba.com\/es\/tienda\/producto\/mermelada-tocs\/\" \/>\n<meta property=\"og:locale\" content=\"es_ES\" \/>\n<meta property=\"og:type\" content=\"article\" \/>\n<meta property=\"og:title\" content=\"Mermelada TOCS - Terres de Vidalba\" \/>\n<meta property=\"og:description\" content=\"Explora la sofisticaci\u00f3n de Tierras de Vidalba en cada mo\u00f1o con nuestra mermelada TOCS, ideal para acompa\u00f1ar quesos, asados o con un buen pan artesanal.\" \/>\n<meta property=\"og:url\" content=\"https:\/\/www.terresdevidalba.com\/es\/tienda\/producto\/mermelada-tocs\/\" \/>\n<meta property=\"og:site_name\" content=\"Terres de Vidalba\" \/>\n<meta property=\"article:modified_time\" content=\"2025-04-25T10:52:32+00:00\" \/>\n<meta property=\"og:image\" content=\"https:\/\/www.terresdevidalba.com\/wp-content\/uploads\/2024\/01\/melmelada01.jpg\" \/>\n\t<meta property=\"og:image:width\" content=\"1000\" \/>\n\t<meta property=\"og:image:height\" content=\"1000\" \/>\n\t<meta property=\"og:image:type\" content=\"image\/jpeg\" \/>\n<meta name=\"twitter:card\" content=\"summary_large_image\" \/>\n<meta name=\"twitter:label1\" content=\"Tiempo de lectura\" \/>\n\t<meta name=\"twitter:data1\" content=\"1 minuto\" \/>\n<script type=\"application\/ld+json\" class=\"yoast-schema-graph\">{\"@context\":\"https:\/\/schema.org\",\"@graph\":[{\"@type\":\"WebPage\",\"@id\":\"https:\/\/www.terresdevidalba.com\/es\/tienda\/producto\/mermelada-tocs\/\",\"url\":\"https:\/\/www.terresdevidalba.com\/es\/tienda\/producto\/mermelada-tocs\/\",\"name\":\"Mermelada TOCS - Terres de Vidalba\",\"isPartOf\":{\"@id\":\"https:\/\/www.terresdevidalba.com\/es\/#website\"},\"primaryImageOfPage\":{\"@id\":\"https:\/\/www.terresdevidalba.com\/es\/tienda\/producto\/mermelada-tocs\/#primaryimage\"},\"image\":{\"@id\":\"https:\/\/www.terresdevidalba.com\/es\/tienda\/producto\/mermelada-tocs\/#primaryimage\"},\"thumbnailUrl\":\"https:\/\/www.terresdevidalba.com\/wp-content\/uploads\/2024\/01\/melmelada01.jpg\",\"datePublished\":\"2024-01-15T11:33:14+00:00\",\"dateModified\":\"2025-04-25T10:52:32+00:00\",\"description\":\"Explora la sofisticaci\u00f3n de Tierras de Vidalba en cada mo\u00f1o con nuestra mermelada TOCS, ideal para acompa\u00f1ar quesos, asados o con un buen pan artesanal.\",\"breadcrumb\":{\"@id\":\"https:\/\/www.terresdevidalba.com\/es\/tienda\/producto\/mermelada-tocs\/#breadcrumb\"},\"inLanguage\":\"es\",\"potentialAction\":[{\"@type\":\"ReadAction\",\"target\":[\"https:\/\/www.terresdevidalba.com\/es\/tienda\/producto\/mermelada-tocs\/\"]}]},{\"@type\":\"ImageObject\",\"inLanguage\":\"es\",\"@id\":\"https:\/\/www.terresdevidalba.com\/es\/tienda\/producto\/mermelada-tocs\/#primaryimage\",\"url\":\"https:\/\/www.terresdevidalba.com\/wp-content\/uploads\/2024\/01\/melmelada01.jpg\",\"contentUrl\":\"https:\/\/www.terresdevidalba.com\/wp-content\/uploads\/2024\/01\/melmelada01.jpg\",\"width\":1000,\"height\":1000,\"caption\":\"Mermelada TOCS\"},{\"@type\":\"BreadcrumbList\",\"@id\":\"https:\/\/www.terresdevidalba.com\/es\/tienda\/producto\/mermelada-tocs\/#breadcrumb\",\"itemListElement\":[{\"@type\":\"ListItem\",\"position\":1,\"name\":\"Portada\",\"item\":\"https:\/\/www.terresdevidalba.com\/es\/\"},{\"@type\":\"ListItem\",\"position\":2,\"name\":\"Productos\",\"item\":\"https:\/\/www.terresdevidalba.com\/es\/shop\/\"},{\"@type\":\"ListItem\",\"position\":3,\"name\":\"Mermelada TOCS\"}]},{\"@type\":\"WebSite\",\"@id\":\"https:\/\/www.terresdevidalba.com\/es\/#website\",\"url\":\"https:\/\/www.terresdevidalba.com\/es\/\",\"name\":\"Terres de Vidalba\",\"description\":\"Celler familiar de Poboleda\",\"publisher\":{\"@id\":\"https:\/\/www.terresdevidalba.com\/es\/#organization\"},\"potentialAction\":[{\"@type\":\"SearchAction\",\"target\":{\"@type\":\"EntryPoint\",\"urlTemplate\":\"https:\/\/www.terresdevidalba.com\/es\/?s={search_term_string}\"},\"query-input\":{\"@type\":\"PropertyValueSpecification\",\"valueRequired\":true,\"valueName\":\"search_term_string\"}}],\"inLanguage\":\"es\"},{\"@type\":\"Organization\",\"@id\":\"https:\/\/www.terresdevidalba.com\/es\/#organization\",\"name\":\"Terres de Vidalba\",\"url\":\"https:\/\/www.terresdevidalba.com\/es\/\",\"logo\":{\"@type\":\"ImageObject\",\"inLanguage\":\"es\",\"@id\":\"https:\/\/www.terresdevidalba.com\/es\/#\/schema\/logo\/image\/\",\"url\":\"https:\/\/www.terresdevidalba.com\/wp-content\/uploads\/2023\/08\/logo-terres-DOQ-PhotoRoom.png-PhotoRoom.png\",\"contentUrl\":\"https:\/\/www.terresdevidalba.com\/wp-content\/uploads\/2023\/08\/logo-terres-DOQ-PhotoRoom.png-PhotoRoom.png\",\"width\":500,\"height\":290,\"caption\":\"Terres de Vidalba\"},\"image\":{\"@id\":\"https:\/\/www.terresdevidalba.com\/es\/#\/schema\/logo\/image\/\"}}]}<\/script>\n<!-- \/ Yoast SEO plugin. -->","yoast_head_json":{"title":"Mermelada TOCS - Terres de Vidalba","description":"Explora la sofisticaci\u00f3n de Tierras de Vidalba en cada mo\u00f1o con nuestra mermelada TOCS, ideal para acompa\u00f1ar quesos, asados o con un buen pan artesanal.","robots":{"index":"index","follow":"follow","max-snippet":"max-snippet:-1","max-image-preview":"max-image-preview:large","max-video-preview":"max-video-preview:-1"},"canonical":"https:\/\/www.terresdevidalba.com\/es\/tienda\/producto\/mermelada-tocs\/","og_locale":"es_ES","og_type":"article","og_title":"Mermelada TOCS - Terres de Vidalba","og_description":"Explora la sofisticaci\u00f3n de Tierras de Vidalba en cada mo\u00f1o con nuestra mermelada TOCS, ideal para acompa\u00f1ar quesos, asados o con un buen pan artesanal.","og_url":"https:\/\/www.terresdevidalba.com\/es\/tienda\/producto\/mermelada-tocs\/","og_site_name":"Terres de Vidalba","article_modified_time":"2025-04-25T10:52:32+00:00","og_image":[{"width":1000,"height":1000,"url":"https:\/\/www.terresdevidalba.com\/wp-content\/uploads\/2024\/01\/melmelada01.jpg","type":"image\/jpeg"}],"twitter_card":"summary_large_image","twitter_misc":{"Tiempo de lectura":"1 minuto"},"schema":{"@context":"https:\/\/schema.org","@graph":[{"@type":"WebPage","@id":"https:\/\/www.terresdevidalba.com\/es\/tienda\/producto\/mermelada-tocs\/","url":"https:\/\/www.terresdevidalba.com\/es\/tienda\/producto\/mermelada-tocs\/","name":"Mermelada TOCS - Terres de Vidalba","isPartOf":{"@id":"https:\/\/www.terresdevidalba.com\/es\/#website"},"primaryImageOfPage":{"@id":"https:\/\/www.terresdevidalba.com\/es\/tienda\/producto\/mermelada-tocs\/#primaryimage"},"image":{"@id":"https:\/\/www.terresdevidalba.com\/es\/tienda\/producto\/mermelada-tocs\/#primaryimage"},"thumbnailUrl":"https:\/\/www.terresdevidalba.com\/wp-content\/uploads\/2024\/01\/melmelada01.jpg","datePublished":"2024-01-15T11:33:14+00:00","dateModified":"2025-04-25T10:52:32+00:00","description":"Explora la sofisticaci\u00f3n de Tierras de Vidalba en cada mo\u00f1o con nuestra mermelada TOCS, ideal para acompa\u00f1ar quesos, asados o con un buen pan artesanal.","breadcrumb":{"@id":"https:\/\/www.terresdevidalba.com\/es\/tienda\/producto\/mermelada-tocs\/#breadcrumb"},"inLanguage":"es","potentialAction":[{"@type":"ReadAction","target":["https:\/\/www.terresdevidalba.com\/es\/tienda\/producto\/mermelada-tocs\/"]}]},{"@type":"ImageObject","inLanguage":"es","@id":"https:\/\/www.terresdevidalba.com\/es\/tienda\/producto\/mermelada-tocs\/#primaryimage","url":"https:\/\/www.terresdevidalba.com\/wp-content\/uploads\/2024\/01\/melmelada01.jpg","contentUrl":"https:\/\/www.terresdevidalba.com\/wp-content\/uploads\/2024\/01\/melmelada01.jpg","width":1000,"height":1000,"caption":"Mermelada TOCS"},{"@type":"BreadcrumbList","@id":"https:\/\/www.terresdevidalba.com\/es\/tienda\/producto\/mermelada-tocs\/#breadcrumb","itemListElement":[{"@type":"ListItem","position":1,"name":"Portada","item":"https:\/\/www.terresdevidalba.com\/es\/"},{"@type":"ListItem","position":2,"name":"Productos","item":"https:\/\/www.terresdevidalba.com\/es\/shop\/"},{"@type":"ListItem","position":3,"name":"Mermelada TOCS"}]},{"@type":"WebSite","@id":"https:\/\/www.terresdevidalba.com\/es\/#website","url":"https:\/\/www.terresdevidalba.com\/es\/","name":"Terres de Vidalba","description":"Celler familiar de Poboleda","publisher":{"@id":"https:\/\/www.terresdevidalba.com\/es\/#organization"},"potentialAction":[{"@type":"SearchAction","target":{"@type":"EntryPoint","urlTemplate":"https:\/\/www.terresdevidalba.com\/es\/?s={search_term_string}"},"query-input":{"@type":"PropertyValueSpecification","valueRequired":true,"valueName":"search_term_string"}}],"inLanguage":"es"},{"@type":"Organization","@id":"https:\/\/www.terresdevidalba.com\/es\/#organization","name":"Terres de Vidalba","url":"https:\/\/www.terresdevidalba.com\/es\/","logo":{"@type":"ImageObject","inLanguage":"es","@id":"https:\/\/www.terresdevidalba.com\/es\/#\/schema\/logo\/image\/","url":"https:\/\/www.terresdevidalba.com\/wp-content\/uploads\/2023\/08\/logo-terres-DOQ-PhotoRoom.png-PhotoRoom.png","contentUrl":"https:\/\/www.terresdevidalba.com\/wp-content\/uploads\/2023\/08\/logo-terres-DOQ-PhotoRoom.png-PhotoRoom.png","width":500,"height":290,"caption":"Terres de Vidalba"},"image":{"@id":"https:\/\/www.terresdevidalba.com\/es\/#\/schema\/logo\/image\/"}}]}},"_links":{"self":[{"href":"https:\/\/www.terresdevidalba.com\/es\/wp-json\/wp\/v2\/product\/4343","targetHints":{"allow":["GET"]}}],"collection":[{"href":"https:\/\/www.terresdevidalba.com\/es\/wp-json\/wp\/v2\/product"}],"about":[{"href":"https:\/\/www.terresdevidalba.com\/es\/wp-json\/wp\/v2\/types\/product"}],"replies":[{"embeddable":true,"href":"https:\/\/www.terresdevidalba.com\/es\/wp-json\/wp\/v2\/comments?post=4343"}],"version-history":[{"count":1,"href":"https:\/\/www.terresdevidalba.com\/es\/wp-json\/wp\/v2\/product\/4343\/revisions"}],"predecessor-version":[{"id":4867,"href":"https:\/\/www.terresdevidalba.com\/es\/wp-json\/wp\/v2\/product\/4343\/revisions\/4867"}],"wp:featuredmedia":[{"embeddable":true,"href":"https:\/\/www.terresdevidalba.com\/es\/wp-json\/wp\/v2\/media\/3493"}],"wp:attachment":[{"href":"https:\/\/www.terresdevidalba.com\/es\/wp-json\/wp\/v2\/media?parent=4343"}],"wp:term":[{"taxonomy":"product_cat","embeddable":true,"href":"https:\/\/www.terresdevidalba.com\/es\/wp-json\/wp\/v2\/product_cat?post=4343"},{"taxonomy":"product_tag","embeddable":true,"href":"https:\/\/www.terresdevidalba.com\/es\/wp-json\/wp\/v2\/product_tag?post=4343"},{"taxonomy":"giftcard-category","embeddable":true,"href":"https:\/\/www.terresdevidalba.com\/es\/wp-json\/wp\/v2\/giftcard-category?post=4343"}],"curies":[{"name":"wp","href":"https:\/\/api.w.org\/{rel}","templated":true}]}}