{"id":5635,"date":"2025-09-24T11:44:23","date_gmt":"2025-09-24T11:44:23","guid":{"rendered":"https:\/\/www.terresdevidalba.com\/?post_type=product&#038;p=5635"},"modified":"2025-10-02T08:09:28","modified_gmt":"2025-10-02T08:09:28","slug":"cata-entre-vinedos-tarjeta-regalo-8","status":"publish","type":"product","link":"https:\/\/www.terresdevidalba.com\/es\/tienda\/producto\/cata-entre-vinedos-tarjeta-regalo-8\/","title":{"rendered":"Cata entre vi\u00f1edos Tarjeta Regalo | <br>  8 personas"},"content":{"rendered":"<p data-start=\"94\" data-end=\"545\"><strong data-start=\"94\" data-end=\"202\">Te invitamos a descubrir el mundo del vino con nuestra exclusiva actividad de enoturismo a pie de finca.<\/strong><br data-start=\"202\" data-end=\"205\" \/>Disfruta de una cata de 3 vinos excepcionales mientras recorres nuestros vi\u00f1edos, donde aprender\u00e1s sobre las variedades de uva y las t\u00e9cnicas de cultivo sostenible que utilizamos. Durante la experiencia, te contaremos la historia y el proceso de elaboraci\u00f3n de nuestros vinos, para que puedas apreciar cada detalle de lo que hay en tu copa.<\/p>\n<p data-start=\"547\" data-end=\"702\"><strong data-start=\"547\" data-end=\"615\">La experiencia es adaptable para personas con movilidad reducida<\/strong>, para que todos puedan disfrutar del encanto y la tradici\u00f3n vitivin\u00edcola de la regi\u00f3n.<\/p>\n<p data-start=\"704\" data-end=\"970\"><strong data-start=\"704\" data-end=\"718\">IMPORTANT:<\/strong> Las tarjetas regalo solo son v\u00e1lidas para descuentos aplicables a personas mayores de edad. Adem\u00e1s, las tarjetas ofrecen diversas opciones, con capacidad para grupos de entre 6 y 12 personas, para disfrutar de esta experiencia \u00fanica en buena compa\u00f1\u00eda.<\/p>\n","protected":false},"excerpt":{"rendered":"<p>Te invitamos a descubrir el mundo del vino con nuestra exclusiva actividad de enoturismo a pie de finca.Disfruta de una cata de 3 vinos excepcionales mientras recorres nuestros vi\u00f1edos, donde aprender\u00e1s sobre las variedades de uva y las t\u00e9cnicas de cultivo sostenible que utilizamos. Durante la experiencia, te contaremos la historia y el proceso de [&hellip;]<\/p>\n","protected":false},"featured_media":5090,"comment_status":"closed","ping_status":"closed","template":"","meta":{"_acf_changed":false},"product_cat":[96],"product_tag":[],"giftcard-category":[],"class_list":{"0":"post-5635","1":"product","2":"type-product","3":"status-publish","4":"has-post-thumbnail","6":"product_cat-sin-categorizar-es","8":"first","9":"instock","10":"virtual","11":"taxable","12":"purchasable","13":"product-type-gift-card"},"acf":[],"yoast_head":"<!-- This site is optimized with the Yoast SEO plugin v23.9 - https:\/\/yoast.com\/wordpress\/plugins\/seo\/ -->\n<title>Cata entre vi\u00f1edos Tarjeta Regalo |  8 personas - Terres de Vidalba<\/title>\n<meta name=\"robots\" content=\"index, follow, max-snippet:-1, max-image-preview:large, max-video-preview:-1\" \/>\n<link rel=\"canonical\" href=\"https:\/\/www.terresdevidalba.com\/es\/tienda\/producto\/cata-entre-vinedos-tarjeta-regalo-8\/\" \/>\n<meta property=\"og:locale\" content=\"es_ES\" \/>\n<meta property=\"og:type\" content=\"article\" \/>\n<meta property=\"og:title\" content=\"Cata entre vi\u00f1edos Tarjeta Regalo |  8 personas - Terres de Vidalba\" \/>\n<meta property=\"og:description\" content=\"Te invitamos a descubrir el mundo del vino con nuestra exclusiva actividad de enoturismo a pie de finca.Disfruta de una cata de 3 vinos excepcionales mientras recorres nuestros vi\u00f1edos, donde aprender\u00e1s sobre las variedades de uva y las t\u00e9cnicas de cultivo sostenible que utilizamos. Durante la experiencia, te contaremos la historia y el proceso de [&hellip;]\" \/>\n<meta property=\"og:url\" content=\"https:\/\/www.terresdevidalba.com\/es\/tienda\/producto\/cata-entre-vinedos-tarjeta-regalo-8\/\" \/>\n<meta property=\"og:site_name\" content=\"Terres de Vidalba\" \/>\n<meta property=\"article:modified_time\" content=\"2025-10-02T08:09:28+00:00\" \/>\n<meta property=\"og:image\" content=\"https:\/\/www.terresdevidalba.com\/wp-content\/uploads\/2025\/05\/XEC-REGAL-TERRES-DE-VIDALBA.jpg\" \/>\n\t<meta property=\"og:image:width\" content=\"1190\" \/>\n\t<meta property=\"og:image:height\" content=\"566\" \/>\n\t<meta property=\"og:image:type\" content=\"image\/jpeg\" \/>\n<meta name=\"twitter:card\" content=\"summary_large_image\" \/>\n<meta name=\"twitter:label1\" content=\"Tiempo de lectura\" \/>\n\t<meta name=\"twitter:data1\" content=\"1 minuto\" \/>\n<script type=\"application\/ld+json\" class=\"yoast-schema-graph\">{\"@context\":\"https:\/\/schema.org\",\"@graph\":[{\"@type\":\"WebPage\",\"@id\":\"https:\/\/www.terresdevidalba.com\/es\/tienda\/producto\/cata-entre-vinedos-tarjeta-regalo-8\/\",\"url\":\"https:\/\/www.terresdevidalba.com\/es\/tienda\/producto\/cata-entre-vinedos-tarjeta-regalo-8\/\",\"name\":\"Cata entre vi\u00f1edos Tarjeta Regalo | 8 personas - Terres de Vidalba\",\"isPartOf\":{\"@id\":\"https:\/\/www.terresdevidalba.com\/es\/#website\"},\"primaryImageOfPage\":{\"@id\":\"https:\/\/www.terresdevidalba.com\/es\/tienda\/producto\/cata-entre-vinedos-tarjeta-regalo-8\/#primaryimage\"},\"image\":{\"@id\":\"https:\/\/www.terresdevidalba.com\/es\/tienda\/producto\/cata-entre-vinedos-tarjeta-regalo-8\/#primaryimage\"},\"thumbnailUrl\":\"https:\/\/www.terresdevidalba.com\/wp-content\/uploads\/2025\/05\/XEC-REGAL-TERRES-DE-VIDALBA.jpg\",\"datePublished\":\"2025-09-24T11:44:23+00:00\",\"dateModified\":\"2025-10-02T08:09:28+00:00\",\"breadcrumb\":{\"@id\":\"https:\/\/www.terresdevidalba.com\/es\/tienda\/producto\/cata-entre-vinedos-tarjeta-regalo-8\/#breadcrumb\"},\"inLanguage\":\"es\",\"potentialAction\":[{\"@type\":\"ReadAction\",\"target\":[\"https:\/\/www.terresdevidalba.com\/es\/tienda\/producto\/cata-entre-vinedos-tarjeta-regalo-8\/\"]}]},{\"@type\":\"ImageObject\",\"inLanguage\":\"es\",\"@id\":\"https:\/\/www.terresdevidalba.com\/es\/tienda\/producto\/cata-entre-vinedos-tarjeta-regalo-8\/#primaryimage\",\"url\":\"https:\/\/www.terresdevidalba.com\/wp-content\/uploads\/2025\/05\/XEC-REGAL-TERRES-DE-VIDALBA.jpg\",\"contentUrl\":\"https:\/\/www.terresdevidalba.com\/wp-content\/uploads\/2025\/05\/XEC-REGAL-TERRES-DE-VIDALBA.jpg\",\"width\":1190,\"height\":566},{\"@type\":\"BreadcrumbList\",\"@id\":\"https:\/\/www.terresdevidalba.com\/es\/tienda\/producto\/cata-entre-vinedos-tarjeta-regalo-8\/#breadcrumb\",\"itemListElement\":[{\"@type\":\"ListItem\",\"position\":1,\"name\":\"Portada\",\"item\":\"https:\/\/www.terresdevidalba.com\/es\/\"},{\"@type\":\"ListItem\",\"position\":2,\"name\":\"Productos\",\"item\":\"https:\/\/www.terresdevidalba.com\/es\/shop\/\"},{\"@type\":\"ListItem\",\"position\":3,\"name\":\"Cata entre vi\u00f1edos Tarjeta Regalo | 8 personas\"}]},{\"@type\":\"WebSite\",\"@id\":\"https:\/\/www.terresdevidalba.com\/es\/#website\",\"url\":\"https:\/\/www.terresdevidalba.com\/es\/\",\"name\":\"Terres de Vidalba\",\"description\":\"Celler familiar de Poboleda\",\"publisher\":{\"@id\":\"https:\/\/www.terresdevidalba.com\/es\/#organization\"},\"potentialAction\":[{\"@type\":\"SearchAction\",\"target\":{\"@type\":\"EntryPoint\",\"urlTemplate\":\"https:\/\/www.terresdevidalba.com\/es\/?s={search_term_string}\"},\"query-input\":{\"@type\":\"PropertyValueSpecification\",\"valueRequired\":true,\"valueName\":\"search_term_string\"}}],\"inLanguage\":\"es\"},{\"@type\":\"Organization\",\"@id\":\"https:\/\/www.terresdevidalba.com\/es\/#organization\",\"name\":\"Terres de Vidalba\",\"url\":\"https:\/\/www.terresdevidalba.com\/es\/\",\"logo\":{\"@type\":\"ImageObject\",\"inLanguage\":\"es\",\"@id\":\"https:\/\/www.terresdevidalba.com\/es\/#\/schema\/logo\/image\/\",\"url\":\"https:\/\/www.terresdevidalba.com\/wp-content\/uploads\/2023\/08\/logo-terres-DOQ-PhotoRoom.png-PhotoRoom.png\",\"contentUrl\":\"https:\/\/www.terresdevidalba.com\/wp-content\/uploads\/2023\/08\/logo-terres-DOQ-PhotoRoom.png-PhotoRoom.png\",\"width\":500,\"height\":290,\"caption\":\"Terres de Vidalba\"},\"image\":{\"@id\":\"https:\/\/www.terresdevidalba.com\/es\/#\/schema\/logo\/image\/\"}}]}<\/script>\n<!-- \/ Yoast SEO plugin. -->","yoast_head_json":{"title":"Cata entre vi\u00f1edos Tarjeta Regalo |  8 personas - Terres de Vidalba","robots":{"index":"index","follow":"follow","max-snippet":"max-snippet:-1","max-image-preview":"max-image-preview:large","max-video-preview":"max-video-preview:-1"},"canonical":"https:\/\/www.terresdevidalba.com\/es\/tienda\/producto\/cata-entre-vinedos-tarjeta-regalo-8\/","og_locale":"es_ES","og_type":"article","og_title":"Cata entre vi\u00f1edos Tarjeta Regalo |  8 personas - Terres de Vidalba","og_description":"Te invitamos a descubrir el mundo del vino con nuestra exclusiva actividad de enoturismo a pie de finca.Disfruta de una cata de 3 vinos excepcionales mientras recorres nuestros vi\u00f1edos, donde aprender\u00e1s sobre las variedades de uva y las t\u00e9cnicas de cultivo sostenible que utilizamos. Durante la experiencia, te contaremos la historia y el proceso de [&hellip;]","og_url":"https:\/\/www.terresdevidalba.com\/es\/tienda\/producto\/cata-entre-vinedos-tarjeta-regalo-8\/","og_site_name":"Terres de Vidalba","article_modified_time":"2025-10-02T08:09:28+00:00","og_image":[{"width":1190,"height":566,"url":"https:\/\/www.terresdevidalba.com\/wp-content\/uploads\/2025\/05\/XEC-REGAL-TERRES-DE-VIDALBA.jpg","type":"image\/jpeg"}],"twitter_card":"summary_large_image","twitter_misc":{"Tiempo de lectura":"1 minuto"},"schema":{"@context":"https:\/\/schema.org","@graph":[{"@type":"WebPage","@id":"https:\/\/www.terresdevidalba.com\/es\/tienda\/producto\/cata-entre-vinedos-tarjeta-regalo-8\/","url":"https:\/\/www.terresdevidalba.com\/es\/tienda\/producto\/cata-entre-vinedos-tarjeta-regalo-8\/","name":"Cata entre vi\u00f1edos Tarjeta Regalo | 8 personas - Terres de Vidalba","isPartOf":{"@id":"https:\/\/www.terresdevidalba.com\/es\/#website"},"primaryImageOfPage":{"@id":"https:\/\/www.terresdevidalba.com\/es\/tienda\/producto\/cata-entre-vinedos-tarjeta-regalo-8\/#primaryimage"},"image":{"@id":"https:\/\/www.terresdevidalba.com\/es\/tienda\/producto\/cata-entre-vinedos-tarjeta-regalo-8\/#primaryimage"},"thumbnailUrl":"https:\/\/www.terresdevidalba.com\/wp-content\/uploads\/2025\/05\/XEC-REGAL-TERRES-DE-VIDALBA.jpg","datePublished":"2025-09-24T11:44:23+00:00","dateModified":"2025-10-02T08:09:28+00:00","breadcrumb":{"@id":"https:\/\/www.terresdevidalba.com\/es\/tienda\/producto\/cata-entre-vinedos-tarjeta-regalo-8\/#breadcrumb"},"inLanguage":"es","potentialAction":[{"@type":"ReadAction","target":["https:\/\/www.terresdevidalba.com\/es\/tienda\/producto\/cata-entre-vinedos-tarjeta-regalo-8\/"]}]},{"@type":"ImageObject","inLanguage":"es","@id":"https:\/\/www.terresdevidalba.com\/es\/tienda\/producto\/cata-entre-vinedos-tarjeta-regalo-8\/#primaryimage","url":"https:\/\/www.terresdevidalba.com\/wp-content\/uploads\/2025\/05\/XEC-REGAL-TERRES-DE-VIDALBA.jpg","contentUrl":"https:\/\/www.terresdevidalba.com\/wp-content\/uploads\/2025\/05\/XEC-REGAL-TERRES-DE-VIDALBA.jpg","width":1190,"height":566},{"@type":"BreadcrumbList","@id":"https:\/\/www.terresdevidalba.com\/es\/tienda\/producto\/cata-entre-vinedos-tarjeta-regalo-8\/#breadcrumb","itemListElement":[{"@type":"ListItem","position":1,"name":"Portada","item":"https:\/\/www.terresdevidalba.com\/es\/"},{"@type":"ListItem","position":2,"name":"Productos","item":"https:\/\/www.terresdevidalba.com\/es\/shop\/"},{"@type":"ListItem","position":3,"name":"Cata entre vi\u00f1edos Tarjeta Regalo | 8 personas"}]},{"@type":"WebSite","@id":"https:\/\/www.terresdevidalba.com\/es\/#website","url":"https:\/\/www.terresdevidalba.com\/es\/","name":"Terres de Vidalba","description":"Celler familiar de Poboleda","publisher":{"@id":"https:\/\/www.terresdevidalba.com\/es\/#organization"},"potentialAction":[{"@type":"SearchAction","target":{"@type":"EntryPoint","urlTemplate":"https:\/\/www.terresdevidalba.com\/es\/?s={search_term_string}"},"query-input":{"@type":"PropertyValueSpecification","valueRequired":true,"valueName":"search_term_string"}}],"inLanguage":"es"},{"@type":"Organization","@id":"https:\/\/www.terresdevidalba.com\/es\/#organization","name":"Terres de Vidalba","url":"https:\/\/www.terresdevidalba.com\/es\/","logo":{"@type":"ImageObject","inLanguage":"es","@id":"https:\/\/www.terresdevidalba.com\/es\/#\/schema\/logo\/image\/","url":"https:\/\/www.terresdevidalba.com\/wp-content\/uploads\/2023\/08\/logo-terres-DOQ-PhotoRoom.png-PhotoRoom.png","contentUrl":"https:\/\/www.terresdevidalba.com\/wp-content\/uploads\/2023\/08\/logo-terres-DOQ-PhotoRoom.png-PhotoRoom.png","width":500,"height":290,"caption":"Terres de Vidalba"},"image":{"@id":"https:\/\/www.terresdevidalba.com\/es\/#\/schema\/logo\/image\/"}}]}},"_links":{"self":[{"href":"https:\/\/www.terresdevidalba.com\/es\/wp-json\/wp\/v2\/product\/5635","targetHints":{"allow":["GET"]}}],"collection":[{"href":"https:\/\/www.terresdevidalba.com\/es\/wp-json\/wp\/v2\/product"}],"about":[{"href":"https:\/\/www.terresdevidalba.com\/es\/wp-json\/wp\/v2\/types\/product"}],"replies":[{"embeddable":true,"href":"https:\/\/www.terresdevidalba.com\/es\/wp-json\/wp\/v2\/comments?post=5635"}],"version-history":[{"count":3,"href":"https:\/\/www.terresdevidalba.com\/es\/wp-json\/wp\/v2\/product\/5635\/revisions"}],"predecessor-version":[{"id":5825,"href":"https:\/\/www.terresdevidalba.com\/es\/wp-json\/wp\/v2\/product\/5635\/revisions\/5825"}],"wp:featuredmedia":[{"embeddable":true,"href":"https:\/\/www.terresdevidalba.com\/es\/wp-json\/wp\/v2\/media\/5090"}],"wp:attachment":[{"href":"https:\/\/www.terresdevidalba.com\/es\/wp-json\/wp\/v2\/media?parent=5635"}],"wp:term":[{"taxonomy":"product_cat","embeddable":true,"href":"https:\/\/www.terresdevidalba.com\/es\/wp-json\/wp\/v2\/product_cat?post=5635"},{"taxonomy":"product_tag","embeddable":true,"href":"https:\/\/www.terresdevidalba.com\/es\/wp-json\/wp\/v2\/product_tag?post=5635"},{"taxonomy":"giftcard-category","embeddable":true,"href":"https:\/\/www.terresdevidalba.com\/es\/wp-json\/wp\/v2\/giftcard-category?post=5635"}],"curies":[{"name":"wp","href":"https:\/\/api.w.org\/{rel}","templated":true}]}}