{"id":5877,"date":"2023-11-13T15:16:07","date_gmt":"2023-11-13T15:16:07","guid":{"rendered":"https:\/\/www.terresdevidalba.com\/?post_type=product&#038;p=5877"},"modified":"2025-11-03T12:53:28","modified_gmt":"2025-11-03T12:53:28","slug":"adn-priorat","status":"publish","type":"product","link":"https:\/\/www.terresdevidalba.com\/es\/tienda\/producto\/adn-priorat\/","title":{"rendered":"ADN Priorat"},"content":{"rendered":"<div class=\"page\" title=\"Page 7\">\n<div class=\"section\">\n<div class=\"layoutArea\">\n<div class=\"column\">\n<h2>ADN Priorat<\/h2>\n<p>Descubre nuestro Priorat lleno de matices, colores, aromas y tonalidades. La pasi\u00f3n y el cari\u00f1o que tenemos por este territorio vitivin\u00edcola tan m\u00e1gico en toda una gama de opciones para todos los gustos y momentos.<\/p>\n<h3>La selecci\u00f3n incluye:<\/h3>\n<\/div>\n<div class=\"column\">\n<ul>\n<li>1 Tocs<\/li>\n<li>1 Vidalba<\/li>\n<li>1 No t\u2019ho dir\u00e9<\/li>\n<li>1 No t\u2019ho dir\u00e9 Rosado<\/li>\n<\/ul>\n<\/div>\n<p data-start=\"54\" data-end=\"62\"><strong data-start=\"54\" data-end=\"62\">Tocs<\/strong><\/p>\n<p data-start=\"64\" data-end=\"283\">El veterano de Terres de Vidalba, el reflejo de la innovaci\u00f3n y la pasi\u00f3n por las tradiciones arraigadas. Con una mezcla \u00fanica de variedades aut\u00f3ctonas y mediterr\u00e1neas, represento la esencia de este territorio vin\u00edcola.<\/p>\n<p data-start=\"285\" data-end=\"581\">Mi crianza en barrica de roble franc\u00e9s durante meses me ha conferido una elegancia y equilibrio incomparables, mientras conservo mi frescura y vitalidad. En boca, soy sabroso y envolvente, con una rica paleta de sabores que te llevar\u00e1n en un viaje sensorial inolvidable. El buen gusto hecho vino.<\/p>\n<p>Consulta m\u00e1s informaci\u00f3n <a href=\"https:\/\/www.terresdevidalba.com\/producto\/vi-negre-tocs\/\">aqu\u00ed.<\/a><\/p>\n<h4>Vidalba 2016<\/h4>\n<div class=\"column\">\n<p>La esencia de Terres de Vidalba, la puerta de entrada a nuestro particular Priorat. Con una combinaci\u00f3n \u00fanica de variedades cuidadosamente seleccionadas, represento la frescura y la complejidad en su m\u00e1xima expresi\u00f3n. Mi car\u00e1cter de vino tinto se evidencia en la llicorella, que me dota de una personalidad \u00fanica y distintiva que no deja a nadie indiferente.<br \/>\nMi crianza en barrica de roble franc\u00e9s durante meses me ha conferido una elegancia y equilibrio incomparables, mientras conservo mi frescura y vitalidad. En boca, soy sabroso y envolvente, con una rica paleta de sabores que te llevar\u00e1n en un viaje sensorial inolvidable. El buen gusto hecho vino.<\/p>\n<p>Consulta m\u00e1s informaci\u00f3n <a href=\"https:\/\/www.terresdevidalba.com\/producto\/vi-negre-vidalba\/\">aqu\u00ed<\/a>.<\/p>\n<h4>No t&#8217;ho dir\u00e9 blanc 2019<\/h4>\n<p>\u00bfMi secreto? No t\u2019ho dir\u00e9\u2026 (No te lo dir\u00e9\u2026) Fragante y equilibrado, el vino blanco de Terres de Vidalba. El encargado de hacer disfrutar de una experiencia \u00fanica y cautivadora. Con un cuidadoso proceso de elaboraci\u00f3n, he sido concebido para resaltar la frescura y la complejidad de mis aromas y sabores.<br \/>\nEn cada sorbo encontrar\u00e1s aromas c\u00edtricos y de frutas blancas frescas que te envolver\u00e1n en una experiencia refrescante que deleitar\u00e1 tus sentidos. Mi final mineral y ligeramente amargo me convierte en el acompa\u00f1ante perfecto para cada ocasi\u00f3n. \u00bfPodr\u00e1s resistirte a mis dotes seductoras?<\/p>\n<p>Consulta m\u00e1s informaci\u00f3n <a href=\"https:\/\/www.terresdevidalba.com\/producto\/vi-blanc-no-tho-dire\/\">aqu\u00ed<\/a>.<\/p>\n<h4>No t\u2019ho dir\u00e9 rosado 2020<\/h4>\n<p>El alma de la fiesta, el confidente de los momentos alegres y vibrantes. Mi meticulosa elaboraci\u00f3n revela un perfil arom\u00e1tico \u00fanico que despliega notas seductoras de frutos rojos y flores primaverales que sacan sonrisas a los corazones m\u00e1s duros. \u00bfEl secreto de ser un vino rosado? No te lo dir\u00e9\u2026<br \/>\nCada sorbo es una explosi\u00f3n de frescura y vitalidad, con un toque de rubor juvenil y una mineralidad distintiva que me distingue y me hace inconfundible. La juventud hecha vino, celebra la vida conmigo.<\/p>\n<\/div>\n<p>Consulta m\u00e1s informaci\u00f3n <a href=\"https:\/\/www.terresdevidalba.com\/producto\/vi-rosat-no-tho-dire-rosat\/\">aqu\u00ed<\/a>.<\/p>\n<\/div>\n<\/div>\n<\/div>\n","protected":false},"excerpt":{"rendered":"<p class=\"\" data-start=\"0\" data-end=\"15\"><strong data-start=\"0\" data-end=\"15\">ADN Priorat<\/strong><\/p>\n<p class=\"\" data-start=\"17\" data-end=\"128\">Descubre la magia del Priorat a trav\u00e9s de una selecci\u00f3n de vinos que reflejan la pasi\u00f3n por este terru\u00f1o \u00fanico.<\/p>\n<p class=\"\" data-start=\"219\" data-end=\"404\"><strong data-start=\"219\" data-end=\"227\">Tocs<\/strong><br data-start=\"227\" data-end=\"230\" \/>El vino veterano de <strong data-start=\"250\" data-end=\"271\">Terres de Vidalba<\/strong>, con una mezcla \u00fanica de variedades aut\u00f2ctones i mediterr\u00e0nies. Crianza en barrica de roble franc\u00e9s, elegante, equilibrado y fresco.<\/p>\n<p class=\"\" data-start=\"406\" data-end=\"570\"><strong data-start=\"406\" data-end=\"422\">Vidalba 2016<\/strong><br data-start=\"422\" data-end=\"425\" \/>La esencia del Priorat, con una personalidad \u00fanica marcada por la <strong data-start=\"491\" data-end=\"505\">llicorella<\/strong>. Elegante, equilibrado y sabroso con una rica paleta de sabores.<\/p>\n<p class=\"\" data-start=\"572\" data-end=\"725\"><strong data-start=\"572\" data-end=\"599\">No t\u2019ho dir\u00e9 Blanc 2019<\/strong><br data-start=\"599\" data-end=\"602\" \/>Vino blanco fragante y equilibrado, con aromas c\u00edtricos y de frutas blancas frescas, un final mineral y ligeramente amargo.<\/p>\n<p class=\"\" data-start=\"727\" data-end=\"880\"><strong data-start=\"727\" data-end=\"755\">No t\u2019ho dir\u00e9 Rosado 2020<\/strong><br data-start=\"755\" data-end=\"758\" \/>Vino rosado fresco y vibrante, con notas de frutos rojos y flores primaverales, destacando por su mineralidad y juventud.<\/p>\n<p class=\"\" data-start=\"882\" data-end=\"966\">Cada vino captura un momento \u00fanico del Priorat, para disfrutar en cualquier ocasi\u00f3n.<\/p>\n","protected":false},"featured_media":3463,"comment_status":"closed","ping_status":"closed","template":"","meta":{"_acf_changed":false},"product_cat":[109,105],"product_tag":[],"giftcard-category":[],"class_list":{"0":"post-5877","1":"product","2":"type-product","3":"status-publish","4":"has-post-thumbnail","6":"product_cat-lots-es","7":"product_cat-vins-es","8":"product_shipping_class-4-6-ampolles-es","10":"first","11":"instock","12":"taxable","13":"shipping-taxable","14":"product-type-simple"},"acf":[],"yoast_head":"<!-- This site is optimized with the Yoast SEO plugin v23.9 - https:\/\/yoast.com\/wordpress\/plugins\/seo\/ -->\n<title>ADN Priorat - Terres de Vidalba<\/title>\n<meta name=\"robots\" content=\"index, follow, max-snippet:-1, max-image-preview:large, max-video-preview:-1\" \/>\n<link rel=\"canonical\" href=\"https:\/\/www.terresdevidalba.com\/es\/tienda\/producto\/adn-priorat\/\" \/>\n<meta property=\"og:locale\" content=\"es_ES\" \/>\n<meta property=\"og:type\" content=\"article\" \/>\n<meta property=\"og:title\" content=\"ADN Priorat - Terres de Vidalba\" \/>\n<meta property=\"og:description\" content=\"ADN Priorat Descubre la magia del Priorat a trav\u00e9s de una selecci\u00f3n de vinos que reflejan la pasi\u00f3n por este terru\u00f1o \u00fanico. TocsEl vino veterano de Terres de Vidalba, con una mezcla \u00fanica de variedades aut\u00f2ctones i mediterr\u00e0nies. Crianza en barrica de roble franc\u00e9s, elegante, equilibrado y fresco. Vidalba 2016La esencia del Priorat, con una personalidad \u00fanica marcada por la llicorella. Elegante, equilibrado y sabroso con una rica paleta de sabores. No t\u2019ho dir\u00e9 Blanc 2019Vino blanco fragante y equilibrado, con aromas c\u00edtricos y de frutas blancas frescas, un final mineral y ligeramente amargo. No t\u2019ho dir\u00e9 Rosado 2020Vino rosado fresco y vibrante, con notas de frutos rojos y flores primaverales, destacando por su mineralidad y juventud. Cada vino captura un momento \u00fanico del Priorat, para disfrutar en cualquier ocasi\u00f3n.\" \/>\n<meta property=\"og:url\" content=\"https:\/\/www.terresdevidalba.com\/es\/tienda\/producto\/adn-priorat\/\" \/>\n<meta property=\"og:site_name\" content=\"Terres de Vidalba\" \/>\n<meta property=\"article:modified_time\" content=\"2025-11-03T12:53:28+00:00\" \/>\n<meta property=\"og:image\" content=\"https:\/\/www.terresdevidalba.com\/wp-content\/uploads\/2023\/11\/LOT-ADN.jpg\" \/>\n\t<meta property=\"og:image:width\" content=\"1000\" \/>\n\t<meta property=\"og:image:height\" content=\"1000\" \/>\n\t<meta property=\"og:image:type\" content=\"image\/jpeg\" \/>\n<meta name=\"twitter:card\" content=\"summary_large_image\" \/>\n<meta name=\"twitter:label1\" content=\"Tiempo de lectura\" \/>\n\t<meta name=\"twitter:data1\" content=\"3 minutos\" \/>\n<script type=\"application\/ld+json\" class=\"yoast-schema-graph\">{\"@context\":\"https:\/\/schema.org\",\"@graph\":[{\"@type\":\"WebPage\",\"@id\":\"https:\/\/www.terresdevidalba.com\/es\/tienda\/producto\/adn-priorat\/\",\"url\":\"https:\/\/www.terresdevidalba.com\/es\/tienda\/producto\/adn-priorat\/\",\"name\":\"ADN Priorat - Terres de Vidalba\",\"isPartOf\":{\"@id\":\"https:\/\/www.terresdevidalba.com\/es\/#website\"},\"primaryImageOfPage\":{\"@id\":\"https:\/\/www.terresdevidalba.com\/es\/tienda\/producto\/adn-priorat\/#primaryimage\"},\"image\":{\"@id\":\"https:\/\/www.terresdevidalba.com\/es\/tienda\/producto\/adn-priorat\/#primaryimage\"},\"thumbnailUrl\":\"https:\/\/www.terresdevidalba.com\/wp-content\/uploads\/2023\/11\/LOT-ADN.jpg\",\"datePublished\":\"2023-11-13T15:16:07+00:00\",\"dateModified\":\"2025-11-03T12:53:28+00:00\",\"breadcrumb\":{\"@id\":\"https:\/\/www.terresdevidalba.com\/es\/tienda\/producto\/adn-priorat\/#breadcrumb\"},\"inLanguage\":\"es\",\"potentialAction\":[{\"@type\":\"ReadAction\",\"target\":[\"https:\/\/www.terresdevidalba.com\/es\/tienda\/producto\/adn-priorat\/\"]}]},{\"@type\":\"ImageObject\",\"inLanguage\":\"es\",\"@id\":\"https:\/\/www.terresdevidalba.com\/es\/tienda\/producto\/adn-priorat\/#primaryimage\",\"url\":\"https:\/\/www.terresdevidalba.com\/wp-content\/uploads\/2023\/11\/LOT-ADN.jpg\",\"contentUrl\":\"https:\/\/www.terresdevidalba.com\/wp-content\/uploads\/2023\/11\/LOT-ADN.jpg\",\"width\":1000,\"height\":1000},{\"@type\":\"BreadcrumbList\",\"@id\":\"https:\/\/www.terresdevidalba.com\/es\/tienda\/producto\/adn-priorat\/#breadcrumb\",\"itemListElement\":[{\"@type\":\"ListItem\",\"position\":1,\"name\":\"Portada\",\"item\":\"https:\/\/www.terresdevidalba.com\/es\/\"},{\"@type\":\"ListItem\",\"position\":2,\"name\":\"Productos\",\"item\":\"https:\/\/www.terresdevidalba.com\/es\/shop\/\"},{\"@type\":\"ListItem\",\"position\":3,\"name\":\"ADN Priorat\"}]},{\"@type\":\"WebSite\",\"@id\":\"https:\/\/www.terresdevidalba.com\/es\/#website\",\"url\":\"https:\/\/www.terresdevidalba.com\/es\/\",\"name\":\"Terres de Vidalba\",\"description\":\"Celler familiar de Poboleda\",\"publisher\":{\"@id\":\"https:\/\/www.terresdevidalba.com\/es\/#organization\"},\"potentialAction\":[{\"@type\":\"SearchAction\",\"target\":{\"@type\":\"EntryPoint\",\"urlTemplate\":\"https:\/\/www.terresdevidalba.com\/es\/?s={search_term_string}\"},\"query-input\":{\"@type\":\"PropertyValueSpecification\",\"valueRequired\":true,\"valueName\":\"search_term_string\"}}],\"inLanguage\":\"es\"},{\"@type\":\"Organization\",\"@id\":\"https:\/\/www.terresdevidalba.com\/es\/#organization\",\"name\":\"Terres de Vidalba\",\"url\":\"https:\/\/www.terresdevidalba.com\/es\/\",\"logo\":{\"@type\":\"ImageObject\",\"inLanguage\":\"es\",\"@id\":\"https:\/\/www.terresdevidalba.com\/es\/#\/schema\/logo\/image\/\",\"url\":\"https:\/\/www.terresdevidalba.com\/wp-content\/uploads\/2023\/08\/logo-terres-DOQ-PhotoRoom.png-PhotoRoom.png\",\"contentUrl\":\"https:\/\/www.terresdevidalba.com\/wp-content\/uploads\/2023\/08\/logo-terres-DOQ-PhotoRoom.png-PhotoRoom.png\",\"width\":500,\"height\":290,\"caption\":\"Terres de Vidalba\"},\"image\":{\"@id\":\"https:\/\/www.terresdevidalba.com\/es\/#\/schema\/logo\/image\/\"}}]}<\/script>\n<!-- \/ Yoast SEO plugin. -->","yoast_head_json":{"title":"ADN Priorat - Terres de Vidalba","robots":{"index":"index","follow":"follow","max-snippet":"max-snippet:-1","max-image-preview":"max-image-preview:large","max-video-preview":"max-video-preview:-1"},"canonical":"https:\/\/www.terresdevidalba.com\/es\/tienda\/producto\/adn-priorat\/","og_locale":"es_ES","og_type":"article","og_title":"ADN Priorat - Terres de Vidalba","og_description":"ADN Priorat Descubre la magia del Priorat a trav\u00e9s de una selecci\u00f3n de vinos que reflejan la pasi\u00f3n por este terru\u00f1o \u00fanico. TocsEl vino veterano de Terres de Vidalba, con una mezcla \u00fanica de variedades aut\u00f2ctones i mediterr\u00e0nies. Crianza en barrica de roble franc\u00e9s, elegante, equilibrado y fresco. Vidalba 2016La esencia del Priorat, con una personalidad \u00fanica marcada por la llicorella. Elegante, equilibrado y sabroso con una rica paleta de sabores. No t\u2019ho dir\u00e9 Blanc 2019Vino blanco fragante y equilibrado, con aromas c\u00edtricos y de frutas blancas frescas, un final mineral y ligeramente amargo. No t\u2019ho dir\u00e9 Rosado 2020Vino rosado fresco y vibrante, con notas de frutos rojos y flores primaverales, destacando por su mineralidad y juventud. Cada vino captura un momento \u00fanico del Priorat, para disfrutar en cualquier ocasi\u00f3n.","og_url":"https:\/\/www.terresdevidalba.com\/es\/tienda\/producto\/adn-priorat\/","og_site_name":"Terres de Vidalba","article_modified_time":"2025-11-03T12:53:28+00:00","og_image":[{"width":1000,"height":1000,"url":"https:\/\/www.terresdevidalba.com\/wp-content\/uploads\/2023\/11\/LOT-ADN.jpg","type":"image\/jpeg"}],"twitter_card":"summary_large_image","twitter_misc":{"Tiempo de lectura":"3 minutos"},"schema":{"@context":"https:\/\/schema.org","@graph":[{"@type":"WebPage","@id":"https:\/\/www.terresdevidalba.com\/es\/tienda\/producto\/adn-priorat\/","url":"https:\/\/www.terresdevidalba.com\/es\/tienda\/producto\/adn-priorat\/","name":"ADN Priorat - Terres de Vidalba","isPartOf":{"@id":"https:\/\/www.terresdevidalba.com\/es\/#website"},"primaryImageOfPage":{"@id":"https:\/\/www.terresdevidalba.com\/es\/tienda\/producto\/adn-priorat\/#primaryimage"},"image":{"@id":"https:\/\/www.terresdevidalba.com\/es\/tienda\/producto\/adn-priorat\/#primaryimage"},"thumbnailUrl":"https:\/\/www.terresdevidalba.com\/wp-content\/uploads\/2023\/11\/LOT-ADN.jpg","datePublished":"2023-11-13T15:16:07+00:00","dateModified":"2025-11-03T12:53:28+00:00","breadcrumb":{"@id":"https:\/\/www.terresdevidalba.com\/es\/tienda\/producto\/adn-priorat\/#breadcrumb"},"inLanguage":"es","potentialAction":[{"@type":"ReadAction","target":["https:\/\/www.terresdevidalba.com\/es\/tienda\/producto\/adn-priorat\/"]}]},{"@type":"ImageObject","inLanguage":"es","@id":"https:\/\/www.terresdevidalba.com\/es\/tienda\/producto\/adn-priorat\/#primaryimage","url":"https:\/\/www.terresdevidalba.com\/wp-content\/uploads\/2023\/11\/LOT-ADN.jpg","contentUrl":"https:\/\/www.terresdevidalba.com\/wp-content\/uploads\/2023\/11\/LOT-ADN.jpg","width":1000,"height":1000},{"@type":"BreadcrumbList","@id":"https:\/\/www.terresdevidalba.com\/es\/tienda\/producto\/adn-priorat\/#breadcrumb","itemListElement":[{"@type":"ListItem","position":1,"name":"Portada","item":"https:\/\/www.terresdevidalba.com\/es\/"},{"@type":"ListItem","position":2,"name":"Productos","item":"https:\/\/www.terresdevidalba.com\/es\/shop\/"},{"@type":"ListItem","position":3,"name":"ADN Priorat"}]},{"@type":"WebSite","@id":"https:\/\/www.terresdevidalba.com\/es\/#website","url":"https:\/\/www.terresdevidalba.com\/es\/","name":"Terres de Vidalba","description":"Celler familiar de Poboleda","publisher":{"@id":"https:\/\/www.terresdevidalba.com\/es\/#organization"},"potentialAction":[{"@type":"SearchAction","target":{"@type":"EntryPoint","urlTemplate":"https:\/\/www.terresdevidalba.com\/es\/?s={search_term_string}"},"query-input":{"@type":"PropertyValueSpecification","valueRequired":true,"valueName":"search_term_string"}}],"inLanguage":"es"},{"@type":"Organization","@id":"https:\/\/www.terresdevidalba.com\/es\/#organization","name":"Terres de Vidalba","url":"https:\/\/www.terresdevidalba.com\/es\/","logo":{"@type":"ImageObject","inLanguage":"es","@id":"https:\/\/www.terresdevidalba.com\/es\/#\/schema\/logo\/image\/","url":"https:\/\/www.terresdevidalba.com\/wp-content\/uploads\/2023\/08\/logo-terres-DOQ-PhotoRoom.png-PhotoRoom.png","contentUrl":"https:\/\/www.terresdevidalba.com\/wp-content\/uploads\/2023\/08\/logo-terres-DOQ-PhotoRoom.png-PhotoRoom.png","width":500,"height":290,"caption":"Terres de Vidalba"},"image":{"@id":"https:\/\/www.terresdevidalba.com\/es\/#\/schema\/logo\/image\/"}}]}},"_links":{"self":[{"href":"https:\/\/www.terresdevidalba.com\/es\/wp-json\/wp\/v2\/product\/5877","targetHints":{"allow":["GET"]}}],"collection":[{"href":"https:\/\/www.terresdevidalba.com\/es\/wp-json\/wp\/v2\/product"}],"about":[{"href":"https:\/\/www.terresdevidalba.com\/es\/wp-json\/wp\/v2\/types\/product"}],"replies":[{"embeddable":true,"href":"https:\/\/www.terresdevidalba.com\/es\/wp-json\/wp\/v2\/comments?post=5877"}],"version-history":[{"count":3,"href":"https:\/\/www.terresdevidalba.com\/es\/wp-json\/wp\/v2\/product\/5877\/revisions"}],"predecessor-version":[{"id":5881,"href":"https:\/\/www.terresdevidalba.com\/es\/wp-json\/wp\/v2\/product\/5877\/revisions\/5881"}],"wp:featuredmedia":[{"embeddable":true,"href":"https:\/\/www.terresdevidalba.com\/es\/wp-json\/wp\/v2\/media\/3463"}],"wp:attachment":[{"href":"https:\/\/www.terresdevidalba.com\/es\/wp-json\/wp\/v2\/media?parent=5877"}],"wp:term":[{"taxonomy":"product_cat","embeddable":true,"href":"https:\/\/www.terresdevidalba.com\/es\/wp-json\/wp\/v2\/product_cat?post=5877"},{"taxonomy":"product_tag","embeddable":true,"href":"https:\/\/www.terresdevidalba.com\/es\/wp-json\/wp\/v2\/product_tag?post=5877"},{"taxonomy":"giftcard-category","embeddable":true,"href":"https:\/\/www.terresdevidalba.com\/es\/wp-json\/wp\/v2\/giftcard-category?post=5877"}],"curies":[{"name":"wp","href":"https:\/\/api.w.org\/{rel}","templated":true}]}}