{"id":5947,"date":"2025-12-09T11:14:28","date_gmt":"2025-12-09T11:14:28","guid":{"rendered":"https:\/\/www.terresdevidalba.com\/?post_type=product&#038;p=5947"},"modified":"2025-12-09T11:37:18","modified_gmt":"2025-12-09T11:37:18","slug":"lot-els-tres-reis-gran","status":"publish","type":"product","link":"https:\/\/www.terresdevidalba.com\/es\/botiga\/producte\/lot-els-tres-reis-gran\/","title":{"rendered":"Lot Els Tres Reis gran"},"content":{"rendered":"<div class=\"page\" title=\"Page 7\">\n<div class=\"section\">\n<div class=\"layoutArea\">\n<div class=\"column\">\n<div class=\"column\">\n<blockquote>\n<h3>El lot Els Tres Reis gran cont\u00e9:<\/h3>\n<ul>\n<li>2 ampolles de vi negre Vidalba 2016<\/li>\n<li>2 ampolles de vi blanc No t&#8217;ho dir\u00e9 2019<\/li>\n<li>2 ampolles de vi rosat No t&#8217;ho dir\u00e9 2020<\/li>\n<li>1 melmelada TOCS de regal<\/li>\n<\/ul>\n<\/blockquote>\n<\/div>\n<h4>Vidalba 2016<\/h4>\n<div class=\"column\">\n<p>L\u2019ess\u00e8ncia de Terres de Vidalba, la porta d\u2019entrada al nostre Priorat particular. Amb una combinaci\u00f3 \u00fanica de varietats curosament seleccionades, represento la frescor i la complexitat en la seva m\u00e0xima expressi\u00f3. El meu car\u00e0cter de vi negre s\u2019evidencia en la llicorella que em dota d\u2019una personalitat \u00fanica i distintiva que no deixa a ning\u00fa indiferent.<span style=\"font-weight: 400;\">La meva crian\u00e7a en barrica de roure franc\u00e8s durant mesos m&#8217;ha conferit una eleg\u00e0ncia i equilibri incomparables, mentre conservo la meva frescor i vitalitat. En boca, soc sabor\u00f3s i envolupant, amb una rica paleta de sabors que et portaran en un viatge sensorial inoblidable. El bon gust fet en vi.<\/span><\/p>\n<p>Consulta m\u00e9s informaci\u00f3 <a href=\"https:\/\/www.terresdevidalba.com\/producto\/vi-negre-vidalba\/\">aqu\u00ed<\/a>.<\/p>\n<h4>No t&#8217;ho dir\u00e9 blanc 2019<\/h4>\n<p>El meu secret? No t\u2019ho dir\u00e9\u2026 Fragant i equilibrat, el vi blanc de Terres de Vidalba. L\u2019encarregat de fer gaudir d\u2019una experi\u00e8ncia \u00fanica i captivadora. Amb un cur\u00f3s proc\u00e9s d\u2019elaboraci\u00f3, he estat concebut per a ressaltar la frescor i la complexitat dels meus aromes i sabors.<\/p>\n<p><span style=\"font-weight: 400;\">En cada glop trobar\u00e0s aromes c\u00edtrics i de fruites blanques fresques que t\u2019embolicaran en una experi\u00e8ncia refrescant que delitar\u00e0 els teus sentits. El meu final mineral i lleugerament amarg m\u2019aconsegueix convertir-me en l\u2019acompanyant perfecte per cada ocasi\u00f3. Podr\u00e0s resistir-te als meus dots seductors?<\/span><\/p>\n<p>Consulta m\u00e9s informaci\u00f3 <a href=\"https:\/\/www.terresdevidalba.com\/producto\/vi-blanc-no-tho-dire\/\">aqu\u00ed<\/a>.<\/p>\n<h4>No t&#8217;ho dir\u00e9 rosat 2020<\/h4>\n<\/div>\n<p><span style=\"font-weight: 400;\">L\u2019\u00e0nima de la festa, el confident dels moments alegres i vibrants. La meva elaboraci\u00f3 meticulosa desvetlla un perfil arom\u00e0tic \u00fanic que desplega notes seductores de fruits vermells i flors primaverals que treuen somriures als cors m\u00e9s durs. El secret de ser un vi rosat? No t\u2019ho dir\u00e9\u2026<\/span><\/p>\n<p><span style=\"font-weight: 400;\">Cada glop \u00e9s una explosi\u00f3 de frescor i vitalitat, amb un toc de rubor juvenil i una mineralitat distintiva que em distingeix i em fa inconfusible. La joventut feta vi, celebra la vida amb mi.<\/span><\/p>\n<\/div>\n<p>Consulta m\u00e9s informaci\u00f3 <a href=\"https:\/\/www.terresdevidalba.com\/producto\/vi-rosat-no-tho-dire-rosat\/\">aqu\u00ed<\/a>.<\/p>\n<div class=\"elementor-element elementor-element-14837874 elementor-widget elementor-widget-woocommerce-product-title elementor-page-title elementor-widget-heading\" data-id=\"14837874\" data-element_type=\"widget\" data-widget_type=\"woocommerce-product-title.default\">\n<div class=\"elementor-widget-container\">\n<h4 class=\"product_title entry-title elementor-heading-title elementor-size-default\">Melmelada TOCS<\/h4>\n<\/div>\n<\/div>\n<div class=\"elementor-element elementor-element-5731b46 elementor-widget elementor-widget-woocommerce-product-short-description\" data-id=\"5731b46\" data-element_type=\"widget\" data-widget_type=\"woocommerce-product-short-description.default\">\n<div class=\"elementor-widget-container\">\n<div class=\"woocommerce-product-details__short-description\">\n<p>La nostra passi\u00f3 per aquest territori vitivin\u00edcola ens impulsa a explorar nous horitzons: transformar la nostra pe\u00e7a de refer\u00e8ncia en innovadores textures i formats. La melmelada TOCS \u00e9s ideal per acompanyar formatges selectes, foie, amanides suculents, carns a la brasa o simplement gaudir-la d\u2019un bon pa artesanal. Descobreix la sofisticaci\u00f3 en cada mos. Els pots son de 150g.<\/p>\n<p>Consulta m\u00e9s informaci\u00f3 <a href=\"https:\/\/www.terresdevidalba.com\/botiga\/producte\/melmelada-tocs\/\"><strong>aqu\u00ed<\/strong><\/a>.<\/p>\n<\/div>\n<\/div>\n<\/div>\n<\/div>\n<\/div>\n<\/div>\n","protected":false},"excerpt":{"rendered":"<p><span style=\"font-weight: 400;\">Deixa\u2019t emportar per la versatilitat i l&#8217;eleg\u00e0ncia dels nostres essencials enol\u00f2gics. Seducci\u00f3, expressi\u00f3 i frescor en un trio incomparable que no pot faltar en en el teu rebost. Infinitat de possibilitats per combinar i maridar amb els teus \u00e0pats preferits.<\/span><\/p>\n<p>&nbsp;<\/p>\n<p>&nbsp;<\/p>\n","protected":false},"featured_media":5948,"comment_status":"closed","ping_status":"closed","template":"","meta":{"_acf_changed":false},"product_cat":[34,27],"product_tag":[],"giftcard-category":[],"class_list":{"0":"post-5947","1":"product","2":"type-product","3":"status-publish","4":"has-post-thumbnail","6":"product_cat-lots","7":"product_cat-vins","8":"product_shipping_class-4-6-ampolles","10":"first","11":"instock","12":"taxable","13":"shipping-taxable","14":"purchasable","15":"product-type-simple"},"acf":[],"yoast_head":"<!-- This site is optimized with the Yoast SEO plugin v23.9 - https:\/\/yoast.com\/wordpress\/plugins\/seo\/ -->\n<title>Lot Els Tres Reis gran - Terres de Vidalba<\/title>\n<meta name=\"description\" content=\"Descobreix la nostra trilogia enol\u00f2gica: els must de Terres de Vidalba. Seducci\u00f3, expressi\u00f3 i frescor. El trio que no pot faltar en el teu rebost!\" \/>\n<meta name=\"robots\" content=\"index, follow, max-snippet:-1, max-image-preview:large, max-video-preview:-1\" \/>\n<link rel=\"canonical\" href=\"https:\/\/www.terresdevidalba.com\/es\/botiga\/producte\/lot-els-tres-reis-gran\/\" \/>\n<meta property=\"og:locale\" content=\"es_ES\" \/>\n<meta property=\"og:type\" content=\"article\" \/>\n<meta property=\"og:title\" content=\"Lot Els Tres Reis gran - Terres de Vidalba\" \/>\n<meta property=\"og:description\" content=\"Descobreix la nostra trilogia enol\u00f2gica: els must de Terres de Vidalba. Seducci\u00f3, expressi\u00f3 i frescor. El trio que no pot faltar en el teu rebost!\" \/>\n<meta property=\"og:url\" content=\"https:\/\/www.terresdevidalba.com\/es\/botiga\/producte\/lot-els-tres-reis-gran\/\" \/>\n<meta property=\"og:site_name\" content=\"Terres de Vidalba\" \/>\n<meta property=\"article:modified_time\" content=\"2025-12-09T11:37:18+00:00\" \/>\n<meta property=\"og:image\" content=\"https:\/\/www.terresdevidalba.com\/wp-content\/uploads\/2025\/12\/els-tres-reis-gran.jpg\" \/>\n\t<meta property=\"og:image:width\" content=\"1500\" \/>\n\t<meta property=\"og:image:height\" content=\"1500\" \/>\n\t<meta property=\"og:image:type\" content=\"image\/jpeg\" \/>\n<meta name=\"twitter:card\" content=\"summary_large_image\" \/>\n<meta name=\"twitter:label1\" content=\"Tiempo de lectura\" \/>\n\t<meta name=\"twitter:data1\" content=\"3 minutos\" \/>\n<script type=\"application\/ld+json\" class=\"yoast-schema-graph\">{\"@context\":\"https:\/\/schema.org\",\"@graph\":[{\"@type\":\"WebPage\",\"@id\":\"https:\/\/www.terresdevidalba.com\/es\/botiga\/producte\/lot-els-tres-reis-gran\/\",\"url\":\"https:\/\/www.terresdevidalba.com\/es\/botiga\/producte\/lot-els-tres-reis-gran\/\",\"name\":\"Lot Els Tres Reis gran - Terres de Vidalba\",\"isPartOf\":{\"@id\":\"https:\/\/www.terresdevidalba.com\/es\/#website\"},\"primaryImageOfPage\":{\"@id\":\"https:\/\/www.terresdevidalba.com\/es\/botiga\/producte\/lot-els-tres-reis-gran\/#primaryimage\"},\"image\":{\"@id\":\"https:\/\/www.terresdevidalba.com\/es\/botiga\/producte\/lot-els-tres-reis-gran\/#primaryimage\"},\"thumbnailUrl\":\"https:\/\/www.terresdevidalba.com\/wp-content\/uploads\/2025\/12\/els-tres-reis-gran.jpg\",\"datePublished\":\"2025-12-09T11:14:28+00:00\",\"dateModified\":\"2025-12-09T11:37:18+00:00\",\"description\":\"Descobreix la nostra trilogia enol\u00f2gica: els must de Terres de Vidalba. Seducci\u00f3, expressi\u00f3 i frescor. El trio que no pot faltar en el teu rebost!\",\"breadcrumb\":{\"@id\":\"https:\/\/www.terresdevidalba.com\/es\/botiga\/producte\/lot-els-tres-reis-gran\/#breadcrumb\"},\"inLanguage\":\"es\",\"potentialAction\":[{\"@type\":\"ReadAction\",\"target\":[\"https:\/\/www.terresdevidalba.com\/es\/botiga\/producte\/lot-els-tres-reis-gran\/\"]}]},{\"@type\":\"ImageObject\",\"inLanguage\":\"es\",\"@id\":\"https:\/\/www.terresdevidalba.com\/es\/botiga\/producte\/lot-els-tres-reis-gran\/#primaryimage\",\"url\":\"https:\/\/www.terresdevidalba.com\/wp-content\/uploads\/2025\/12\/els-tres-reis-gran.jpg\",\"contentUrl\":\"https:\/\/www.terresdevidalba.com\/wp-content\/uploads\/2025\/12\/els-tres-reis-gran.jpg\",\"width\":1500,\"height\":1500},{\"@type\":\"BreadcrumbList\",\"@id\":\"https:\/\/www.terresdevidalba.com\/es\/botiga\/producte\/lot-els-tres-reis-gran\/#breadcrumb\",\"itemListElement\":[{\"@type\":\"ListItem\",\"position\":1,\"name\":\"Portada\",\"item\":\"https:\/\/www.terresdevidalba.com\/es\/\"},{\"@type\":\"ListItem\",\"position\":2,\"name\":\"Productos\",\"item\":\"https:\/\/www.terresdevidalba.com\/es\/shop\/\"},{\"@type\":\"ListItem\",\"position\":3,\"name\":\"Lot Els Tres Reis gran\"}]},{\"@type\":\"WebSite\",\"@id\":\"https:\/\/www.terresdevidalba.com\/es\/#website\",\"url\":\"https:\/\/www.terresdevidalba.com\/es\/\",\"name\":\"Terres de Vidalba\",\"description\":\"Celler familiar de Poboleda\",\"publisher\":{\"@id\":\"https:\/\/www.terresdevidalba.com\/es\/#organization\"},\"potentialAction\":[{\"@type\":\"SearchAction\",\"target\":{\"@type\":\"EntryPoint\",\"urlTemplate\":\"https:\/\/www.terresdevidalba.com\/es\/?s={search_term_string}\"},\"query-input\":{\"@type\":\"PropertyValueSpecification\",\"valueRequired\":true,\"valueName\":\"search_term_string\"}}],\"inLanguage\":\"es\"},{\"@type\":\"Organization\",\"@id\":\"https:\/\/www.terresdevidalba.com\/es\/#organization\",\"name\":\"Terres de Vidalba\",\"url\":\"https:\/\/www.terresdevidalba.com\/es\/\",\"logo\":{\"@type\":\"ImageObject\",\"inLanguage\":\"es\",\"@id\":\"https:\/\/www.terresdevidalba.com\/es\/#\/schema\/logo\/image\/\",\"url\":\"https:\/\/www.terresdevidalba.com\/wp-content\/uploads\/2023\/08\/logo-terres-DOQ-PhotoRoom.png-PhotoRoom.png\",\"contentUrl\":\"https:\/\/www.terresdevidalba.com\/wp-content\/uploads\/2023\/08\/logo-terres-DOQ-PhotoRoom.png-PhotoRoom.png\",\"width\":500,\"height\":290,\"caption\":\"Terres de Vidalba\"},\"image\":{\"@id\":\"https:\/\/www.terresdevidalba.com\/es\/#\/schema\/logo\/image\/\"}}]}<\/script>\n<!-- \/ Yoast SEO plugin. -->","yoast_head_json":{"title":"Lot Els Tres Reis gran - Terres de Vidalba","description":"Descobreix la nostra trilogia enol\u00f2gica: els must de Terres de Vidalba. Seducci\u00f3, expressi\u00f3 i frescor. El trio que no pot faltar en el teu rebost!","robots":{"index":"index","follow":"follow","max-snippet":"max-snippet:-1","max-image-preview":"max-image-preview:large","max-video-preview":"max-video-preview:-1"},"canonical":"https:\/\/www.terresdevidalba.com\/es\/botiga\/producte\/lot-els-tres-reis-gran\/","og_locale":"es_ES","og_type":"article","og_title":"Lot Els Tres Reis gran - Terres de Vidalba","og_description":"Descobreix la nostra trilogia enol\u00f2gica: els must de Terres de Vidalba. Seducci\u00f3, expressi\u00f3 i frescor. El trio que no pot faltar en el teu rebost!","og_url":"https:\/\/www.terresdevidalba.com\/es\/botiga\/producte\/lot-els-tres-reis-gran\/","og_site_name":"Terres de Vidalba","article_modified_time":"2025-12-09T11:37:18+00:00","og_image":[{"width":1500,"height":1500,"url":"https:\/\/www.terresdevidalba.com\/wp-content\/uploads\/2025\/12\/els-tres-reis-gran.jpg","type":"image\/jpeg"}],"twitter_card":"summary_large_image","twitter_misc":{"Tiempo de lectura":"3 minutos"},"schema":{"@context":"https:\/\/schema.org","@graph":[{"@type":"WebPage","@id":"https:\/\/www.terresdevidalba.com\/es\/botiga\/producte\/lot-els-tres-reis-gran\/","url":"https:\/\/www.terresdevidalba.com\/es\/botiga\/producte\/lot-els-tres-reis-gran\/","name":"Lot Els Tres Reis gran - Terres de Vidalba","isPartOf":{"@id":"https:\/\/www.terresdevidalba.com\/es\/#website"},"primaryImageOfPage":{"@id":"https:\/\/www.terresdevidalba.com\/es\/botiga\/producte\/lot-els-tres-reis-gran\/#primaryimage"},"image":{"@id":"https:\/\/www.terresdevidalba.com\/es\/botiga\/producte\/lot-els-tres-reis-gran\/#primaryimage"},"thumbnailUrl":"https:\/\/www.terresdevidalba.com\/wp-content\/uploads\/2025\/12\/els-tres-reis-gran.jpg","datePublished":"2025-12-09T11:14:28+00:00","dateModified":"2025-12-09T11:37:18+00:00","description":"Descobreix la nostra trilogia enol\u00f2gica: els must de Terres de Vidalba. Seducci\u00f3, expressi\u00f3 i frescor. El trio que no pot faltar en el teu rebost!","breadcrumb":{"@id":"https:\/\/www.terresdevidalba.com\/es\/botiga\/producte\/lot-els-tres-reis-gran\/#breadcrumb"},"inLanguage":"es","potentialAction":[{"@type":"ReadAction","target":["https:\/\/www.terresdevidalba.com\/es\/botiga\/producte\/lot-els-tres-reis-gran\/"]}]},{"@type":"ImageObject","inLanguage":"es","@id":"https:\/\/www.terresdevidalba.com\/es\/botiga\/producte\/lot-els-tres-reis-gran\/#primaryimage","url":"https:\/\/www.terresdevidalba.com\/wp-content\/uploads\/2025\/12\/els-tres-reis-gran.jpg","contentUrl":"https:\/\/www.terresdevidalba.com\/wp-content\/uploads\/2025\/12\/els-tres-reis-gran.jpg","width":1500,"height":1500},{"@type":"BreadcrumbList","@id":"https:\/\/www.terresdevidalba.com\/es\/botiga\/producte\/lot-els-tres-reis-gran\/#breadcrumb","itemListElement":[{"@type":"ListItem","position":1,"name":"Portada","item":"https:\/\/www.terresdevidalba.com\/es\/"},{"@type":"ListItem","position":2,"name":"Productos","item":"https:\/\/www.terresdevidalba.com\/es\/shop\/"},{"@type":"ListItem","position":3,"name":"Lot Els Tres Reis gran"}]},{"@type":"WebSite","@id":"https:\/\/www.terresdevidalba.com\/es\/#website","url":"https:\/\/www.terresdevidalba.com\/es\/","name":"Terres de Vidalba","description":"Celler familiar de Poboleda","publisher":{"@id":"https:\/\/www.terresdevidalba.com\/es\/#organization"},"potentialAction":[{"@type":"SearchAction","target":{"@type":"EntryPoint","urlTemplate":"https:\/\/www.terresdevidalba.com\/es\/?s={search_term_string}"},"query-input":{"@type":"PropertyValueSpecification","valueRequired":true,"valueName":"search_term_string"}}],"inLanguage":"es"},{"@type":"Organization","@id":"https:\/\/www.terresdevidalba.com\/es\/#organization","name":"Terres de Vidalba","url":"https:\/\/www.terresdevidalba.com\/es\/","logo":{"@type":"ImageObject","inLanguage":"es","@id":"https:\/\/www.terresdevidalba.com\/es\/#\/schema\/logo\/image\/","url":"https:\/\/www.terresdevidalba.com\/wp-content\/uploads\/2023\/08\/logo-terres-DOQ-PhotoRoom.png-PhotoRoom.png","contentUrl":"https:\/\/www.terresdevidalba.com\/wp-content\/uploads\/2023\/08\/logo-terres-DOQ-PhotoRoom.png-PhotoRoom.png","width":500,"height":290,"caption":"Terres de Vidalba"},"image":{"@id":"https:\/\/www.terresdevidalba.com\/es\/#\/schema\/logo\/image\/"}}]}},"_links":{"self":[{"href":"https:\/\/www.terresdevidalba.com\/es\/wp-json\/wp\/v2\/product\/5947","targetHints":{"allow":["GET"]}}],"collection":[{"href":"https:\/\/www.terresdevidalba.com\/es\/wp-json\/wp\/v2\/product"}],"about":[{"href":"https:\/\/www.terresdevidalba.com\/es\/wp-json\/wp\/v2\/types\/product"}],"replies":[{"embeddable":true,"href":"https:\/\/www.terresdevidalba.com\/es\/wp-json\/wp\/v2\/comments?post=5947"}],"version-history":[{"count":4,"href":"https:\/\/www.terresdevidalba.com\/es\/wp-json\/wp\/v2\/product\/5947\/revisions"}],"predecessor-version":[{"id":5963,"href":"https:\/\/www.terresdevidalba.com\/es\/wp-json\/wp\/v2\/product\/5947\/revisions\/5963"}],"wp:featuredmedia":[{"embeddable":true,"href":"https:\/\/www.terresdevidalba.com\/es\/wp-json\/wp\/v2\/media\/5948"}],"wp:attachment":[{"href":"https:\/\/www.terresdevidalba.com\/es\/wp-json\/wp\/v2\/media?parent=5947"}],"wp:term":[{"taxonomy":"product_cat","embeddable":true,"href":"https:\/\/www.terresdevidalba.com\/es\/wp-json\/wp\/v2\/product_cat?post=5947"},{"taxonomy":"product_tag","embeddable":true,"href":"https:\/\/www.terresdevidalba.com\/es\/wp-json\/wp\/v2\/product_tag?post=5947"},{"taxonomy":"giftcard-category","embeddable":true,"href":"https:\/\/www.terresdevidalba.com\/es\/wp-json\/wp\/v2\/giftcard-category?post=5947"}],"curies":[{"name":"wp","href":"https:\/\/api.w.org\/{rel}","templated":true}]}}